{"id":22804,"date":"2023-04-12T05:41:21","date_gmt":"2023-04-12T05:41:21","guid":{"rendered":"https:\/\/www.integra-sitek.ch\/competences\/ingenierie\/"},"modified":"2024-06-12T10:38:20","modified_gmt":"2024-06-12T10:38:20","slug":"ingenierie","status":"publish","type":"page","link":"https:\/\/www.integra-sitek.ch\/fr\/competences\/ingenierie\/","title":{"rendered":"Ing\u00e9nierie"},"content":{"rendered":"\t\t<div data-elementor-type=\"wp-page\" data-elementor-id=\"22804\" class=\"elementor elementor-22804 elementor-16339\" data-elementor-post-type=\"page\">\n\t\t\t\t\t\t<section class=\"elementor-section elementor-top-section elementor-element elementor-element-295e3d8 elementor-section-full_width elementor-section-height-min-height elementor-section-stretched header-section elementor-section-height-default elementor-section-items-middle\" data-id=\"295e3d8\" data-element_type=\"section\" data-e-type=\"section\" data-settings=\"{&quot;stretch_section&quot;:&quot;section-stretched&quot;}\">\n\t\t\t\t\t\t<div class=\"elementor-container elementor-column-gap-default\">\n\t\t\t\t\t<div class=\"elementor-column elementor-col-100 elementor-top-column elementor-element elementor-element-12c0714\" data-id=\"12c0714\" data-element_type=\"column\" data-e-type=\"column\" data-settings=\"{&quot;background_background&quot;:&quot;classic&quot;}\">\n\t\t\t<div class=\"elementor-widget-wrap elementor-element-populated\">\n\t\t\t\t\t\t<div class=\"elementor-element elementor-element-2e86197 elementor-widget elementor-widget-text-editor\" data-id=\"2e86197\" data-element_type=\"widget\" data-e-type=\"widget\" data-widget_type=\"text-editor.default\">\n\t\t\t\t<div class=\"elementor-widget-container\">\n\t\t\t\t\t\t\t\t\t<p>Technologies de pointe<br \/>et m\u00e9thode de travail agile<\/p>\n\t\t\t\t\t\t\t\t<\/div>\n\t\t\t\t<\/div>\n\t\t\t\t<div class=\"elementor-element elementor-element-dfb8bcd elementor-widget elementor-widget-text-editor\" data-id=\"dfb8bcd\" data-element_type=\"widget\" data-e-type=\"widget\" data-widget_type=\"text-editor.default\">\n\t\t\t\t<div class=\"elementor-widget-container\">\n\t\t\t\t\t\t\t\t\t<h2>INGENIERIE<\/h2>\n\t\t\t\t\t\t\t\t<\/div>\n\t\t\t\t<\/div>\n\t\t\t\t\t<\/div>\n\t\t<\/div>\n\t\t\t\t\t<\/div>\n\t\t<\/section>\n\t\t\t\t<section class=\"elementor-section elementor-top-section elementor-element elementor-element-0f67950 elementor-section-stretched elementor-section-boxed elementor-section-height-default elementor-section-height-default\" data-id=\"0f67950\" data-element_type=\"section\" data-e-type=\"section\" data-settings=\"{&quot;stretch_section&quot;:&quot;section-stretched&quot;,&quot;background_background&quot;:&quot;classic&quot;}\">\n\t\t\t\t\t\t<div class=\"elementor-container elementor-column-gap-default\">\n\t\t\t\t\t<div class=\"elementor-column elementor-col-50 elementor-top-column elementor-element elementor-element-fa460ee\" data-id=\"fa460ee\" data-element_type=\"column\" data-e-type=\"column\">\n\t\t\t<div class=\"elementor-widget-wrap elementor-element-populated\">\n\t\t\t\t\t\t<div class=\"elementor-element elementor-element-f87a3cd elementor-widget elementor-widget-image\" data-id=\"f87a3cd\" data-element_type=\"widget\" data-e-type=\"widget\" data-widget_type=\"image.default\">\n\t\t\t\t<div class=\"elementor-widget-container\">\n\t\t\t\t\t\t\t\t\t\t\t\t\t\t\t<img fetchpriority=\"high\" decoding=\"async\" width=\"1024\" height=\"683\" src=\"https:\/\/www.integra-sitek.ch\/wp-content\/uploads\/2023\/04\/engineering-1024x683.jpg\" class=\"attachment-large size-large wp-image-22330\" alt=\"\" srcset=\"https:\/\/www.integra-sitek.ch\/wp-content\/uploads\/2023\/04\/engineering-1024x683.jpg 1024w, https:\/\/www.integra-sitek.ch\/wp-content\/uploads\/2023\/04\/engineering-300x200.jpg 300w, https:\/\/www.integra-sitek.ch\/wp-content\/uploads\/2023\/04\/engineering-768x512.jpg 768w, https:\/\/www.integra-sitek.ch\/wp-content\/uploads\/2023\/04\/engineering-1536x1024.jpg 1536w, https:\/\/www.integra-sitek.ch\/wp-content\/uploads\/2023\/04\/engineering.jpg 1920w\" sizes=\"(max-width: 1024px) 100vw, 1024px\" \/>\t\t\t\t\t\t\t\t\t\t\t\t\t\t\t<\/div>\n\t\t\t\t<\/div>\n\t\t\t\t<div class=\"elementor-element elementor-element-2df3295 elementor-widget elementor-widget-spacer\" data-id=\"2df3295\" data-element_type=\"widget\" data-e-type=\"widget\" data-widget_type=\"spacer.default\">\n\t\t\t\t<div class=\"elementor-widget-container\">\n\t\t\t\t\t\t\t<div class=\"elementor-spacer\">\n\t\t\t<div class=\"elementor-spacer-inner\"><\/div>\n\t\t<\/div>\n\t\t\t\t\t\t<\/div>\n\t\t\t\t<\/div>\n\t\t\t\t<div class=\"elementor-element elementor-element-8385be0 elementor-widget elementor-widget-image\" data-id=\"8385be0\" data-element_type=\"widget\" data-e-type=\"widget\" data-widget_type=\"image.default\">\n\t\t\t\t<div class=\"elementor-widget-container\">\n\t\t\t\t\t\t\t\t\t\t\t\t\t\t\t<img decoding=\"async\" width=\"1024\" height=\"768\" src=\"https:\/\/www.integra-sitek.ch\/wp-content\/uploads\/2023\/11\/engineering-1024x768.png\" class=\"attachment-large size-large wp-image-22440\" alt=\"\" srcset=\"https:\/\/www.integra-sitek.ch\/wp-content\/uploads\/2023\/11\/engineering-1024x768.png 1024w, https:\/\/www.integra-sitek.ch\/wp-content\/uploads\/2023\/11\/engineering-300x225.png 300w, https:\/\/www.integra-sitek.ch\/wp-content\/uploads\/2023\/11\/engineering-768x576.png 768w, https:\/\/www.integra-sitek.ch\/wp-content\/uploads\/2023\/11\/engineering-1536x1152.png 1536w, https:\/\/www.integra-sitek.ch\/wp-content\/uploads\/2023\/11\/engineering-1280x960.png 1280w, https:\/\/www.integra-sitek.ch\/wp-content\/uploads\/2023\/11\/engineering-960x720.png 960w, https:\/\/www.integra-sitek.ch\/wp-content\/uploads\/2023\/11\/engineering-640x479.png 640w, https:\/\/www.integra-sitek.ch\/wp-content\/uploads\/2023\/11\/engineering-480x359.png 480w, https:\/\/www.integra-sitek.ch\/wp-content\/uploads\/2023\/11\/engineering-384x287.png 384w, https:\/\/www.integra-sitek.ch\/wp-content\/uploads\/2023\/11\/engineering-320x239.png 320w, https:\/\/www.integra-sitek.ch\/wp-content\/uploads\/2023\/11\/engineering.png 1671w\" sizes=\"(max-width: 1024px) 100vw, 1024px\" \/>\t\t\t\t\t\t\t\t\t\t\t\t\t\t\t<\/div>\n\t\t\t\t<\/div>\n\t\t\t\t\t<\/div>\n\t\t<\/div>\n\t\t\t\t<div class=\"elementor-column elementor-col-50 elementor-top-column elementor-element elementor-element-cad0b4b\" data-id=\"cad0b4b\" data-element_type=\"column\" data-e-type=\"column\">\n\t\t\t<div class=\"elementor-widget-wrap elementor-element-populated\">\n\t\t\t\t\t\t<div class=\"elementor-element elementor-element-398b4a6 elementor-widget elementor-widget-industrium_heading\" data-id=\"398b4a6\" data-element_type=\"widget\" data-e-type=\"widget\" data-widget_type=\"industrium_heading.default\">\n\t\t\t\t<div class=\"elementor-widget-container\">\n\t\t\t\t\t<div class=\"industrium-heading-widget\"><h2 class=\"industrium-heading\"><span class=\"industrium-heading-content\">INGENIERIE<\/span><\/h2><\/div>\t\t\t\t<\/div>\n\t\t\t\t<\/div>\n\t\t\t\t<div class=\"elementor-element elementor-element-9251bd4 elementor-widget elementor-widget-text-editor\" data-id=\"9251bd4\" data-element_type=\"widget\" data-e-type=\"widget\" data-widget_type=\"text-editor.default\">\n\t\t\t\t<div class=\"elementor-widget-container\">\n\t\t\t\t\t\t\t\t\t<p>L&rsquo;ing\u00e9nierie est un vaste domaine qui englobe de nombreuses industries et technologies. Chez Integra Sitek AG, nous vivons l&rsquo;ing\u00e9nierie comme le processus qui nous permet de mettre en \u0153uvre des projets complexes et de d\u00e9velopper des solutions innovantes pour nos clients.<\/p><p>Notre \u00e9quipe d\u00e9di\u00e9e d&rsquo;ing\u00e9nieurs et d&rsquo;experts techniques utilise des technologies et des outils de pointe pour d\u00e9velopper des produits et des solutions qui r\u00e9pondent aux normes les plus \u00e9lev\u00e9es. Nous misons sur une m\u00e9thode de travail agile et travaillons en \u00e9troite collaboration avec nos clients pour nous assurer que nous comprenons leurs exigences et fournissons la meilleure solution possible.<\/p><p>Notre processus d&rsquo;ing\u00e9nierie est adapt\u00e9 aux exigences sp\u00e9cifiques de chaque client. Nous commen\u00e7ons par une analyse approfondie du projet, puis d\u00e9veloppons un concept sur mesure, adapt\u00e9 aux besoins et objectifs sp\u00e9cifiques du client. Notre objectif est de nous assurer que le produit final r\u00e9pond aux exigences du client et d\u00e9passe ses attentes.<\/p><p>Chez Integra SITEK AG, nous travaillons avec un large \u00e9ventail de secteurs, notamment l&rsquo;\u00e9lectronique, la m\u00e9decine, la pharmacie, les t\u00e9l\u00e9communications, la construction d&rsquo;appareils, le second oeuvre du b\u00e2timent et bien d&rsquo;autres. Notre \u00e9quipe poss\u00e8de une vaste exp\u00e9rience dans le d\u00e9veloppement de produits et de solutions pour ces industries et peut s&rsquo;appuyer sur cette exp\u00e9rience pour obtenir les meilleurs r\u00e9sultats possibles.<\/p><p>Nous misons sur l&rsquo;am\u00e9lioration continue et l&rsquo;optimisation de nos processus d&rsquo;ing\u00e9nierie pour nous assurer que nous pouvons offrir les meilleures solutions \u00e0 nos clients. Nos ing\u00e9nieurs et techniciens sont toujours \u00e0 la pointe de la technologie et utilisent des technologies et des outils de pointe pour obtenir les meilleurs r\u00e9sultats.<\/p><p>Si vous \u00eates \u00e0 la recherche d&rsquo;un partenaire d&rsquo;ing\u00e9nierie exp\u00e9riment\u00e9 qui vous offre des solutions innovantes et un service de premi\u00e8re classe, contactez-nous. Nous nous ferons un plaisir de vous aider \u00e0 mener votre projet \u00e0 bien.<\/p>\t\t\t\t\t\t\t\t<\/div>\n\t\t\t\t<\/div>\n\t\t\t\t\t<\/div>\n\t\t<\/div>\n\t\t\t\t\t<\/div>\n\t\t<\/section>\n\t\t\t\t<\/div>\n\t\t","protected":false},"excerpt":{"rendered":"<p>Technologies de pointeet m\u00e9thode de travail agile INGENIERIE L&rsquo;ing\u00e9nierie est un vaste domaine qui englobe de nombreuses industries et technologies. Chez Integra Sitek AG, nous vivons l&rsquo;ing\u00e9nierie comme le processus qui nous permet de mettre en \u0153uvre des projets complexes et&#8230;<\/p>\n","protected":false},"author":1,"featured_media":0,"parent":22801,"menu_order":0,"comment_status":"closed","ping_status":"closed","template":"","meta":{"footnotes":""},"class_list":["post-22804","page","type-page","status-publish","hentry"],"yoast_head":"<!-- This site is optimized with the Yoast SEO Premium plugin v27.4 (Yoast SEO v27.4) - https:\/\/yoast.com\/product\/yoast-seo-premium-wordpress\/ -->\n<title>Ing\u00e9nierie - INTEGRA Sitek AG<\/title>\n<meta name=\"robots\" content=\"index, follow, max-snippet:-1, max-image-preview:large, max-video-preview:-1\" \/>\n<link rel=\"canonical\" href=\"https:\/\/www.integra-sitek.ch\/fr\/competences\/ingenierie\/\" \/>\n<meta property=\"og:locale\" content=\"fr_FR\" \/>\n<meta property=\"og:type\" content=\"article\" \/>\n<meta property=\"og:title\" content=\"Ing\u00e9nierie\" \/>\n<meta property=\"og:description\" content=\"Technologies de pointeet m\u00e9thode de travail agile INGENIERIE L&rsquo;ing\u00e9nierie est un vaste domaine qui englobe de nombreuses industries et technologies. Chez Integra Sitek AG, nous vivons l&rsquo;ing\u00e9nierie comme le processus qui nous permet de mettre en \u0153uvre des projets complexes et...\" \/>\n<meta property=\"og:url\" content=\"https:\/\/www.integra-sitek.ch\/fr\/competences\/ingenierie\/\" \/>\n<meta property=\"og:site_name\" content=\"INTEGRA Sitek AG\" \/>\n<meta property=\"article:modified_time\" content=\"2024-06-12T10:38:20+00:00\" \/>\n<meta property=\"og:image\" content=\"https:\/\/www.integra-sitek.ch\/wp-content\/uploads\/2023\/04\/engineering-1024x683.jpg\" \/>\n<meta name=\"twitter:card\" content=\"summary_large_image\" \/>\n<meta name=\"twitter:label1\" content=\"Dur\u00e9e de lecture estim\u00e9e\" \/>\n\t<meta name=\"twitter:data1\" content=\"2 minutes\" \/>\n<script type=\"application\/ld+json\" class=\"yoast-schema-graph\">{\"@context\":\"https:\\\/\\\/schema.org\",\"@graph\":[{\"@type\":\"WebPage\",\"@id\":\"https:\\\/\\\/www.integra-sitek.ch\\\/fr\\\/competences\\\/ingenierie\\\/\",\"url\":\"https:\\\/\\\/www.integra-sitek.ch\\\/fr\\\/competences\\\/ingenierie\\\/\",\"name\":\"Ing\u00e9nierie - INTEGRA Sitek AG\",\"isPartOf\":{\"@id\":\"https:\\\/\\\/www.integra-sitek.ch\\\/fr\\\/#website\"},\"primaryImageOfPage\":{\"@id\":\"https:\\\/\\\/www.integra-sitek.ch\\\/fr\\\/competences\\\/ingenierie\\\/#primaryimage\"},\"image\":{\"@id\":\"https:\\\/\\\/www.integra-sitek.ch\\\/fr\\\/competences\\\/ingenierie\\\/#primaryimage\"},\"thumbnailUrl\":\"https:\\\/\\\/www.integra-sitek.ch\\\/wp-content\\\/uploads\\\/2023\\\/04\\\/engineering-1024x683.jpg\",\"datePublished\":\"2023-04-12T05:41:21+00:00\",\"dateModified\":\"2024-06-12T10:38:20+00:00\",\"breadcrumb\":{\"@id\":\"https:\\\/\\\/www.integra-sitek.ch\\\/fr\\\/competences\\\/ingenierie\\\/#breadcrumb\"},\"inLanguage\":\"fr-FR\",\"potentialAction\":[{\"@type\":\"ReadAction\",\"target\":[\"https:\\\/\\\/www.integra-sitek.ch\\\/fr\\\/competences\\\/ingenierie\\\/\"]}]},{\"@type\":\"ImageObject\",\"inLanguage\":\"fr-FR\",\"@id\":\"https:\\\/\\\/www.integra-sitek.ch\\\/fr\\\/competences\\\/ingenierie\\\/#primaryimage\",\"url\":\"https:\\\/\\\/www.integra-sitek.ch\\\/wp-content\\\/uploads\\\/2023\\\/04\\\/engineering-1024x683.jpg\",\"contentUrl\":\"https:\\\/\\\/www.integra-sitek.ch\\\/wp-content\\\/uploads\\\/2023\\\/04\\\/engineering-1024x683.jpg\"},{\"@type\":\"BreadcrumbList\",\"@id\":\"https:\\\/\\\/www.integra-sitek.ch\\\/fr\\\/competences\\\/ingenierie\\\/#breadcrumb\",\"itemListElement\":[{\"@type\":\"ListItem\",\"position\":1,\"name\":\"Start\",\"item\":\"https:\\\/\\\/www.integra-sitek.ch\\\/fr\\\/\"},{\"@type\":\"ListItem\",\"position\":2,\"name\":\"Comp\u00e9tences\",\"item\":\"https:\\\/\\\/www.integra-sitek.ch\\\/fr\\\/competences\\\/\"},{\"@type\":\"ListItem\",\"position\":3,\"name\":\"Ing\u00e9nierie\"}]},{\"@type\":\"WebSite\",\"@id\":\"https:\\\/\\\/www.integra-sitek.ch\\\/fr\\\/#website\",\"url\":\"https:\\\/\\\/www.integra-sitek.ch\\\/fr\\\/\",\"name\":\"INTEGRA Sitek AG\",\"description\":\"Metalldrehteile, Kunststoffspritzgussteile, Baugruppen, Hybridkomponenten, Spritzgiessen, D\u00e9colletage, Montage\",\"publisher\":{\"@id\":\"https:\\\/\\\/www.integra-sitek.ch\\\/fr\\\/#organization\"},\"potentialAction\":[{\"@type\":\"SearchAction\",\"target\":{\"@type\":\"EntryPoint\",\"urlTemplate\":\"https:\\\/\\\/www.integra-sitek.ch\\\/fr\\\/?s={search_term_string}\"},\"query-input\":{\"@type\":\"PropertyValueSpecification\",\"valueRequired\":true,\"valueName\":\"search_term_string\"}}],\"inLanguage\":\"fr-FR\"},{\"@type\":\"Organization\",\"@id\":\"https:\\\/\\\/www.integra-sitek.ch\\\/fr\\\/#organization\",\"name\":\"INTEGRA Sitek AG\",\"url\":\"https:\\\/\\\/www.integra-sitek.ch\\\/fr\\\/\",\"logo\":{\"@type\":\"ImageObject\",\"inLanguage\":\"fr-FR\",\"@id\":\"https:\\\/\\\/www.integra-sitek.ch\\\/fr\\\/#\\\/schema\\\/logo\\\/image\\\/\",\"url\":\"https:\\\/\\\/www.integra-sitek.ch\\\/wp-content\\\/uploads\\\/2023\\\/03\\\/integra-sitek-logo.svg\",\"contentUrl\":\"https:\\\/\\\/www.integra-sitek.ch\\\/wp-content\\\/uploads\\\/2023\\\/03\\\/integra-sitek-logo.svg\",\"width\":154,\"height\":43,\"caption\":\"INTEGRA Sitek AG\"},\"image\":{\"@id\":\"https:\\\/\\\/www.integra-sitek.ch\\\/fr\\\/#\\\/schema\\\/logo\\\/image\\\/\"},\"sameAs\":[\"https:\\\/\\\/ch.linkedin.com\\\/company\\\/integra-sitek-ag\"]}]}<\/script>\n<!-- \/ Yoast SEO Premium plugin. -->","yoast_head_json":{"title":"Ing\u00e9nierie - INTEGRA Sitek AG","robots":{"index":"index","follow":"follow","max-snippet":"max-snippet:-1","max-image-preview":"max-image-preview:large","max-video-preview":"max-video-preview:-1"},"canonical":"https:\/\/www.integra-sitek.ch\/fr\/competences\/ingenierie\/","og_locale":"fr_FR","og_type":"article","og_title":"Ing\u00e9nierie","og_description":"Technologies de pointeet m\u00e9thode de travail agile INGENIERIE L&rsquo;ing\u00e9nierie est un vaste domaine qui englobe de nombreuses industries et technologies. Chez Integra Sitek AG, nous vivons l&rsquo;ing\u00e9nierie comme le processus qui nous permet de mettre en \u0153uvre des projets complexes et...","og_url":"https:\/\/www.integra-sitek.ch\/fr\/competences\/ingenierie\/","og_site_name":"INTEGRA Sitek AG","article_modified_time":"2024-06-12T10:38:20+00:00","og_image":[{"url":"https:\/\/www.integra-sitek.ch\/wp-content\/uploads\/2023\/04\/engineering-1024x683.jpg","type":"","width":"","height":""}],"twitter_card":"summary_large_image","twitter_misc":{"Dur\u00e9e de lecture estim\u00e9e":"2 minutes"},"schema":{"@context":"https:\/\/schema.org","@graph":[{"@type":"WebPage","@id":"https:\/\/www.integra-sitek.ch\/fr\/competences\/ingenierie\/","url":"https:\/\/www.integra-sitek.ch\/fr\/competences\/ingenierie\/","name":"Ing\u00e9nierie - INTEGRA Sitek AG","isPartOf":{"@id":"https:\/\/www.integra-sitek.ch\/fr\/#website"},"primaryImageOfPage":{"@id":"https:\/\/www.integra-sitek.ch\/fr\/competences\/ingenierie\/#primaryimage"},"image":{"@id":"https:\/\/www.integra-sitek.ch\/fr\/competences\/ingenierie\/#primaryimage"},"thumbnailUrl":"https:\/\/www.integra-sitek.ch\/wp-content\/uploads\/2023\/04\/engineering-1024x683.jpg","datePublished":"2023-04-12T05:41:21+00:00","dateModified":"2024-06-12T10:38:20+00:00","breadcrumb":{"@id":"https:\/\/www.integra-sitek.ch\/fr\/competences\/ingenierie\/#breadcrumb"},"inLanguage":"fr-FR","potentialAction":[{"@type":"ReadAction","target":["https:\/\/www.integra-sitek.ch\/fr\/competences\/ingenierie\/"]}]},{"@type":"ImageObject","inLanguage":"fr-FR","@id":"https:\/\/www.integra-sitek.ch\/fr\/competences\/ingenierie\/#primaryimage","url":"https:\/\/www.integra-sitek.ch\/wp-content\/uploads\/2023\/04\/engineering-1024x683.jpg","contentUrl":"https:\/\/www.integra-sitek.ch\/wp-content\/uploads\/2023\/04\/engineering-1024x683.jpg"},{"@type":"BreadcrumbList","@id":"https:\/\/www.integra-sitek.ch\/fr\/competences\/ingenierie\/#breadcrumb","itemListElement":[{"@type":"ListItem","position":1,"name":"Start","item":"https:\/\/www.integra-sitek.ch\/fr\/"},{"@type":"ListItem","position":2,"name":"Comp\u00e9tences","item":"https:\/\/www.integra-sitek.ch\/fr\/competences\/"},{"@type":"ListItem","position":3,"name":"Ing\u00e9nierie"}]},{"@type":"WebSite","@id":"https:\/\/www.integra-sitek.ch\/fr\/#website","url":"https:\/\/www.integra-sitek.ch\/fr\/","name":"INTEGRA Sitek AG","description":"Metalldrehteile, Kunststoffspritzgussteile, Baugruppen, Hybridkomponenten, Spritzgiessen, D\u00e9colletage, Montage","publisher":{"@id":"https:\/\/www.integra-sitek.ch\/fr\/#organization"},"potentialAction":[{"@type":"SearchAction","target":{"@type":"EntryPoint","urlTemplate":"https:\/\/www.integra-sitek.ch\/fr\/?s={search_term_string}"},"query-input":{"@type":"PropertyValueSpecification","valueRequired":true,"valueName":"search_term_string"}}],"inLanguage":"fr-FR"},{"@type":"Organization","@id":"https:\/\/www.integra-sitek.ch\/fr\/#organization","name":"INTEGRA Sitek AG","url":"https:\/\/www.integra-sitek.ch\/fr\/","logo":{"@type":"ImageObject","inLanguage":"fr-FR","@id":"https:\/\/www.integra-sitek.ch\/fr\/#\/schema\/logo\/image\/","url":"https:\/\/www.integra-sitek.ch\/wp-content\/uploads\/2023\/03\/integra-sitek-logo.svg","contentUrl":"https:\/\/www.integra-sitek.ch\/wp-content\/uploads\/2023\/03\/integra-sitek-logo.svg","width":154,"height":43,"caption":"INTEGRA Sitek AG"},"image":{"@id":"https:\/\/www.integra-sitek.ch\/fr\/#\/schema\/logo\/image\/"},"sameAs":["https:\/\/ch.linkedin.com\/company\/integra-sitek-ag"]}]}},"_links":{"self":[{"href":"https:\/\/www.integra-sitek.ch\/fr\/wp-json\/wp\/v2\/pages\/22804","targetHints":{"allow":["GET"]}}],"collection":[{"href":"https:\/\/www.integra-sitek.ch\/fr\/wp-json\/wp\/v2\/pages"}],"about":[{"href":"https:\/\/www.integra-sitek.ch\/fr\/wp-json\/wp\/v2\/types\/page"}],"author":[{"embeddable":true,"href":"https:\/\/www.integra-sitek.ch\/fr\/wp-json\/wp\/v2\/users\/1"}],"replies":[{"embeddable":true,"href":"https:\/\/www.integra-sitek.ch\/fr\/wp-json\/wp\/v2\/comments?post=22804"}],"version-history":[{"count":4,"href":"https:\/\/www.integra-sitek.ch\/fr\/wp-json\/wp\/v2\/pages\/22804\/revisions"}],"predecessor-version":[{"id":23275,"href":"https:\/\/www.integra-sitek.ch\/fr\/wp-json\/wp\/v2\/pages\/22804\/revisions\/23275"}],"up":[{"embeddable":true,"href":"https:\/\/www.integra-sitek.ch\/fr\/wp-json\/wp\/v2\/pages\/22801"}],"wp:attachment":[{"href":"https:\/\/www.integra-sitek.ch\/fr\/wp-json\/wp\/v2\/media?parent=22804"}],"curies":[{"name":"wp","href":"https:\/\/api.w.org\/{rel}","templated":true}]}}