{"id":22806,"date":"2023-04-12T06:03:27","date_gmt":"2023-04-12T06:03:27","guid":{"rendered":"https:\/\/www.integra-sitek.ch\/competences\/prototypes\/"},"modified":"2024-06-12T10:38:37","modified_gmt":"2024-06-12T10:38:37","slug":"prototypes","status":"publish","type":"page","link":"https:\/\/www.integra-sitek.ch\/fr\/competences\/prototypes\/","title":{"rendered":"Prototypes"},"content":{"rendered":"\t\t<div data-elementor-type=\"wp-page\" data-elementor-id=\"22806\" class=\"elementor elementor-22806 elementor-16342\" data-elementor-post-type=\"page\">\n\t\t\t\t\t\t<section class=\"elementor-section elementor-top-section elementor-element elementor-element-a8b92de elementor-section-full_width elementor-section-height-min-height elementor-section-stretched header-section elementor-section-height-default elementor-section-items-middle\" data-id=\"a8b92de\" data-element_type=\"section\" data-e-type=\"section\" data-settings=\"{&quot;stretch_section&quot;:&quot;section-stretched&quot;}\">\n\t\t\t\t\t\t<div class=\"elementor-container elementor-column-gap-default\">\n\t\t\t\t\t<div class=\"elementor-column elementor-col-100 elementor-top-column elementor-element elementor-element-3363055\" data-id=\"3363055\" data-element_type=\"column\" data-e-type=\"column\" data-settings=\"{&quot;background_background&quot;:&quot;classic&quot;}\">\n\t\t\t<div class=\"elementor-widget-wrap elementor-element-populated\">\n\t\t\t\t\t\t<div class=\"elementor-element elementor-element-283e7f6 elementor-widget elementor-widget-text-editor\" data-id=\"283e7f6\" data-element_type=\"widget\" data-e-type=\"widget\" data-widget_type=\"text-editor.default\">\n\t\t\t\t<div class=\"elementor-widget-container\">\n\t\t\t\t\t\t\t\t\t<p>Impression 3D et<br \/>Usinage CNC<\/p>\n\t\t\t\t\t\t\t\t<\/div>\n\t\t\t\t<\/div>\n\t\t\t\t<div class=\"elementor-element elementor-element-0468f63 elementor-widget elementor-widget-text-editor\" data-id=\"0468f63\" data-element_type=\"widget\" data-e-type=\"widget\" data-widget_type=\"text-editor.default\">\n\t\t\t\t<div class=\"elementor-widget-container\">\n\t\t\t\t\t\t\t\t\t<h2>PROTOTYPES<\/h2>\n\t\t\t\t\t\t\t\t<\/div>\n\t\t\t\t<\/div>\n\t\t\t\t\t<\/div>\n\t\t<\/div>\n\t\t\t\t\t<\/div>\n\t\t<\/section>\n\t\t\t\t<section class=\"elementor-section elementor-top-section elementor-element elementor-element-754ea19 elementor-section-stretched elementor-section-boxed elementor-section-height-default elementor-section-height-default\" data-id=\"754ea19\" data-element_type=\"section\" data-e-type=\"section\" data-settings=\"{&quot;stretch_section&quot;:&quot;section-stretched&quot;,&quot;background_background&quot;:&quot;classic&quot;}\">\n\t\t\t\t\t\t<div class=\"elementor-container elementor-column-gap-default\">\n\t\t\t\t\t<div class=\"elementor-column elementor-col-50 elementor-top-column elementor-element elementor-element-77f9b7e\" data-id=\"77f9b7e\" data-element_type=\"column\" data-e-type=\"column\">\n\t\t\t<div class=\"elementor-widget-wrap elementor-element-populated\">\n\t\t\t\t\t\t<div class=\"elementor-element elementor-element-ae54c15 elementor-widget elementor-widget-image\" data-id=\"ae54c15\" data-element_type=\"widget\" data-e-type=\"widget\" data-widget_type=\"image.default\">\n\t\t\t\t<div class=\"elementor-widget-container\">\n\t\t\t\t\t\t\t\t\t\t\t\t\t\t\t<img fetchpriority=\"high\" decoding=\"async\" width=\"1024\" height=\"682\" src=\"https:\/\/www.integra-sitek.ch\/wp-content\/uploads\/2024\/01\/3D-Printer-1024x682.jpg\" class=\"attachment-large size-large wp-image-22650\" alt=\"\" srcset=\"https:\/\/www.integra-sitek.ch\/wp-content\/uploads\/2024\/01\/3D-Printer-1024x682.jpg 1024w, https:\/\/www.integra-sitek.ch\/wp-content\/uploads\/2024\/01\/3D-Printer-300x200.jpg 300w, https:\/\/www.integra-sitek.ch\/wp-content\/uploads\/2024\/01\/3D-Printer-768x512.jpg 768w, https:\/\/www.integra-sitek.ch\/wp-content\/uploads\/2024\/01\/3D-Printer.jpg 1280w\" sizes=\"(max-width: 1024px) 100vw, 1024px\" \/>\t\t\t\t\t\t\t\t\t\t\t\t\t\t\t<\/div>\n\t\t\t\t<\/div>\n\t\t\t\t\t<\/div>\n\t\t<\/div>\n\t\t\t\t<div class=\"elementor-column elementor-col-50 elementor-top-column elementor-element elementor-element-b67c04d\" data-id=\"b67c04d\" data-element_type=\"column\" data-e-type=\"column\">\n\t\t\t<div class=\"elementor-widget-wrap elementor-element-populated\">\n\t\t\t\t\t\t<div class=\"elementor-element elementor-element-d55359e elementor-widget elementor-widget-industrium_heading\" data-id=\"d55359e\" data-element_type=\"widget\" data-e-type=\"widget\" data-widget_type=\"industrium_heading.default\">\n\t\t\t\t<div class=\"elementor-widget-container\">\n\t\t\t\t\t<div class=\"industrium-heading-widget\"><h2 class=\"industrium-heading\"><span class=\"industrium-heading-content\">PROTOTYPES<\/span><\/h2><\/div>\t\t\t\t<\/div>\n\t\t\t\t<\/div>\n\t\t\t\t<div class=\"elementor-element elementor-element-2a49573 elementor-widget elementor-widget-text-editor\" data-id=\"2a49573\" data-element_type=\"widget\" data-e-type=\"widget\" data-widget_type=\"text-editor.default\">\n\t\t\t\t<div class=\"elementor-widget-container\">\n\t\t\t\t\t\t\t\t\t<p>Notre offre de d\u00e9veloppement de prototypes et d&rsquo;\u00e9chantillons comprend \u00e0 la fois la production de pi\u00e8ces en interne et la coop\u00e9ration avec nos partenaires. Nous disposons de machines et d&rsquo;\u00e9quipements de pointe pour fabriquer des pi\u00e8ces par impression 3D et usinage CNC.<\/p><p>Lorsqu&rsquo;il s&rsquo;agit de grandes quantit\u00e9s ou de processus de fabrication sp\u00e9cialis\u00e9s, nous travaillons en \u00e9troite collaboration avec nos partenaires exp\u00e9riment\u00e9s pour nous assurer que nous pouvons offrir la meilleure solution possible \u00e0 nos clients.<\/p><p>Nous sommes fiers d&rsquo;offrir \u00e0 nos clients des livraisons rapides et fiables de prototypes de haute qualit\u00e9 et d&rsquo;\u00e9chantillons d&rsquo;impression 3D qui r\u00e9pondent \u00e0 leurs besoins. Contactez-nous d\u00e8s aujourd&rsquo;hui pour savoir comment nous pouvons vous aider dans le d\u00e9veloppement de vos produits.<\/p>\t\t\t\t\t\t\t\t<\/div>\n\t\t\t\t<\/div>\n\t\t\t\t\t<\/div>\n\t\t<\/div>\n\t\t\t\t\t<\/div>\n\t\t<\/section>\n\t\t\t\t<\/div>\n\t\t","protected":false},"excerpt":{"rendered":"<p>Impression 3D etUsinage CNC PROTOTYPES Notre offre de d\u00e9veloppement de prototypes et d&rsquo;\u00e9chantillons comprend \u00e0 la fois la production de pi\u00e8ces en interne et la coop\u00e9ration avec nos partenaires. Nous disposons de machines et d&rsquo;\u00e9quipements de pointe pour fabriquer des pi\u00e8ces&#8230;<\/p>\n","protected":false},"author":1,"featured_media":0,"parent":22801,"menu_order":0,"comment_status":"closed","ping_status":"closed","template":"","meta":{"footnotes":""},"class_list":["post-22806","page","type-page","status-publish","hentry"],"yoast_head":"<!-- This site is optimized with the Yoast SEO Premium plugin v27.4 (Yoast SEO v27.4) - https:\/\/yoast.com\/product\/yoast-seo-premium-wordpress\/ -->\n<title>Prototypes - INTEGRA Sitek AG<\/title>\n<meta name=\"robots\" content=\"index, follow, max-snippet:-1, max-image-preview:large, max-video-preview:-1\" \/>\n<link rel=\"canonical\" href=\"https:\/\/www.integra-sitek.ch\/fr\/competences\/prototypes\/\" \/>\n<meta property=\"og:locale\" content=\"fr_FR\" \/>\n<meta property=\"og:type\" content=\"article\" \/>\n<meta property=\"og:title\" content=\"Prototypes\" \/>\n<meta property=\"og:description\" content=\"Impression 3D etUsinage CNC PROTOTYPES Notre offre de d\u00e9veloppement de prototypes et d&rsquo;\u00e9chantillons comprend \u00e0 la fois la production de pi\u00e8ces en interne et la coop\u00e9ration avec nos partenaires. Nous disposons de machines et d&rsquo;\u00e9quipements de pointe pour fabriquer des pi\u00e8ces...\" \/>\n<meta property=\"og:url\" content=\"https:\/\/www.integra-sitek.ch\/fr\/competences\/prototypes\/\" \/>\n<meta property=\"og:site_name\" content=\"INTEGRA Sitek AG\" \/>\n<meta property=\"article:modified_time\" content=\"2024-06-12T10:38:37+00:00\" \/>\n<meta property=\"og:image\" content=\"https:\/\/www.integra-sitek.ch\/wp-content\/uploads\/2024\/01\/3D-Printer-1024x682.jpg\" \/>\n<meta name=\"twitter:card\" content=\"summary_large_image\" \/>\n<meta name=\"twitter:label1\" content=\"Dur\u00e9e de lecture estim\u00e9e\" \/>\n\t<meta name=\"twitter:data1\" content=\"1 minute\" \/>\n<script type=\"application\/ld+json\" class=\"yoast-schema-graph\">{\"@context\":\"https:\\\/\\\/schema.org\",\"@graph\":[{\"@type\":\"WebPage\",\"@id\":\"https:\\\/\\\/www.integra-sitek.ch\\\/fr\\\/competences\\\/prototypes\\\/\",\"url\":\"https:\\\/\\\/www.integra-sitek.ch\\\/fr\\\/competences\\\/prototypes\\\/\",\"name\":\"Prototypes - INTEGRA Sitek AG\",\"isPartOf\":{\"@id\":\"https:\\\/\\\/www.integra-sitek.ch\\\/fr\\\/#website\"},\"primaryImageOfPage\":{\"@id\":\"https:\\\/\\\/www.integra-sitek.ch\\\/fr\\\/competences\\\/prototypes\\\/#primaryimage\"},\"image\":{\"@id\":\"https:\\\/\\\/www.integra-sitek.ch\\\/fr\\\/competences\\\/prototypes\\\/#primaryimage\"},\"thumbnailUrl\":\"https:\\\/\\\/www.integra-sitek.ch\\\/wp-content\\\/uploads\\\/2024\\\/01\\\/3D-Printer-1024x682.jpg\",\"datePublished\":\"2023-04-12T06:03:27+00:00\",\"dateModified\":\"2024-06-12T10:38:37+00:00\",\"breadcrumb\":{\"@id\":\"https:\\\/\\\/www.integra-sitek.ch\\\/fr\\\/competences\\\/prototypes\\\/#breadcrumb\"},\"inLanguage\":\"fr-FR\",\"potentialAction\":[{\"@type\":\"ReadAction\",\"target\":[\"https:\\\/\\\/www.integra-sitek.ch\\\/fr\\\/competences\\\/prototypes\\\/\"]}]},{\"@type\":\"ImageObject\",\"inLanguage\":\"fr-FR\",\"@id\":\"https:\\\/\\\/www.integra-sitek.ch\\\/fr\\\/competences\\\/prototypes\\\/#primaryimage\",\"url\":\"https:\\\/\\\/www.integra-sitek.ch\\\/wp-content\\\/uploads\\\/2024\\\/01\\\/3D-Printer-1024x682.jpg\",\"contentUrl\":\"https:\\\/\\\/www.integra-sitek.ch\\\/wp-content\\\/uploads\\\/2024\\\/01\\\/3D-Printer-1024x682.jpg\"},{\"@type\":\"BreadcrumbList\",\"@id\":\"https:\\\/\\\/www.integra-sitek.ch\\\/fr\\\/competences\\\/prototypes\\\/#breadcrumb\",\"itemListElement\":[{\"@type\":\"ListItem\",\"position\":1,\"name\":\"Start\",\"item\":\"https:\\\/\\\/www.integra-sitek.ch\\\/fr\\\/\"},{\"@type\":\"ListItem\",\"position\":2,\"name\":\"Comp\u00e9tences\",\"item\":\"https:\\\/\\\/www.integra-sitek.ch\\\/fr\\\/competences\\\/\"},{\"@type\":\"ListItem\",\"position\":3,\"name\":\"Prototypes\"}]},{\"@type\":\"WebSite\",\"@id\":\"https:\\\/\\\/www.integra-sitek.ch\\\/fr\\\/#website\",\"url\":\"https:\\\/\\\/www.integra-sitek.ch\\\/fr\\\/\",\"name\":\"INTEGRA Sitek AG\",\"description\":\"Metalldrehteile, Kunststoffspritzgussteile, Baugruppen, Hybridkomponenten, Spritzgiessen, D\u00e9colletage, Montage\",\"publisher\":{\"@id\":\"https:\\\/\\\/www.integra-sitek.ch\\\/fr\\\/#organization\"},\"potentialAction\":[{\"@type\":\"SearchAction\",\"target\":{\"@type\":\"EntryPoint\",\"urlTemplate\":\"https:\\\/\\\/www.integra-sitek.ch\\\/fr\\\/?s={search_term_string}\"},\"query-input\":{\"@type\":\"PropertyValueSpecification\",\"valueRequired\":true,\"valueName\":\"search_term_string\"}}],\"inLanguage\":\"fr-FR\"},{\"@type\":\"Organization\",\"@id\":\"https:\\\/\\\/www.integra-sitek.ch\\\/fr\\\/#organization\",\"name\":\"INTEGRA Sitek AG\",\"url\":\"https:\\\/\\\/www.integra-sitek.ch\\\/fr\\\/\",\"logo\":{\"@type\":\"ImageObject\",\"inLanguage\":\"fr-FR\",\"@id\":\"https:\\\/\\\/www.integra-sitek.ch\\\/fr\\\/#\\\/schema\\\/logo\\\/image\\\/\",\"url\":\"https:\\\/\\\/www.integra-sitek.ch\\\/wp-content\\\/uploads\\\/2023\\\/03\\\/integra-sitek-logo.svg\",\"contentUrl\":\"https:\\\/\\\/www.integra-sitek.ch\\\/wp-content\\\/uploads\\\/2023\\\/03\\\/integra-sitek-logo.svg\",\"width\":154,\"height\":43,\"caption\":\"INTEGRA Sitek AG\"},\"image\":{\"@id\":\"https:\\\/\\\/www.integra-sitek.ch\\\/fr\\\/#\\\/schema\\\/logo\\\/image\\\/\"},\"sameAs\":[\"https:\\\/\\\/ch.linkedin.com\\\/company\\\/integra-sitek-ag\"]}]}<\/script>\n<!-- \/ Yoast SEO Premium plugin. -->","yoast_head_json":{"title":"Prototypes - INTEGRA Sitek AG","robots":{"index":"index","follow":"follow","max-snippet":"max-snippet:-1","max-image-preview":"max-image-preview:large","max-video-preview":"max-video-preview:-1"},"canonical":"https:\/\/www.integra-sitek.ch\/fr\/competences\/prototypes\/","og_locale":"fr_FR","og_type":"article","og_title":"Prototypes","og_description":"Impression 3D etUsinage CNC PROTOTYPES Notre offre de d\u00e9veloppement de prototypes et d&rsquo;\u00e9chantillons comprend \u00e0 la fois la production de pi\u00e8ces en interne et la coop\u00e9ration avec nos partenaires. Nous disposons de machines et d&rsquo;\u00e9quipements de pointe pour fabriquer des pi\u00e8ces...","og_url":"https:\/\/www.integra-sitek.ch\/fr\/competences\/prototypes\/","og_site_name":"INTEGRA Sitek AG","article_modified_time":"2024-06-12T10:38:37+00:00","og_image":[{"url":"https:\/\/www.integra-sitek.ch\/wp-content\/uploads\/2024\/01\/3D-Printer-1024x682.jpg","type":"","width":"","height":""}],"twitter_card":"summary_large_image","twitter_misc":{"Dur\u00e9e de lecture estim\u00e9e":"1 minute"},"schema":{"@context":"https:\/\/schema.org","@graph":[{"@type":"WebPage","@id":"https:\/\/www.integra-sitek.ch\/fr\/competences\/prototypes\/","url":"https:\/\/www.integra-sitek.ch\/fr\/competences\/prototypes\/","name":"Prototypes - INTEGRA Sitek AG","isPartOf":{"@id":"https:\/\/www.integra-sitek.ch\/fr\/#website"},"primaryImageOfPage":{"@id":"https:\/\/www.integra-sitek.ch\/fr\/competences\/prototypes\/#primaryimage"},"image":{"@id":"https:\/\/www.integra-sitek.ch\/fr\/competences\/prototypes\/#primaryimage"},"thumbnailUrl":"https:\/\/www.integra-sitek.ch\/wp-content\/uploads\/2024\/01\/3D-Printer-1024x682.jpg","datePublished":"2023-04-12T06:03:27+00:00","dateModified":"2024-06-12T10:38:37+00:00","breadcrumb":{"@id":"https:\/\/www.integra-sitek.ch\/fr\/competences\/prototypes\/#breadcrumb"},"inLanguage":"fr-FR","potentialAction":[{"@type":"ReadAction","target":["https:\/\/www.integra-sitek.ch\/fr\/competences\/prototypes\/"]}]},{"@type":"ImageObject","inLanguage":"fr-FR","@id":"https:\/\/www.integra-sitek.ch\/fr\/competences\/prototypes\/#primaryimage","url":"https:\/\/www.integra-sitek.ch\/wp-content\/uploads\/2024\/01\/3D-Printer-1024x682.jpg","contentUrl":"https:\/\/www.integra-sitek.ch\/wp-content\/uploads\/2024\/01\/3D-Printer-1024x682.jpg"},{"@type":"BreadcrumbList","@id":"https:\/\/www.integra-sitek.ch\/fr\/competences\/prototypes\/#breadcrumb","itemListElement":[{"@type":"ListItem","position":1,"name":"Start","item":"https:\/\/www.integra-sitek.ch\/fr\/"},{"@type":"ListItem","position":2,"name":"Comp\u00e9tences","item":"https:\/\/www.integra-sitek.ch\/fr\/competences\/"},{"@type":"ListItem","position":3,"name":"Prototypes"}]},{"@type":"WebSite","@id":"https:\/\/www.integra-sitek.ch\/fr\/#website","url":"https:\/\/www.integra-sitek.ch\/fr\/","name":"INTEGRA Sitek AG","description":"Metalldrehteile, Kunststoffspritzgussteile, Baugruppen, Hybridkomponenten, Spritzgiessen, D\u00e9colletage, Montage","publisher":{"@id":"https:\/\/www.integra-sitek.ch\/fr\/#organization"},"potentialAction":[{"@type":"SearchAction","target":{"@type":"EntryPoint","urlTemplate":"https:\/\/www.integra-sitek.ch\/fr\/?s={search_term_string}"},"query-input":{"@type":"PropertyValueSpecification","valueRequired":true,"valueName":"search_term_string"}}],"inLanguage":"fr-FR"},{"@type":"Organization","@id":"https:\/\/www.integra-sitek.ch\/fr\/#organization","name":"INTEGRA Sitek AG","url":"https:\/\/www.integra-sitek.ch\/fr\/","logo":{"@type":"ImageObject","inLanguage":"fr-FR","@id":"https:\/\/www.integra-sitek.ch\/fr\/#\/schema\/logo\/image\/","url":"https:\/\/www.integra-sitek.ch\/wp-content\/uploads\/2023\/03\/integra-sitek-logo.svg","contentUrl":"https:\/\/www.integra-sitek.ch\/wp-content\/uploads\/2023\/03\/integra-sitek-logo.svg","width":154,"height":43,"caption":"INTEGRA Sitek AG"},"image":{"@id":"https:\/\/www.integra-sitek.ch\/fr\/#\/schema\/logo\/image\/"},"sameAs":["https:\/\/ch.linkedin.com\/company\/integra-sitek-ag"]}]}},"_links":{"self":[{"href":"https:\/\/www.integra-sitek.ch\/fr\/wp-json\/wp\/v2\/pages\/22806","targetHints":{"allow":["GET"]}}],"collection":[{"href":"https:\/\/www.integra-sitek.ch\/fr\/wp-json\/wp\/v2\/pages"}],"about":[{"href":"https:\/\/www.integra-sitek.ch\/fr\/wp-json\/wp\/v2\/types\/page"}],"author":[{"embeddable":true,"href":"https:\/\/www.integra-sitek.ch\/fr\/wp-json\/wp\/v2\/users\/1"}],"replies":[{"embeddable":true,"href":"https:\/\/www.integra-sitek.ch\/fr\/wp-json\/wp\/v2\/comments?post=22806"}],"version-history":[{"count":4,"href":"https:\/\/www.integra-sitek.ch\/fr\/wp-json\/wp\/v2\/pages\/22806\/revisions"}],"predecessor-version":[{"id":23278,"href":"https:\/\/www.integra-sitek.ch\/fr\/wp-json\/wp\/v2\/pages\/22806\/revisions\/23278"}],"up":[{"embeddable":true,"href":"https:\/\/www.integra-sitek.ch\/fr\/wp-json\/wp\/v2\/pages\/22801"}],"wp:attachment":[{"href":"https:\/\/www.integra-sitek.ch\/fr\/wp-json\/wp\/v2\/media?parent=22806"}],"curies":[{"name":"wp","href":"https:\/\/api.w.org\/{rel}","templated":true}]}}