{"id":22810,"date":"2023-04-12T06:25:15","date_gmt":"2023-04-12T06:25:15","guid":{"rendered":"https:\/\/www.integra-sitek.ch\/competences\/industrialisation\/"},"modified":"2024-06-12T10:38:05","modified_gmt":"2024-06-12T10:38:05","slug":"industrialisation","status":"publish","type":"page","link":"https:\/\/www.integra-sitek.ch\/fr\/competences\/industrialisation\/","title":{"rendered":"Industrialisation"},"content":{"rendered":"\t\t<div data-elementor-type=\"wp-page\" data-elementor-id=\"22810\" class=\"elementor elementor-22810 elementor-16354\" data-elementor-post-type=\"page\">\n\t\t\t\t\t\t<section class=\"elementor-section elementor-top-section elementor-element elementor-element-7a3af49 elementor-section-full_width elementor-section-height-min-height elementor-section-stretched header-section elementor-section-height-default elementor-section-items-middle\" data-id=\"7a3af49\" data-element_type=\"section\" data-e-type=\"section\" data-settings=\"{&quot;stretch_section&quot;:&quot;section-stretched&quot;}\">\n\t\t\t\t\t\t<div class=\"elementor-container elementor-column-gap-default\">\n\t\t\t\t\t<div class=\"elementor-column elementor-col-100 elementor-top-column elementor-element elementor-element-254ca87\" data-id=\"254ca87\" data-element_type=\"column\" data-e-type=\"column\" data-settings=\"{&quot;background_background&quot;:&quot;classic&quot;}\">\n\t\t\t<div class=\"elementor-widget-wrap elementor-element-populated\">\n\t\t\t\t\t\t<div class=\"elementor-element elementor-element-f2b84f5 elementor-widget elementor-widget-text-editor\" data-id=\"f2b84f5\" data-element_type=\"widget\" data-e-type=\"widget\" data-widget_type=\"text-editor.default\">\n\t\t\t\t<div class=\"elementor-widget-container\">\n\t\t\t\t\t\t\t\t\t<p>Nous industrialisons<br \/>vos produits jusqu&rsquo;\u00e0 la production en s\u00e9rie<\/p>\n\t\t\t\t\t\t\t\t<\/div>\n\t\t\t\t<\/div>\n\t\t\t\t<div class=\"elementor-element elementor-element-4f84df3 elementor-widget elementor-widget-text-editor\" data-id=\"4f84df3\" data-element_type=\"widget\" data-e-type=\"widget\" data-widget_type=\"text-editor.default\">\n\t\t\t\t<div class=\"elementor-widget-container\">\n\t\t\t\t\t\t\t\t\t<h2>INDUSTRIALISATION<\/h2>\n\t\t\t\t\t\t\t\t<\/div>\n\t\t\t\t<\/div>\n\t\t\t\t\t<\/div>\n\t\t<\/div>\n\t\t\t\t\t<\/div>\n\t\t<\/section>\n\t\t\t\t<section class=\"elementor-section elementor-top-section elementor-element elementor-element-1d821d2 elementor-section-stretched elementor-section-boxed elementor-section-height-default elementor-section-height-default\" data-id=\"1d821d2\" data-element_type=\"section\" data-e-type=\"section\" data-settings=\"{&quot;stretch_section&quot;:&quot;section-stretched&quot;,&quot;background_background&quot;:&quot;classic&quot;}\">\n\t\t\t\t\t\t<div class=\"elementor-container elementor-column-gap-default\">\n\t\t\t\t\t<div class=\"elementor-column elementor-col-50 elementor-top-column elementor-element elementor-element-3200a5f\" data-id=\"3200a5f\" data-element_type=\"column\" data-e-type=\"column\">\n\t\t\t<div class=\"elementor-widget-wrap elementor-element-populated\">\n\t\t\t\t\t\t<div class=\"elementor-element elementor-element-034d82f elementor-widget elementor-widget-image\" data-id=\"034d82f\" data-element_type=\"widget\" data-e-type=\"widget\" data-widget_type=\"image.default\">\n\t\t\t\t<div class=\"elementor-widget-container\">\n\t\t\t\t\t\t\t\t\t\t\t\t\t\t\t<img fetchpriority=\"high\" decoding=\"async\" width=\"904\" height=\"603\" src=\"https:\/\/www.integra-sitek.ch\/wp-content\/uploads\/2023\/04\/2022-10-21-sitek-ag-imageshooting_0128-Bearbeitet.jpeg\" class=\"attachment-large size-large wp-image-22312\" alt=\"\" srcset=\"https:\/\/www.integra-sitek.ch\/wp-content\/uploads\/2023\/04\/2022-10-21-sitek-ag-imageshooting_0128-Bearbeitet.jpeg 904w, https:\/\/www.integra-sitek.ch\/wp-content\/uploads\/2023\/04\/2022-10-21-sitek-ag-imageshooting_0128-Bearbeitet-300x200.jpeg 300w, https:\/\/www.integra-sitek.ch\/wp-content\/uploads\/2023\/04\/2022-10-21-sitek-ag-imageshooting_0128-Bearbeitet-768x512.jpeg 768w\" sizes=\"(max-width: 904px) 100vw, 904px\" \/>\t\t\t\t\t\t\t\t\t\t\t\t\t\t\t<\/div>\n\t\t\t\t<\/div>\n\t\t\t\t\t<\/div>\n\t\t<\/div>\n\t\t\t\t<div class=\"elementor-column elementor-col-50 elementor-top-column elementor-element elementor-element-d157d18\" data-id=\"d157d18\" data-element_type=\"column\" data-e-type=\"column\">\n\t\t\t<div class=\"elementor-widget-wrap elementor-element-populated\">\n\t\t\t\t\t\t<div class=\"elementor-element elementor-element-a666fb5 elementor-widget elementor-widget-industrium_heading\" data-id=\"a666fb5\" data-element_type=\"widget\" data-e-type=\"widget\" data-widget_type=\"industrium_heading.default\">\n\t\t\t\t<div class=\"elementor-widget-container\">\n\t\t\t\t\t<div class=\"industrium-heading-widget\"><h2 class=\"industrium-heading\"><span class=\"industrium-heading-content\">INDUSTRIALISATION<\/span><\/h2><\/div>\t\t\t\t<\/div>\n\t\t\t\t<\/div>\n\t\t\t\t<div class=\"elementor-element elementor-element-ffca693 elementor-widget elementor-widget-text-editor\" data-id=\"ffca693\" data-element_type=\"widget\" data-e-type=\"widget\" data-widget_type=\"text-editor.default\">\n\t\t\t\t<div class=\"elementor-widget-container\">\n\t\t\t\t\t\t\t\t\t<p>L&rsquo;industrialisation est une \u00e9tape importante dans le d\u00e9veloppement de processus qui garantit que les produits peuvent \u00eatre fabriqu\u00e9s en grande quantit\u00e9 avec une qualit\u00e9 et une efficacit\u00e9 \u00e9lev\u00e9es. Chez Integra Sitek AG, nous avons une vaste exp\u00e9rience dans l&rsquo;industrialisation des produits et des processus afin de garantir \u00e0 nos clients une production optimale.<\/p><p>Nos chefs de projet travaillent en \u00e9troite collaboration avec nos clients pour d\u00e9velopper la meilleure solution d&rsquo;industrialisation possible. Cela comprend la cr\u00e9ation de processus et de proc\u00e9dures de fabrication, la s\u00e9lection d&rsquo;outils et de mat\u00e9riaux, ainsi que la mise en place de lignes et d&rsquo;installations de production.<\/p><p>Nous utilisons des technologies et des processus avanc\u00e9s et sommes soutenus par un syst\u00e8me ERP pour optimiser la production et r\u00e9duire les co\u00fbts. Nous avons \u00e9galement des relations \u00e9troites avec nos fournisseurs et partenaires pour nous assurer que nous utilisons les meilleures ressources disponibles.<\/p><p>Gr\u00e2ce \u00e0 notre vaste exp\u00e9rience dans l&rsquo;industrialisation, nous sommes en mesure de fournir \u00e0 nos clients des produits et des services de haute qualit\u00e9 qui r\u00e9pondent \u00e0 leurs besoins. Nous misons sur l&rsquo;am\u00e9lioration continue et nous nous effor\u00e7ons d&rsquo;am\u00e9liorer continuellement l&rsquo;efficacit\u00e9 et la qualit\u00e9 de notre production.<\/p><p>Si vous \u00eates \u00e0 la recherche d&rsquo;un partenaire fiable pour vous aider \u00e0 industrialiser vos produits et processus, contactez-nous. Nous sommes \u00e0 votre disposition pour discuter de vos besoins et d\u00e9velopper une solution sur mesure pour vous.<\/p>\t\t\t\t\t\t\t\t<\/div>\n\t\t\t\t<\/div>\n\t\t\t\t\t<\/div>\n\t\t<\/div>\n\t\t\t\t\t<\/div>\n\t\t<\/section>\n\t\t\t\t<\/div>\n\t\t","protected":false},"excerpt":{"rendered":"<p>Nous industrialisonsvos produits jusqu&rsquo;\u00e0 la production en s\u00e9rie INDUSTRIALISATION L&rsquo;industrialisation est une \u00e9tape importante dans le d\u00e9veloppement de processus qui garantit que les produits peuvent \u00eatre fabriqu\u00e9s en grande quantit\u00e9 avec une qualit\u00e9 et une efficacit\u00e9 \u00e9lev\u00e9es. Chez Integra Sitek AG,&#8230;<\/p>\n","protected":false},"author":1,"featured_media":0,"parent":22801,"menu_order":0,"comment_status":"closed","ping_status":"closed","template":"","meta":{"footnotes":""},"class_list":["post-22810","page","type-page","status-publish","hentry"],"yoast_head":"<!-- This site is optimized with the Yoast SEO Premium plugin v27.5 (Yoast SEO v27.5) - https:\/\/yoast.com\/product\/yoast-seo-premium-wordpress\/ -->\n<title>Industrialisation - INTEGRA Sitek AG<\/title>\n<meta name=\"robots\" content=\"index, follow, max-snippet:-1, max-image-preview:large, max-video-preview:-1\" \/>\n<link rel=\"canonical\" href=\"https:\/\/www.integra-sitek.ch\/fr\/competences\/industrialisation\/\" \/>\n<meta property=\"og:locale\" content=\"fr_FR\" \/>\n<meta property=\"og:type\" content=\"article\" \/>\n<meta property=\"og:title\" content=\"Industrialisation\" \/>\n<meta property=\"og:description\" content=\"Nous industrialisonsvos produits jusqu&rsquo;\u00e0 la production en s\u00e9rie INDUSTRIALISATION L&rsquo;industrialisation est une \u00e9tape importante dans le d\u00e9veloppement de processus qui garantit que les produits peuvent \u00eatre fabriqu\u00e9s en grande quantit\u00e9 avec une qualit\u00e9 et une efficacit\u00e9 \u00e9lev\u00e9es. Chez Integra Sitek AG,...\" \/>\n<meta property=\"og:url\" content=\"https:\/\/www.integra-sitek.ch\/fr\/competences\/industrialisation\/\" \/>\n<meta property=\"og:site_name\" content=\"INTEGRA Sitek AG\" \/>\n<meta property=\"article:modified_time\" content=\"2024-06-12T10:38:05+00:00\" \/>\n<meta property=\"og:image\" content=\"https:\/\/www.integra-sitek.ch\/wp-content\/uploads\/2023\/04\/2022-10-21-sitek-ag-imageshooting_0128-Bearbeitet.jpeg\" \/>\n<meta name=\"twitter:card\" content=\"summary_large_image\" \/>\n<meta name=\"twitter:label1\" content=\"Dur\u00e9e de lecture estim\u00e9e\" \/>\n\t<meta name=\"twitter:data1\" content=\"1 minute\" \/>\n<script type=\"application\/ld+json\" class=\"yoast-schema-graph\">{\"@context\":\"https:\\\/\\\/schema.org\",\"@graph\":[{\"@type\":\"WebPage\",\"@id\":\"https:\\\/\\\/www.integra-sitek.ch\\\/fr\\\/competences\\\/industrialisation\\\/\",\"url\":\"https:\\\/\\\/www.integra-sitek.ch\\\/fr\\\/competences\\\/industrialisation\\\/\",\"name\":\"Industrialisation - INTEGRA Sitek AG\",\"isPartOf\":{\"@id\":\"https:\\\/\\\/www.integra-sitek.ch\\\/fr\\\/#website\"},\"primaryImageOfPage\":{\"@id\":\"https:\\\/\\\/www.integra-sitek.ch\\\/fr\\\/competences\\\/industrialisation\\\/#primaryimage\"},\"image\":{\"@id\":\"https:\\\/\\\/www.integra-sitek.ch\\\/fr\\\/competences\\\/industrialisation\\\/#primaryimage\"},\"thumbnailUrl\":\"https:\\\/\\\/www.integra-sitek.ch\\\/wp-content\\\/uploads\\\/2023\\\/04\\\/2022-10-21-sitek-ag-imageshooting_0128-Bearbeitet.jpeg\",\"datePublished\":\"2023-04-12T06:25:15+00:00\",\"dateModified\":\"2024-06-12T10:38:05+00:00\",\"breadcrumb\":{\"@id\":\"https:\\\/\\\/www.integra-sitek.ch\\\/fr\\\/competences\\\/industrialisation\\\/#breadcrumb\"},\"inLanguage\":\"fr-FR\",\"potentialAction\":[{\"@type\":\"ReadAction\",\"target\":[\"https:\\\/\\\/www.integra-sitek.ch\\\/fr\\\/competences\\\/industrialisation\\\/\"]}]},{\"@type\":\"ImageObject\",\"inLanguage\":\"fr-FR\",\"@id\":\"https:\\\/\\\/www.integra-sitek.ch\\\/fr\\\/competences\\\/industrialisation\\\/#primaryimage\",\"url\":\"https:\\\/\\\/www.integra-sitek.ch\\\/wp-content\\\/uploads\\\/2023\\\/04\\\/2022-10-21-sitek-ag-imageshooting_0128-Bearbeitet.jpeg\",\"contentUrl\":\"https:\\\/\\\/www.integra-sitek.ch\\\/wp-content\\\/uploads\\\/2023\\\/04\\\/2022-10-21-sitek-ag-imageshooting_0128-Bearbeitet.jpeg\"},{\"@type\":\"BreadcrumbList\",\"@id\":\"https:\\\/\\\/www.integra-sitek.ch\\\/fr\\\/competences\\\/industrialisation\\\/#breadcrumb\",\"itemListElement\":[{\"@type\":\"ListItem\",\"position\":1,\"name\":\"Start\",\"item\":\"https:\\\/\\\/www.integra-sitek.ch\\\/fr\\\/\"},{\"@type\":\"ListItem\",\"position\":2,\"name\":\"Comp\u00e9tences\",\"item\":\"https:\\\/\\\/www.integra-sitek.ch\\\/fr\\\/competences\\\/\"},{\"@type\":\"ListItem\",\"position\":3,\"name\":\"Industrialisation\"}]},{\"@type\":\"WebSite\",\"@id\":\"https:\\\/\\\/www.integra-sitek.ch\\\/fr\\\/#website\",\"url\":\"https:\\\/\\\/www.integra-sitek.ch\\\/fr\\\/\",\"name\":\"INTEGRA Sitek AG\",\"description\":\"Metalldrehteile, Kunststoffspritzgussteile, Baugruppen, Hybridkomponenten, Spritzgiessen, D\u00e9colletage, Montage\",\"publisher\":{\"@id\":\"https:\\\/\\\/www.integra-sitek.ch\\\/fr\\\/#organization\"},\"potentialAction\":[{\"@type\":\"SearchAction\",\"target\":{\"@type\":\"EntryPoint\",\"urlTemplate\":\"https:\\\/\\\/www.integra-sitek.ch\\\/fr\\\/?s={search_term_string}\"},\"query-input\":{\"@type\":\"PropertyValueSpecification\",\"valueRequired\":true,\"valueName\":\"search_term_string\"}}],\"inLanguage\":\"fr-FR\"},{\"@type\":\"Organization\",\"@id\":\"https:\\\/\\\/www.integra-sitek.ch\\\/fr\\\/#organization\",\"name\":\"INTEGRA Sitek AG\",\"url\":\"https:\\\/\\\/www.integra-sitek.ch\\\/fr\\\/\",\"logo\":{\"@type\":\"ImageObject\",\"inLanguage\":\"fr-FR\",\"@id\":\"https:\\\/\\\/www.integra-sitek.ch\\\/fr\\\/#\\\/schema\\\/logo\\\/image\\\/\",\"url\":\"https:\\\/\\\/www.integra-sitek.ch\\\/wp-content\\\/uploads\\\/2023\\\/03\\\/integra-sitek-logo.svg\",\"contentUrl\":\"https:\\\/\\\/www.integra-sitek.ch\\\/wp-content\\\/uploads\\\/2023\\\/03\\\/integra-sitek-logo.svg\",\"width\":154,\"height\":43,\"caption\":\"INTEGRA Sitek AG\"},\"image\":{\"@id\":\"https:\\\/\\\/www.integra-sitek.ch\\\/fr\\\/#\\\/schema\\\/logo\\\/image\\\/\"},\"sameAs\":[\"https:\\\/\\\/ch.linkedin.com\\\/company\\\/integra-sitek-ag\"]}]}<\/script>\n<!-- \/ Yoast SEO Premium plugin. -->","yoast_head_json":{"title":"Industrialisation - INTEGRA Sitek AG","robots":{"index":"index","follow":"follow","max-snippet":"max-snippet:-1","max-image-preview":"max-image-preview:large","max-video-preview":"max-video-preview:-1"},"canonical":"https:\/\/www.integra-sitek.ch\/fr\/competences\/industrialisation\/","og_locale":"fr_FR","og_type":"article","og_title":"Industrialisation","og_description":"Nous industrialisonsvos produits jusqu&rsquo;\u00e0 la production en s\u00e9rie INDUSTRIALISATION L&rsquo;industrialisation est une \u00e9tape importante dans le d\u00e9veloppement de processus qui garantit que les produits peuvent \u00eatre fabriqu\u00e9s en grande quantit\u00e9 avec une qualit\u00e9 et une efficacit\u00e9 \u00e9lev\u00e9es. Chez Integra Sitek AG,...","og_url":"https:\/\/www.integra-sitek.ch\/fr\/competences\/industrialisation\/","og_site_name":"INTEGRA Sitek AG","article_modified_time":"2024-06-12T10:38:05+00:00","og_image":[{"url":"https:\/\/www.integra-sitek.ch\/wp-content\/uploads\/2023\/04\/2022-10-21-sitek-ag-imageshooting_0128-Bearbeitet.jpeg","type":"","width":"","height":""}],"twitter_card":"summary_large_image","twitter_misc":{"Dur\u00e9e de lecture estim\u00e9e":"1 minute"},"schema":{"@context":"https:\/\/schema.org","@graph":[{"@type":"WebPage","@id":"https:\/\/www.integra-sitek.ch\/fr\/competences\/industrialisation\/","url":"https:\/\/www.integra-sitek.ch\/fr\/competences\/industrialisation\/","name":"Industrialisation - INTEGRA Sitek AG","isPartOf":{"@id":"https:\/\/www.integra-sitek.ch\/fr\/#website"},"primaryImageOfPage":{"@id":"https:\/\/www.integra-sitek.ch\/fr\/competences\/industrialisation\/#primaryimage"},"image":{"@id":"https:\/\/www.integra-sitek.ch\/fr\/competences\/industrialisation\/#primaryimage"},"thumbnailUrl":"https:\/\/www.integra-sitek.ch\/wp-content\/uploads\/2023\/04\/2022-10-21-sitek-ag-imageshooting_0128-Bearbeitet.jpeg","datePublished":"2023-04-12T06:25:15+00:00","dateModified":"2024-06-12T10:38:05+00:00","breadcrumb":{"@id":"https:\/\/www.integra-sitek.ch\/fr\/competences\/industrialisation\/#breadcrumb"},"inLanguage":"fr-FR","potentialAction":[{"@type":"ReadAction","target":["https:\/\/www.integra-sitek.ch\/fr\/competences\/industrialisation\/"]}]},{"@type":"ImageObject","inLanguage":"fr-FR","@id":"https:\/\/www.integra-sitek.ch\/fr\/competences\/industrialisation\/#primaryimage","url":"https:\/\/www.integra-sitek.ch\/wp-content\/uploads\/2023\/04\/2022-10-21-sitek-ag-imageshooting_0128-Bearbeitet.jpeg","contentUrl":"https:\/\/www.integra-sitek.ch\/wp-content\/uploads\/2023\/04\/2022-10-21-sitek-ag-imageshooting_0128-Bearbeitet.jpeg"},{"@type":"BreadcrumbList","@id":"https:\/\/www.integra-sitek.ch\/fr\/competences\/industrialisation\/#breadcrumb","itemListElement":[{"@type":"ListItem","position":1,"name":"Start","item":"https:\/\/www.integra-sitek.ch\/fr\/"},{"@type":"ListItem","position":2,"name":"Comp\u00e9tences","item":"https:\/\/www.integra-sitek.ch\/fr\/competences\/"},{"@type":"ListItem","position":3,"name":"Industrialisation"}]},{"@type":"WebSite","@id":"https:\/\/www.integra-sitek.ch\/fr\/#website","url":"https:\/\/www.integra-sitek.ch\/fr\/","name":"INTEGRA Sitek AG","description":"Metalldrehteile, Kunststoffspritzgussteile, Baugruppen, Hybridkomponenten, Spritzgiessen, D\u00e9colletage, Montage","publisher":{"@id":"https:\/\/www.integra-sitek.ch\/fr\/#organization"},"potentialAction":[{"@type":"SearchAction","target":{"@type":"EntryPoint","urlTemplate":"https:\/\/www.integra-sitek.ch\/fr\/?s={search_term_string}"},"query-input":{"@type":"PropertyValueSpecification","valueRequired":true,"valueName":"search_term_string"}}],"inLanguage":"fr-FR"},{"@type":"Organization","@id":"https:\/\/www.integra-sitek.ch\/fr\/#organization","name":"INTEGRA Sitek AG","url":"https:\/\/www.integra-sitek.ch\/fr\/","logo":{"@type":"ImageObject","inLanguage":"fr-FR","@id":"https:\/\/www.integra-sitek.ch\/fr\/#\/schema\/logo\/image\/","url":"https:\/\/www.integra-sitek.ch\/wp-content\/uploads\/2023\/03\/integra-sitek-logo.svg","contentUrl":"https:\/\/www.integra-sitek.ch\/wp-content\/uploads\/2023\/03\/integra-sitek-logo.svg","width":154,"height":43,"caption":"INTEGRA Sitek AG"},"image":{"@id":"https:\/\/www.integra-sitek.ch\/fr\/#\/schema\/logo\/image\/"},"sameAs":["https:\/\/ch.linkedin.com\/company\/integra-sitek-ag"]}]}},"_links":{"self":[{"href":"https:\/\/www.integra-sitek.ch\/fr\/wp-json\/wp\/v2\/pages\/22810","targetHints":{"allow":["GET"]}}],"collection":[{"href":"https:\/\/www.integra-sitek.ch\/fr\/wp-json\/wp\/v2\/pages"}],"about":[{"href":"https:\/\/www.integra-sitek.ch\/fr\/wp-json\/wp\/v2\/types\/page"}],"author":[{"embeddable":true,"href":"https:\/\/www.integra-sitek.ch\/fr\/wp-json\/wp\/v2\/users\/1"}],"replies":[{"embeddable":true,"href":"https:\/\/www.integra-sitek.ch\/fr\/wp-json\/wp\/v2\/comments?post=22810"}],"version-history":[{"count":4,"href":"https:\/\/www.integra-sitek.ch\/fr\/wp-json\/wp\/v2\/pages\/22810\/revisions"}],"predecessor-version":[{"id":23284,"href":"https:\/\/www.integra-sitek.ch\/fr\/wp-json\/wp\/v2\/pages\/22810\/revisions\/23284"}],"up":[{"embeddable":true,"href":"https:\/\/www.integra-sitek.ch\/fr\/wp-json\/wp\/v2\/pages\/22801"}],"wp:attachment":[{"href":"https:\/\/www.integra-sitek.ch\/fr\/wp-json\/wp\/v2\/media?parent=22810"}],"curies":[{"name":"wp","href":"https:\/\/api.w.org\/{rel}","templated":true}]}}