{"id":22836,"date":"2023-04-12T06:42:09","date_gmt":"2023-04-12T06:42:09","guid":{"rendered":"https:\/\/www.integra-sitek.ch\/production\/montage\/"},"modified":"2024-06-12T10:43:07","modified_gmt":"2024-06-12T10:43:07","slug":"montage","status":"publish","type":"page","link":"https:\/\/www.integra-sitek.ch\/fr\/production\/montage\/","title":{"rendered":"Montage"},"content":{"rendered":"\t\t<div data-elementor-type=\"wp-page\" data-elementor-id=\"22836\" class=\"elementor elementor-22836 elementor-16365\" data-elementor-post-type=\"page\">\n\t\t\t\t\t\t<section class=\"elementor-section elementor-top-section elementor-element elementor-element-d1ed220 elementor-section-full_width elementor-section-height-min-height elementor-section-stretched header-section elementor-section-height-default elementor-section-items-middle\" data-id=\"d1ed220\" data-element_type=\"section\" data-e-type=\"section\" data-settings=\"{&quot;stretch_section&quot;:&quot;section-stretched&quot;}\">\n\t\t\t\t\t\t<div class=\"elementor-container elementor-column-gap-default\">\n\t\t\t\t\t<div class=\"elementor-column elementor-col-100 elementor-top-column elementor-element elementor-element-6537a8f\" data-id=\"6537a8f\" data-element_type=\"column\" data-e-type=\"column\" data-settings=\"{&quot;background_background&quot;:&quot;slideshow&quot;,&quot;background_slideshow_gallery&quot;:[{&quot;id&quot;:17571,&quot;url&quot;:&quot;https:\\\/\\\/www.integra-sitek.ch\\\/wp-content\\\/uploads\\\/2023\\\/05\\\/2022-02-17-sitek-ag-bilder-geschaeftsbericht-13707.jpg&quot;},{&quot;id&quot;:17026,&quot;url&quot;:&quot;https:\\\/\\\/www.integra-sitek.ch\\\/wp-content\\\/uploads\\\/2023\\\/04\\\/2022-10-21-sitek-ag-imageshooting_0091.jpeg&quot;},{&quot;id&quot;:19772,&quot;url&quot;:&quot;https:\\\/\\\/www.integra-sitek.ch\\\/wp-content\\\/uploads\\\/2023\\\/12\\\/Ultraschallschweissen.png&quot;}],&quot;background_slideshow_slide_duration&quot;:3500,&quot;background_slideshow_ken_burns&quot;:&quot;yes&quot;,&quot;background_slideshow_ken_burns_zoom_direction&quot;:&quot;out&quot;,&quot;background_slideshow_loop&quot;:&quot;yes&quot;,&quot;background_slideshow_slide_transition&quot;:&quot;fade&quot;,&quot;background_slideshow_transition_duration&quot;:500}\">\n\t\t\t<div class=\"elementor-widget-wrap elementor-element-populated\">\n\t\t\t\t\t\t<div class=\"elementor-element elementor-element-19fa755 elementor-widget elementor-widget-text-editor\" data-id=\"19fa755\" data-element_type=\"widget\" data-e-type=\"widget\" data-widget_type=\"text-editor.default\">\n\t\t\t\t<div class=\"elementor-widget-container\">\n\t\t\t\t\t\t\t\t\t<p>Visser, brancher, ins\u00e9rer, souder<br \/>soudage par ultrasons, emballage<\/p>\n\t\t\t\t\t\t\t\t<\/div>\n\t\t\t\t<\/div>\n\t\t\t\t<div class=\"elementor-element elementor-element-5cd9664 elementor-widget elementor-widget-text-editor\" data-id=\"5cd9664\" data-element_type=\"widget\" data-e-type=\"widget\" data-widget_type=\"text-editor.default\">\n\t\t\t\t<div class=\"elementor-widget-container\">\n\t\t\t\t\t\t\t\t\t<h2>MONTAGE DE MODULES<\/h2>\n\t\t\t\t\t\t\t\t<\/div>\n\t\t\t\t<\/div>\n\t\t\t\t<div class=\"elementor-element elementor-element-5cce1a3 elementor-widget elementor-widget-image\" data-id=\"5cce1a3\" data-element_type=\"widget\" data-e-type=\"widget\" data-widget_type=\"image.default\">\n\t\t\t\t<div class=\"elementor-widget-container\">\n\t\t\t\t\t\t\t\t\t\t\t\t\t\t\t<img fetchpriority=\"high\" decoding=\"async\" width=\"557\" height=\"1024\" src=\"https:\/\/www.integra-sitek.ch\/wp-content\/uploads\/2023\/08\/spickel-blau_2-557x1024.png\" class=\"attachment-large size-large wp-image-22410\" alt=\"\" srcset=\"https:\/\/www.integra-sitek.ch\/wp-content\/uploads\/2023\/08\/spickel-blau_2-557x1024.png 557w, https:\/\/www.integra-sitek.ch\/wp-content\/uploads\/2023\/08\/spickel-blau_2-163x300.png 163w, https:\/\/www.integra-sitek.ch\/wp-content\/uploads\/2023\/08\/spickel-blau_2.png 611w\" sizes=\"(max-width: 557px) 100vw, 557px\" \/>\t\t\t\t\t\t\t\t\t\t\t\t\t\t\t<\/div>\n\t\t\t\t<\/div>\n\t\t\t\t\t<\/div>\n\t\t<\/div>\n\t\t\t\t\t<\/div>\n\t\t<\/section>\n\t\t\t\t<section class=\"elementor-section elementor-top-section elementor-element elementor-element-7eaa6ccc elementor-section-stretched elementor-section-boxed elementor-section-height-default elementor-section-height-default\" data-id=\"7eaa6ccc\" data-element_type=\"section\" data-e-type=\"section\" data-settings=\"{&quot;stretch_section&quot;:&quot;section-stretched&quot;,&quot;background_background&quot;:&quot;classic&quot;}\">\n\t\t\t\t\t\t<div class=\"elementor-container elementor-column-gap-default\">\n\t\t\t\t\t<div class=\"elementor-column elementor-col-50 elementor-top-column elementor-element elementor-element-748ba148\" data-id=\"748ba148\" data-element_type=\"column\" data-e-type=\"column\">\n\t\t\t<div class=\"elementor-widget-wrap elementor-element-populated\">\n\t\t\t\t\t\t<div class=\"elementor-element elementor-element-0cbe6a6 elementor-widget elementor-widget-image\" data-id=\"0cbe6a6\" data-element_type=\"widget\" data-e-type=\"widget\" data-widget_type=\"image.default\">\n\t\t\t\t<div class=\"elementor-widget-container\">\n\t\t\t\t\t\t\t\t\t\t\t\t\t\t\t<img decoding=\"async\" width=\"1024\" height=\"682\" src=\"https:\/\/www.integra-sitek.ch\/wp-content\/uploads\/2023\/05\/2022-02-17-sitek-ag-bilder-geschaeftsbericht-13707-1024x682.jpg\" class=\"attachment-large size-large wp-image-22388\" alt=\"\" srcset=\"https:\/\/www.integra-sitek.ch\/wp-content\/uploads\/2023\/05\/2022-02-17-sitek-ag-bilder-geschaeftsbericht-13707-1024x682.jpg 1024w, https:\/\/www.integra-sitek.ch\/wp-content\/uploads\/2023\/05\/2022-02-17-sitek-ag-bilder-geschaeftsbericht-13707-300x200.jpg 300w, https:\/\/www.integra-sitek.ch\/wp-content\/uploads\/2023\/05\/2022-02-17-sitek-ag-bilder-geschaeftsbericht-13707-768x512.jpg 768w, https:\/\/www.integra-sitek.ch\/wp-content\/uploads\/2023\/05\/2022-02-17-sitek-ag-bilder-geschaeftsbericht-13707-1536x1024.jpg 1536w, https:\/\/www.integra-sitek.ch\/wp-content\/uploads\/2023\/05\/2022-02-17-sitek-ag-bilder-geschaeftsbericht-13707-2048x1365.jpg 2048w\" sizes=\"(max-width: 1024px) 100vw, 1024px\" \/>\t\t\t\t\t\t\t\t\t\t\t\t\t\t\t<\/div>\n\t\t\t\t<\/div>\n\t\t\t\t<div class=\"elementor-element elementor-element-3418f21 elementor-widget elementor-widget-spacer\" data-id=\"3418f21\" data-element_type=\"widget\" data-e-type=\"widget\" data-widget_type=\"spacer.default\">\n\t\t\t\t<div class=\"elementor-widget-container\">\n\t\t\t\t\t\t\t<div class=\"elementor-spacer\">\n\t\t\t<div class=\"elementor-spacer-inner\"><\/div>\n\t\t<\/div>\n\t\t\t\t\t\t<\/div>\n\t\t\t\t<\/div>\n\t\t\t\t<div class=\"elementor-element elementor-element-ee66be5 elementor-widget elementor-widget-button\" data-id=\"ee66be5\" data-element_type=\"widget\" data-e-type=\"widget\" data-widget_type=\"button.default\">\n\t\t\t\t<div class=\"elementor-widget-container\">\n\t\t\t\t\t\t\t\t\t<div class=\"elementor-button-wrapper\">\n\t\t\t\t\t<a class=\"elementor-button elementor-button-link elementor-size-sm\" href=\"https:\/\/www.integra-sitek.ch\/fr\/modules\/\">\n\t\t\t\t\t\t<span class=\"elementor-button-content-wrapper\">\n\t\t\t\t\t\t\t\t\t<span class=\"elementor-button-text\">quelques exemples<\/span>\n\t\t\t\t\t<\/span>\n\t\t\t\t\t<\/a>\n\t\t\t\t<\/div>\n\t\t\t\t\t\t\t\t<\/div>\n\t\t\t\t<\/div>\n\t\t\t\t\t<\/div>\n\t\t<\/div>\n\t\t\t\t<div class=\"elementor-column elementor-col-50 elementor-top-column elementor-element elementor-element-27a9b715\" data-id=\"27a9b715\" data-element_type=\"column\" data-e-type=\"column\">\n\t\t\t<div class=\"elementor-widget-wrap elementor-element-populated\">\n\t\t\t\t\t\t<div class=\"elementor-element elementor-element-7d88101d elementor-widget elementor-widget-industrium_heading\" data-id=\"7d88101d\" data-element_type=\"widget\" data-e-type=\"widget\" data-widget_type=\"industrium_heading.default\">\n\t\t\t\t<div class=\"elementor-widget-container\">\n\t\t\t\t\t<div class=\"industrium-heading-widget\"><h2 class=\"industrium-heading\"><span class=\"industrium-heading-content\">MONTAGE<\/span><\/h2><\/div>\t\t\t\t<\/div>\n\t\t\t\t<\/div>\n\t\t\t\t<div class=\"elementor-element elementor-element-1c288fee elementor-widget elementor-widget-text-editor\" data-id=\"1c288fee\" data-element_type=\"widget\" data-e-type=\"widget\" data-widget_type=\"text-editor.default\">\n\t\t\t\t<div class=\"elementor-widget-container\">\n\t\t\t\t\t\t\t\t\t<p>Dans notre service d&rsquo;assemblage moderne, nous sommes experts dans l&rsquo;assemblage pr\u00e9cis d&rsquo;ensembles contenant jusqu&rsquo;\u00e0 50 pi\u00e8ces individuelles. Nos sp\u00e9cialistes suivent des instructions claires et g\u00e8rent eux-m\u00eames des t\u00e2ches complexes, ils int\u00e8grent de mani\u00e8re transparente des composants tels que l&rsquo;impression ou le marquage.<\/p><p>Nous utilisons diff\u00e9rentes techniques de connexion telles que le vissage, l&rsquo;insertion, le collage, le soudage et le soudage par ultrasons pour assurer des connexions s\u00fbres en fonction des exigences et du mat\u00e9riau. Notre \u00e9quipe travaille avec pr\u00e9cision et efficacit\u00e9 pour assurer une haute qualit\u00e9 de production. Le respect des normes de qualit\u00e9 et des contr\u00f4les stricts sont essentiels pour nous afin de fournir des assemblages sans erreur.<\/p><p>Ind\u00e9pendamment de la taille ou de la complexit\u00e9, notre service d&rsquo;assemblage est parfaitement \u00e9quip\u00e9 pour r\u00e9pondre aux exigences de nos clients et pour offrir des solutions sur mesure. Gr\u00e2ce \u00e0 notre expertise et \u00e0 des m\u00e9thodes de fabrication modernes, nous garantissons des montages rapides et fiables qui r\u00e9pondent aux exigences les plus \u00e9lev\u00e9es.<\/p>\t\t\t\t\t\t\t\t<\/div>\n\t\t\t\t<\/div>\n\t\t\t\t\t<\/div>\n\t\t<\/div>\n\t\t\t\t\t<\/div>\n\t\t<\/section>\n\t\t\t\t<section class=\"elementor-section elementor-top-section elementor-element elementor-element-68aa70ac elementor-section-stretched bg-overlay elementor-section-boxed elementor-section-height-default elementor-section-height-default\" data-id=\"68aa70ac\" data-element_type=\"section\" data-e-type=\"section\" data-settings=\"{&quot;stretch_section&quot;:&quot;section-stretched&quot;,&quot;background_background&quot;:&quot;classic&quot;}\">\n\t\t\t\t\t\t<div class=\"elementor-container elementor-column-gap-default\">\n\t\t\t\t\t<div class=\"elementor-column elementor-col-50 elementor-top-column elementor-element elementor-element-6d7617a\" data-id=\"6d7617a\" data-element_type=\"column\" data-e-type=\"column\">\n\t\t\t<div class=\"elementor-widget-wrap elementor-element-populated\">\n\t\t\t\t\t\t<div class=\"elementor-element elementor-element-10577796 elementor-widget elementor-widget-industrium_heading\" data-id=\"10577796\" data-element_type=\"widget\" data-e-type=\"widget\" data-widget_type=\"industrium_heading.default\">\n\t\t\t\t<div class=\"elementor-widget-container\">\n\t\t\t\t\t<div class=\"industrium-heading-widget\"><h2 class=\"industrium-heading\"><span class=\"industrium-heading-content\">AFFINER, INSPECTER ET EMBALLER<\/span><\/h2><\/div>\t\t\t\t<\/div>\n\t\t\t\t<\/div>\n\t\t\t\t<div class=\"elementor-element elementor-element-6f6a1c93 elementor-widget elementor-widget-text-editor\" data-id=\"6f6a1c93\" data-element_type=\"widget\" data-e-type=\"widget\" data-widget_type=\"text-editor.default\">\n\t\t\t\t<div class=\"elementor-widget-container\">\n\t\t\t\t\t\t\t\t\t<p>Nous proposons des solutions compl\u00e8tes pour des pi\u00e8ces individuelles et des ensembles en les affinant par des processus tels que l&rsquo;impression, la peinture, le rev\u00eatement, la galvanoplastie et l&rsquo;\u00e9lectropolissage. Si n\u00e9cessaire, nous avons recours \u00e0 un r\u00e9seau de sous-traitants qualifi\u00e9s dont nous s\u00e9lectionnons soigneusement les m\u00e9thodes de travail durables.<\/p><p>Tous les produits sont v\u00e9rifi\u00e9s conform\u00e9ment aux instructions de test ou aux exigences de dessin convenues. Nous utilisons des syst\u00e8mes de test pour mesurer des param\u00e8tres tels que les vitesses de rotation, les d\u00e9bits, les \u00e9tanch\u00e9it\u00e9s et les r\u00e9sistances. Une technologie, une documentation et une tra\u00e7abilit\u00e9 de haute pr\u00e9cision garantissent toujours des produits sans erreur.<\/p><p>Nos services d&#8217;emballage sont personnalis\u00e9s, avec un emballage dans des conditions particuli\u00e8rement propres ou sur des postes de travail ESD. Nous nous assurons que vos produits vous parviennent en toute s\u00e9curit\u00e9.<\/p>\t\t\t\t\t\t\t\t<\/div>\n\t\t\t\t<\/div>\n\t\t\t\t\t<\/div>\n\t\t<\/div>\n\t\t\t\t<div class=\"elementor-column elementor-col-50 elementor-top-column elementor-element elementor-element-7161b64b\" data-id=\"7161b64b\" data-element_type=\"column\" data-e-type=\"column\">\n\t\t\t<div class=\"elementor-widget-wrap elementor-element-populated\">\n\t\t\t\t\t\t<div class=\"elementor-element elementor-element-64b32ff elementor-widget elementor-widget-image\" data-id=\"64b32ff\" data-element_type=\"widget\" data-e-type=\"widget\" data-widget_type=\"image.default\">\n\t\t\t\t<div class=\"elementor-widget-container\">\n\t\t\t\t\t\t\t\t\t\t\t\t\t\t\t<img decoding=\"async\" width=\"1024\" height=\"683\" src=\"https:\/\/www.integra-sitek.ch\/wp-content\/uploads\/2023\/04\/2022-10-21-sitek-ag-imageshooting_0162-1024x683.jpeg\" class=\"attachment-large size-large wp-image-22320\" alt=\"\" srcset=\"https:\/\/www.integra-sitek.ch\/wp-content\/uploads\/2023\/04\/2022-10-21-sitek-ag-imageshooting_0162-1024x683.jpeg 1024w, https:\/\/www.integra-sitek.ch\/wp-content\/uploads\/2023\/04\/2022-10-21-sitek-ag-imageshooting_0162-300x200.jpeg 300w, https:\/\/www.integra-sitek.ch\/wp-content\/uploads\/2023\/04\/2022-10-21-sitek-ag-imageshooting_0162-768x512.jpeg 768w, https:\/\/www.integra-sitek.ch\/wp-content\/uploads\/2023\/04\/2022-10-21-sitek-ag-imageshooting_0162-1536x1024.jpeg 1536w, https:\/\/www.integra-sitek.ch\/wp-content\/uploads\/2023\/04\/2022-10-21-sitek-ag-imageshooting_0162.jpeg 1693w\" sizes=\"(max-width: 1024px) 100vw, 1024px\" \/>\t\t\t\t\t\t\t\t\t\t\t\t\t\t\t<\/div>\n\t\t\t\t<\/div>\n\t\t\t\t\t<\/div>\n\t\t<\/div>\n\t\t\t\t\t<\/div>\n\t\t<\/section>\n\t\t\t\t<\/div>\n\t\t","protected":false},"excerpt":{"rendered":"<p>Visser, brancher, ins\u00e9rer, soudersoudage par ultrasons, emballage MONTAGE DE MODULES quelques exemples Dans notre service d&rsquo;assemblage moderne, nous sommes experts dans l&rsquo;assemblage pr\u00e9cis d&rsquo;ensembles contenant jusqu&rsquo;\u00e0 50 pi\u00e8ces individuelles. Nos sp\u00e9cialistes suivent des instructions claires et g\u00e8rent eux-m\u00eames des t\u00e2ches complexes,&#8230;<\/p>\n","protected":false},"author":1,"featured_media":0,"parent":22812,"menu_order":0,"comment_status":"closed","ping_status":"closed","template":"","meta":{"footnotes":""},"class_list":["post-22836","page","type-page","status-publish","hentry"],"yoast_head":"<!-- This site is optimized with the Yoast SEO Premium plugin v27.4 (Yoast SEO v27.4) - https:\/\/yoast.com\/product\/yoast-seo-premium-wordpress\/ -->\n<title>Montage - INTEGRA Sitek AG<\/title>\n<meta name=\"robots\" content=\"index, follow, max-snippet:-1, max-image-preview:large, max-video-preview:-1\" \/>\n<link rel=\"canonical\" href=\"https:\/\/www.integra-sitek.ch\/fr\/production\/montage\/\" \/>\n<meta property=\"og:locale\" content=\"fr_FR\" \/>\n<meta property=\"og:type\" content=\"article\" \/>\n<meta property=\"og:title\" content=\"Montage\" \/>\n<meta property=\"og:description\" content=\"Visser, brancher, ins\u00e9rer, soudersoudage par ultrasons, emballage MONTAGE DE MODULES quelques exemples Dans notre service d&rsquo;assemblage moderne, nous sommes experts dans l&rsquo;assemblage pr\u00e9cis d&rsquo;ensembles contenant jusqu&rsquo;\u00e0 50 pi\u00e8ces individuelles. Nos sp\u00e9cialistes suivent des instructions claires et g\u00e8rent eux-m\u00eames des t\u00e2ches complexes,...\" \/>\n<meta property=\"og:url\" content=\"https:\/\/www.integra-sitek.ch\/fr\/production\/montage\/\" \/>\n<meta property=\"og:site_name\" content=\"INTEGRA Sitek AG\" \/>\n<meta property=\"article:modified_time\" content=\"2024-06-12T10:43:07+00:00\" \/>\n<meta property=\"og:image\" content=\"https:\/\/www.integra-sitek.ch\/wp-content\/uploads\/2023\/08\/spickel-blau_2-557x1024.png\" \/>\n<meta name=\"twitter:card\" content=\"summary_large_image\" \/>\n<meta name=\"twitter:label1\" content=\"Dur\u00e9e de lecture estim\u00e9e\" \/>\n\t<meta name=\"twitter:data1\" content=\"2 minutes\" \/>\n<script type=\"application\/ld+json\" class=\"yoast-schema-graph\">{\"@context\":\"https:\\\/\\\/schema.org\",\"@graph\":[{\"@type\":\"WebPage\",\"@id\":\"https:\\\/\\\/www.integra-sitek.ch\\\/fr\\\/production\\\/montage\\\/\",\"url\":\"https:\\\/\\\/www.integra-sitek.ch\\\/fr\\\/production\\\/montage\\\/\",\"name\":\"Montage - INTEGRA Sitek AG\",\"isPartOf\":{\"@id\":\"https:\\\/\\\/www.integra-sitek.ch\\\/fr\\\/#website\"},\"primaryImageOfPage\":{\"@id\":\"https:\\\/\\\/www.integra-sitek.ch\\\/fr\\\/production\\\/montage\\\/#primaryimage\"},\"image\":{\"@id\":\"https:\\\/\\\/www.integra-sitek.ch\\\/fr\\\/production\\\/montage\\\/#primaryimage\"},\"thumbnailUrl\":\"https:\\\/\\\/www.integra-sitek.ch\\\/wp-content\\\/uploads\\\/2023\\\/08\\\/spickel-blau_2-557x1024.png\",\"datePublished\":\"2023-04-12T06:42:09+00:00\",\"dateModified\":\"2024-06-12T10:43:07+00:00\",\"breadcrumb\":{\"@id\":\"https:\\\/\\\/www.integra-sitek.ch\\\/fr\\\/production\\\/montage\\\/#breadcrumb\"},\"inLanguage\":\"fr-FR\",\"potentialAction\":[{\"@type\":\"ReadAction\",\"target\":[\"https:\\\/\\\/www.integra-sitek.ch\\\/fr\\\/production\\\/montage\\\/\"]}]},{\"@type\":\"ImageObject\",\"inLanguage\":\"fr-FR\",\"@id\":\"https:\\\/\\\/www.integra-sitek.ch\\\/fr\\\/production\\\/montage\\\/#primaryimage\",\"url\":\"https:\\\/\\\/www.integra-sitek.ch\\\/wp-content\\\/uploads\\\/2023\\\/08\\\/spickel-blau_2-557x1024.png\",\"contentUrl\":\"https:\\\/\\\/www.integra-sitek.ch\\\/wp-content\\\/uploads\\\/2023\\\/08\\\/spickel-blau_2-557x1024.png\"},{\"@type\":\"BreadcrumbList\",\"@id\":\"https:\\\/\\\/www.integra-sitek.ch\\\/fr\\\/production\\\/montage\\\/#breadcrumb\",\"itemListElement\":[{\"@type\":\"ListItem\",\"position\":1,\"name\":\"Start\",\"item\":\"https:\\\/\\\/www.integra-sitek.ch\\\/fr\\\/\"},{\"@type\":\"ListItem\",\"position\":2,\"name\":\"Production\",\"item\":\"https:\\\/\\\/www.integra-sitek.ch\\\/fr\\\/production\\\/\"},{\"@type\":\"ListItem\",\"position\":3,\"name\":\"Montage\"}]},{\"@type\":\"WebSite\",\"@id\":\"https:\\\/\\\/www.integra-sitek.ch\\\/fr\\\/#website\",\"url\":\"https:\\\/\\\/www.integra-sitek.ch\\\/fr\\\/\",\"name\":\"INTEGRA Sitek AG\",\"description\":\"Metalldrehteile, Kunststoffspritzgussteile, Baugruppen, Hybridkomponenten, Spritzgiessen, D\u00e9colletage, Montage\",\"publisher\":{\"@id\":\"https:\\\/\\\/www.integra-sitek.ch\\\/fr\\\/#organization\"},\"potentialAction\":[{\"@type\":\"SearchAction\",\"target\":{\"@type\":\"EntryPoint\",\"urlTemplate\":\"https:\\\/\\\/www.integra-sitek.ch\\\/fr\\\/?s={search_term_string}\"},\"query-input\":{\"@type\":\"PropertyValueSpecification\",\"valueRequired\":true,\"valueName\":\"search_term_string\"}}],\"inLanguage\":\"fr-FR\"},{\"@type\":\"Organization\",\"@id\":\"https:\\\/\\\/www.integra-sitek.ch\\\/fr\\\/#organization\",\"name\":\"INTEGRA Sitek AG\",\"url\":\"https:\\\/\\\/www.integra-sitek.ch\\\/fr\\\/\",\"logo\":{\"@type\":\"ImageObject\",\"inLanguage\":\"fr-FR\",\"@id\":\"https:\\\/\\\/www.integra-sitek.ch\\\/fr\\\/#\\\/schema\\\/logo\\\/image\\\/\",\"url\":\"https:\\\/\\\/www.integra-sitek.ch\\\/wp-content\\\/uploads\\\/2023\\\/03\\\/integra-sitek-logo.svg\",\"contentUrl\":\"https:\\\/\\\/www.integra-sitek.ch\\\/wp-content\\\/uploads\\\/2023\\\/03\\\/integra-sitek-logo.svg\",\"width\":154,\"height\":43,\"caption\":\"INTEGRA Sitek AG\"},\"image\":{\"@id\":\"https:\\\/\\\/www.integra-sitek.ch\\\/fr\\\/#\\\/schema\\\/logo\\\/image\\\/\"},\"sameAs\":[\"https:\\\/\\\/ch.linkedin.com\\\/company\\\/integra-sitek-ag\"]}]}<\/script>\n<!-- \/ Yoast SEO Premium plugin. -->","yoast_head_json":{"title":"Montage - INTEGRA Sitek AG","robots":{"index":"index","follow":"follow","max-snippet":"max-snippet:-1","max-image-preview":"max-image-preview:large","max-video-preview":"max-video-preview:-1"},"canonical":"https:\/\/www.integra-sitek.ch\/fr\/production\/montage\/","og_locale":"fr_FR","og_type":"article","og_title":"Montage","og_description":"Visser, brancher, ins\u00e9rer, soudersoudage par ultrasons, emballage MONTAGE DE MODULES quelques exemples Dans notre service d&rsquo;assemblage moderne, nous sommes experts dans l&rsquo;assemblage pr\u00e9cis d&rsquo;ensembles contenant jusqu&rsquo;\u00e0 50 pi\u00e8ces individuelles. Nos sp\u00e9cialistes suivent des instructions claires et g\u00e8rent eux-m\u00eames des t\u00e2ches complexes,...","og_url":"https:\/\/www.integra-sitek.ch\/fr\/production\/montage\/","og_site_name":"INTEGRA Sitek AG","article_modified_time":"2024-06-12T10:43:07+00:00","og_image":[{"url":"https:\/\/www.integra-sitek.ch\/wp-content\/uploads\/2023\/08\/spickel-blau_2-557x1024.png","type":"","width":"","height":""}],"twitter_card":"summary_large_image","twitter_misc":{"Dur\u00e9e de lecture estim\u00e9e":"2 minutes"},"schema":{"@context":"https:\/\/schema.org","@graph":[{"@type":"WebPage","@id":"https:\/\/www.integra-sitek.ch\/fr\/production\/montage\/","url":"https:\/\/www.integra-sitek.ch\/fr\/production\/montage\/","name":"Montage - INTEGRA Sitek AG","isPartOf":{"@id":"https:\/\/www.integra-sitek.ch\/fr\/#website"},"primaryImageOfPage":{"@id":"https:\/\/www.integra-sitek.ch\/fr\/production\/montage\/#primaryimage"},"image":{"@id":"https:\/\/www.integra-sitek.ch\/fr\/production\/montage\/#primaryimage"},"thumbnailUrl":"https:\/\/www.integra-sitek.ch\/wp-content\/uploads\/2023\/08\/spickel-blau_2-557x1024.png","datePublished":"2023-04-12T06:42:09+00:00","dateModified":"2024-06-12T10:43:07+00:00","breadcrumb":{"@id":"https:\/\/www.integra-sitek.ch\/fr\/production\/montage\/#breadcrumb"},"inLanguage":"fr-FR","potentialAction":[{"@type":"ReadAction","target":["https:\/\/www.integra-sitek.ch\/fr\/production\/montage\/"]}]},{"@type":"ImageObject","inLanguage":"fr-FR","@id":"https:\/\/www.integra-sitek.ch\/fr\/production\/montage\/#primaryimage","url":"https:\/\/www.integra-sitek.ch\/wp-content\/uploads\/2023\/08\/spickel-blau_2-557x1024.png","contentUrl":"https:\/\/www.integra-sitek.ch\/wp-content\/uploads\/2023\/08\/spickel-blau_2-557x1024.png"},{"@type":"BreadcrumbList","@id":"https:\/\/www.integra-sitek.ch\/fr\/production\/montage\/#breadcrumb","itemListElement":[{"@type":"ListItem","position":1,"name":"Start","item":"https:\/\/www.integra-sitek.ch\/fr\/"},{"@type":"ListItem","position":2,"name":"Production","item":"https:\/\/www.integra-sitek.ch\/fr\/production\/"},{"@type":"ListItem","position":3,"name":"Montage"}]},{"@type":"WebSite","@id":"https:\/\/www.integra-sitek.ch\/fr\/#website","url":"https:\/\/www.integra-sitek.ch\/fr\/","name":"INTEGRA Sitek AG","description":"Metalldrehteile, Kunststoffspritzgussteile, Baugruppen, Hybridkomponenten, Spritzgiessen, D\u00e9colletage, Montage","publisher":{"@id":"https:\/\/www.integra-sitek.ch\/fr\/#organization"},"potentialAction":[{"@type":"SearchAction","target":{"@type":"EntryPoint","urlTemplate":"https:\/\/www.integra-sitek.ch\/fr\/?s={search_term_string}"},"query-input":{"@type":"PropertyValueSpecification","valueRequired":true,"valueName":"search_term_string"}}],"inLanguage":"fr-FR"},{"@type":"Organization","@id":"https:\/\/www.integra-sitek.ch\/fr\/#organization","name":"INTEGRA Sitek AG","url":"https:\/\/www.integra-sitek.ch\/fr\/","logo":{"@type":"ImageObject","inLanguage":"fr-FR","@id":"https:\/\/www.integra-sitek.ch\/fr\/#\/schema\/logo\/image\/","url":"https:\/\/www.integra-sitek.ch\/wp-content\/uploads\/2023\/03\/integra-sitek-logo.svg","contentUrl":"https:\/\/www.integra-sitek.ch\/wp-content\/uploads\/2023\/03\/integra-sitek-logo.svg","width":154,"height":43,"caption":"INTEGRA Sitek AG"},"image":{"@id":"https:\/\/www.integra-sitek.ch\/fr\/#\/schema\/logo\/image\/"},"sameAs":["https:\/\/ch.linkedin.com\/company\/integra-sitek-ag"]}]}},"_links":{"self":[{"href":"https:\/\/www.integra-sitek.ch\/fr\/wp-json\/wp\/v2\/pages\/22836","targetHints":{"allow":["GET"]}}],"collection":[{"href":"https:\/\/www.integra-sitek.ch\/fr\/wp-json\/wp\/v2\/pages"}],"about":[{"href":"https:\/\/www.integra-sitek.ch\/fr\/wp-json\/wp\/v2\/types\/page"}],"author":[{"embeddable":true,"href":"https:\/\/www.integra-sitek.ch\/fr\/wp-json\/wp\/v2\/users\/1"}],"replies":[{"embeddable":true,"href":"https:\/\/www.integra-sitek.ch\/fr\/wp-json\/wp\/v2\/comments?post=22836"}],"version-history":[{"count":10,"href":"https:\/\/www.integra-sitek.ch\/fr\/wp-json\/wp\/v2\/pages\/22836\/revisions"}],"predecessor-version":[{"id":23335,"href":"https:\/\/www.integra-sitek.ch\/fr\/wp-json\/wp\/v2\/pages\/22836\/revisions\/23335"}],"up":[{"embeddable":true,"href":"https:\/\/www.integra-sitek.ch\/fr\/wp-json\/wp\/v2\/pages\/22812"}],"wp:attachment":[{"href":"https:\/\/www.integra-sitek.ch\/fr\/wp-json\/wp\/v2\/media?parent=22836"}],"curies":[{"name":"wp","href":"https:\/\/api.w.org\/{rel}","templated":true}]}}