{"id":22842,"date":"2023-03-30T07:52:42","date_gmt":"2023-03-30T07:52:42","guid":{"rendered":"https:\/\/www.integra-sitek.ch\/pieces-tournees\/"},"modified":"2024-06-12T10:41:38","modified_gmt":"2024-06-12T10:41:38","slug":"pieces-tournees","status":"publish","type":"page","link":"https:\/\/www.integra-sitek.ch\/fr\/pieces-tournees\/","title":{"rendered":"Pi\u00e8ces tourn\u00e9es"},"content":{"rendered":"<p>Nous disposons de tours automatiques<br \/>CNC modernes et performants<\/p>\n<h2>Pi\u00e8ces tourn\u00e9es<\/h2>\n<p>\t\t\t\t\t\t\t\t\t\t\t\t\t<img fetchpriority=\"high\" decoding=\"async\" width=\"557\" height=\"1024\" src=\"https:\/\/www.integra-sitek.ch\/wp-content\/uploads\/2023\/08\/spickel-blau_2-557x1024.png\" alt=\"\" srcset=\"https:\/\/www.integra-sitek.ch\/wp-content\/uploads\/2023\/08\/spickel-blau_2-557x1024.png 557w, https:\/\/www.integra-sitek.ch\/wp-content\/uploads\/2023\/08\/spickel-blau_2-163x300.png 163w, https:\/\/www.integra-sitek.ch\/wp-content\/uploads\/2023\/08\/spickel-blau_2.png 611w\" sizes=\"(max-width: 557px) 100vw, 557px\" \/><br \/>\n\t\t\t\t\t\t\t\t\t\t\t\t\t<img decoding=\"async\" width=\"470\" height=\"427\" src=\"https:\/\/www.integra-sitek.ch\/wp-content\/uploads\/2023\/03\/startseite-metalldrehteile-produkt-9b932e03.png\" alt=\"\" srcset=\"https:\/\/www.integra-sitek.ch\/wp-content\/uploads\/2023\/03\/startseite-metalldrehteile-produkt-9b932e03.png 470w, https:\/\/www.integra-sitek.ch\/wp-content\/uploads\/2023\/03\/startseite-metalldrehteile-produkt-9b932e03-300x273.png 300w\" sizes=\"(max-width: 470px) 100vw, 470px\" \/>\t\t\t\t\t\t\t\t\t\t\t\t\t<\/p>\n<p>Nous traitons tous les aciers de d\u00e9colletage, les alliages de m\u00e9taux non ferreux, l&rsquo;aluminium, le titane, les aciers inoxydables et les plastiques \u00e0 la barre tels que le POM, le PA et le PEEK.<\/p>\n<p>Nous sommes sp\u00e9cialis\u00e9s dans les s\u00e9ries moyennes \u00e0 grandes, id\u00e9alement \u00e0 partir d&rsquo;environ 1000 pi\u00e8ces jusqu&rsquo;\u00e0 100&rsquo;000 pi\u00e8ces ou plus.<\/p>\n<p>Nous sommes sp\u00e9cialis\u00e9s dans le tournage, l&rsquo;engrenage, le meulage cylindrique, le laminage, le polissage, le roulage, le fraisage, le per\u00e7age, le sertissage, le poin\u00e7onnage et le per\u00e7age de trous profonds de pi\u00e8ces \u00e0 sym\u00e9trie de rotation de 1 \u00e0 42 mm de diam\u00e8tre \u00e0 partir de barres ou d&rsquo;anneaux de fil.<\/p>\n<p>\t\t\t\t\t\t\t<a href=\"https:\/\/www.integra-sitek.ch\/wp-content\/uploads\/2023\/12\/Langdrehteile-scaled.jpg\" data-elementor-open-lightbox=\"yes\" data-elementor-lightbox-slideshow=\"ec54227\" data-elementor-lightbox-title=\"Langdrehteile\" data-e-action-hash=\"#elementor-action%3Aaction%3Dlightbox%26settings%3DeyJpZCI6MTk4NjAsInVybCI6Imh0dHBzOlwvXC93d3cuaW50ZWdyYS1zaXRlay5jaFwvd3AtY29udGVudFwvdXBsb2Fkc1wvMjAyM1wvMTJcL0xhbmdkcmVodGVpbGUtc2NhbGVkLmpwZyIsInNsaWRlc2hvdyI6ImVjNTQyMjcifQ%3D%3D\"><br \/>\n\t\t\t\t\t\t\t\t\t\t\t\t\t\t<\/a><br \/>\n\t\t\t\t\t\t\t<a href=\"https:\/\/www.integra-sitek.ch\/wp-content\/uploads\/2023\/12\/Zahnraeder-scaled.jpg\" data-elementor-open-lightbox=\"yes\" data-elementor-lightbox-slideshow=\"ec54227\" data-elementor-lightbox-title=\"Zahnra\u0308der\" data-e-action-hash=\"#elementor-action%3Aaction%3Dlightbox%26settings%3DeyJpZCI6MTk4NTYsInVybCI6Imh0dHBzOlwvXC93d3cuaW50ZWdyYS1zaXRlay5jaFwvd3AtY29udGVudFwvdXBsb2Fkc1wvMjAyM1wvMTJcL1phaG5yYWVkZXItc2NhbGVkLmpwZyIsInNsaWRlc2hvdyI6ImVjNTQyMjcifQ%3D%3D\"><br \/>\n\t\t\t\t\t\t\t\t\t\t\t\t\t\t<\/a><br \/>\n\t\t\t\t\t\t\t<a href=\"https:\/\/www.integra-sitek.ch\/wp-content\/uploads\/2023\/12\/Gewinde-scaled.jpg\" data-elementor-open-lightbox=\"yes\" data-elementor-lightbox-slideshow=\"ec54227\" data-elementor-lightbox-title=\"Gewinde\" data-e-action-hash=\"#elementor-action%3Aaction%3Dlightbox%26settings%3DeyJpZCI6MTk4NTQsInVybCI6Imh0dHBzOlwvXC93d3cuaW50ZWdyYS1zaXRlay5jaFwvd3AtY29udGVudFwvdXBsb2Fkc1wvMjAyM1wvMTJcL0dld2luZGUtc2NhbGVkLmpwZyIsInNsaWRlc2hvdyI6ImVjNTQyMjcifQ%3D%3D\"><br \/>\n\t\t\t\t\t\t\t\t\t\t\t\t\t\t<\/a><br \/>\n\t\t\t\t\t\t\t<a href=\"https:\/\/www.integra-sitek.ch\/wp-content\/uploads\/2023\/03\/Drehteil-aus-Aluminium-scaled.jpg\" data-elementor-open-lightbox=\"yes\" data-elementor-lightbox-slideshow=\"ec54227\" data-elementor-lightbox-title=\"Drehteil aus Aluminium\" data-e-action-hash=\"#elementor-action%3Aaction%3Dlightbox%26settings%3DeyJpZCI6MTYxMTUsInVybCI6Imh0dHBzOlwvXC93d3cuaW50ZWdyYS1zaXRlay5jaFwvd3AtY29udGVudFwvdXBsb2Fkc1wvMjAyM1wvMDNcL0RyZWh0ZWlsLWF1cy1BbHVtaW5pdW0tc2NhbGVkLmpwZyIsInNsaWRlc2hvdyI6ImVjNTQyMjcifQ%3D%3D\"><br \/>\n\t\t\t\t\t\t\t\t\t\t\t\t\t\t<\/a><br \/>\n\t\t\t\t\t\t\t<a href=\"https:\/\/www.integra-sitek.ch\/wp-content\/uploads\/2023\/12\/Praezisionsdrehteil-aus-MS-1.jpg\" data-elementor-open-lightbox=\"yes\" data-elementor-lightbox-slideshow=\"ec54227\" data-elementor-lightbox-title=\"Pr\u00e4zisionsdrehteil aus MS\" data-e-action-hash=\"#elementor-action%3Aaction%3Dlightbox%26settings%3DeyJpZCI6MTk3ODEsInVybCI6Imh0dHBzOlwvXC93d3cuaW50ZWdyYS1zaXRlay5jaFwvd3AtY29udGVudFwvdXBsb2Fkc1wvMjAyM1wvMTJcL1ByYWV6aXNpb25zZHJlaHRlaWwtYXVzLU1TLTEuanBnIiwic2xpZGVzaG93IjoiZWM1NDIyNyJ9\"><br \/>\n\t\t\t\t\t\t\t\t\t\t\t\t\t\t<\/a><br \/>\n\t\t\t\t\t\t\t<a href=\"https:\/\/www.integra-sitek.ch\/wp-content\/uploads\/2023\/12\/rostfreie-Staehle-scaled.jpg\" data-elementor-open-lightbox=\"yes\" data-elementor-lightbox-slideshow=\"ec54227\" data-elementor-lightbox-title=\"rostfreie Sta\u0308hle\" data-e-action-hash=\"#elementor-action%3Aaction%3Dlightbox%26settings%3DeyJpZCI6MTk4NjEsInVybCI6Imh0dHBzOlwvXC93d3cuaW50ZWdyYS1zaXRlay5jaFwvd3AtY29udGVudFwvdXBsb2Fkc1wvMjAyM1wvMTJcL3Jvc3RmcmVpZS1TdGFlaGxlLXNjYWxlZC5qcGciLCJzbGlkZXNob3ciOiJlYzU0MjI3In0%3D\"><br \/>\n\t\t\t\t\t\t\t\t\t\t\t\t\t\t<\/a><br \/>\n\t\t\t\t\t\t\t<a href=\"https:\/\/www.integra-sitek.ch\/wp-content\/uploads\/2023\/12\/Drehteil-aus-Aluminium-1.jpg\" data-elementor-open-lightbox=\"yes\" data-elementor-lightbox-slideshow=\"ec54227\" data-elementor-lightbox-title=\"Drehteil aus Aluminium\" data-e-action-hash=\"#elementor-action%3Aaction%3Dlightbox%26settings%3DeyJpZCI6MTk3ODIsInVybCI6Imh0dHBzOlwvXC93d3cuaW50ZWdyYS1zaXRlay5jaFwvd3AtY29udGVudFwvdXBsb2Fkc1wvMjAyM1wvMTJcL0RyZWh0ZWlsLWF1cy1BbHVtaW5pdW0tMS5qcGciLCJzbGlkZXNob3ciOiJlYzU0MjI3In0%3D\"><br \/>\n\t\t\t\t\t\t\t\t\t\t\t\t\t\t<\/a><\/p>\n","protected":false},"excerpt":{"rendered":"<p>Nous disposons de tours automatiquesCNC modernes et performants Pi\u00e8ces tourn\u00e9es Nous traitons tous les aciers de d\u00e9colletage, les alliages de m\u00e9taux non ferreux, l&rsquo;aluminium, le titane, les aciers inoxydables et les plastiques \u00e0 la barre tels que le POM, le PA&#8230;<\/p>\n","protected":false},"author":1,"featured_media":0,"parent":0,"menu_order":0,"comment_status":"closed","ping_status":"closed","template":"","meta":{"footnotes":""},"class_list":["post-22842","page","type-page","status-publish","hentry"],"yoast_head":"<!-- This site is optimized with the Yoast SEO Premium plugin v27.5 (Yoast SEO v27.5) - https:\/\/yoast.com\/product\/yoast-seo-premium-wordpress\/ -->\n<title>Pi\u00e8ces tourn\u00e9es - INTEGRA Sitek AG<\/title>\n<meta name=\"robots\" content=\"index, follow, max-snippet:-1, max-image-preview:large, max-video-preview:-1\" \/>\n<link rel=\"canonical\" href=\"https:\/\/www.integra-sitek.ch\/fr\/pieces-tournees\/\" \/>\n<meta property=\"og:locale\" content=\"fr_FR\" \/>\n<meta property=\"og:type\" content=\"article\" \/>\n<meta property=\"og:title\" content=\"Pi\u00e8ces tourn\u00e9es\" \/>\n<meta property=\"og:description\" content=\"Nous disposons de tours automatiquesCNC modernes et performants Pi\u00e8ces tourn\u00e9es Nous traitons tous les aciers de d\u00e9colletage, les alliages de m\u00e9taux non ferreux, l&rsquo;aluminium, le titane, les aciers inoxydables et les plastiques \u00e0 la barre tels que le POM, le PA...\" \/>\n<meta property=\"og:url\" content=\"https:\/\/www.integra-sitek.ch\/fr\/pieces-tournees\/\" \/>\n<meta property=\"og:site_name\" content=\"INTEGRA Sitek AG\" \/>\n<meta property=\"article:modified_time\" content=\"2024-06-12T10:41:38+00:00\" \/>\n<meta property=\"og:image\" content=\"https:\/\/www.integra-sitek.ch\/wp-content\/uploads\/2023\/08\/spickel-blau_2-557x1024.png\" \/>\n<meta name=\"twitter:card\" content=\"summary_large_image\" \/>\n<meta name=\"twitter:label1\" content=\"Dur\u00e9e de lecture estim\u00e9e\" \/>\n\t<meta name=\"twitter:data1\" content=\"1 minute\" \/>\n<script type=\"application\/ld+json\" class=\"yoast-schema-graph\">{\"@context\":\"https:\\\/\\\/schema.org\",\"@graph\":[{\"@type\":\"WebPage\",\"@id\":\"https:\\\/\\\/www.integra-sitek.ch\\\/fr\\\/pieces-tournees\\\/\",\"url\":\"https:\\\/\\\/www.integra-sitek.ch\\\/fr\\\/pieces-tournees\\\/\",\"name\":\"Pi\u00e8ces tourn\u00e9es - INTEGRA Sitek AG\",\"isPartOf\":{\"@id\":\"https:\\\/\\\/www.integra-sitek.ch\\\/fr\\\/#website\"},\"primaryImageOfPage\":{\"@id\":\"https:\\\/\\\/www.integra-sitek.ch\\\/fr\\\/pieces-tournees\\\/#primaryimage\"},\"image\":{\"@id\":\"https:\\\/\\\/www.integra-sitek.ch\\\/fr\\\/pieces-tournees\\\/#primaryimage\"},\"thumbnailUrl\":\"https:\\\/\\\/www.integra-sitek.ch\\\/wp-content\\\/uploads\\\/2023\\\/08\\\/spickel-blau_2-557x1024.png\",\"datePublished\":\"2023-03-30T07:52:42+00:00\",\"dateModified\":\"2024-06-12T10:41:38+00:00\",\"breadcrumb\":{\"@id\":\"https:\\\/\\\/www.integra-sitek.ch\\\/fr\\\/pieces-tournees\\\/#breadcrumb\"},\"inLanguage\":\"fr-FR\",\"potentialAction\":[{\"@type\":\"ReadAction\",\"target\":[\"https:\\\/\\\/www.integra-sitek.ch\\\/fr\\\/pieces-tournees\\\/\"]}]},{\"@type\":\"ImageObject\",\"inLanguage\":\"fr-FR\",\"@id\":\"https:\\\/\\\/www.integra-sitek.ch\\\/fr\\\/pieces-tournees\\\/#primaryimage\",\"url\":\"https:\\\/\\\/www.integra-sitek.ch\\\/wp-content\\\/uploads\\\/2023\\\/08\\\/spickel-blau_2-557x1024.png\",\"contentUrl\":\"https:\\\/\\\/www.integra-sitek.ch\\\/wp-content\\\/uploads\\\/2023\\\/08\\\/spickel-blau_2-557x1024.png\"},{\"@type\":\"BreadcrumbList\",\"@id\":\"https:\\\/\\\/www.integra-sitek.ch\\\/fr\\\/pieces-tournees\\\/#breadcrumb\",\"itemListElement\":[{\"@type\":\"ListItem\",\"position\":1,\"name\":\"Start\",\"item\":\"https:\\\/\\\/www.integra-sitek.ch\\\/fr\\\/\"},{\"@type\":\"ListItem\",\"position\":2,\"name\":\"Pi\u00e8ces tourn\u00e9es\"}]},{\"@type\":\"WebSite\",\"@id\":\"https:\\\/\\\/www.integra-sitek.ch\\\/fr\\\/#website\",\"url\":\"https:\\\/\\\/www.integra-sitek.ch\\\/fr\\\/\",\"name\":\"INTEGRA Sitek AG\",\"description\":\"Metalldrehteile, Kunststoffspritzgussteile, Baugruppen, Hybridkomponenten, Spritzgiessen, D\u00e9colletage, Montage\",\"publisher\":{\"@id\":\"https:\\\/\\\/www.integra-sitek.ch\\\/fr\\\/#organization\"},\"potentialAction\":[{\"@type\":\"SearchAction\",\"target\":{\"@type\":\"EntryPoint\",\"urlTemplate\":\"https:\\\/\\\/www.integra-sitek.ch\\\/fr\\\/?s={search_term_string}\"},\"query-input\":{\"@type\":\"PropertyValueSpecification\",\"valueRequired\":true,\"valueName\":\"search_term_string\"}}],\"inLanguage\":\"fr-FR\"},{\"@type\":\"Organization\",\"@id\":\"https:\\\/\\\/www.integra-sitek.ch\\\/fr\\\/#organization\",\"name\":\"INTEGRA Sitek AG\",\"url\":\"https:\\\/\\\/www.integra-sitek.ch\\\/fr\\\/\",\"logo\":{\"@type\":\"ImageObject\",\"inLanguage\":\"fr-FR\",\"@id\":\"https:\\\/\\\/www.integra-sitek.ch\\\/fr\\\/#\\\/schema\\\/logo\\\/image\\\/\",\"url\":\"https:\\\/\\\/www.integra-sitek.ch\\\/wp-content\\\/uploads\\\/2023\\\/03\\\/integra-sitek-logo.svg\",\"contentUrl\":\"https:\\\/\\\/www.integra-sitek.ch\\\/wp-content\\\/uploads\\\/2023\\\/03\\\/integra-sitek-logo.svg\",\"width\":154,\"height\":43,\"caption\":\"INTEGRA Sitek AG\"},\"image\":{\"@id\":\"https:\\\/\\\/www.integra-sitek.ch\\\/fr\\\/#\\\/schema\\\/logo\\\/image\\\/\"},\"sameAs\":[\"https:\\\/\\\/ch.linkedin.com\\\/company\\\/integra-sitek-ag\"]}]}<\/script>\n<!-- \/ Yoast SEO Premium plugin. -->","yoast_head_json":{"title":"Pi\u00e8ces tourn\u00e9es - INTEGRA Sitek AG","robots":{"index":"index","follow":"follow","max-snippet":"max-snippet:-1","max-image-preview":"max-image-preview:large","max-video-preview":"max-video-preview:-1"},"canonical":"https:\/\/www.integra-sitek.ch\/fr\/pieces-tournees\/","og_locale":"fr_FR","og_type":"article","og_title":"Pi\u00e8ces tourn\u00e9es","og_description":"Nous disposons de tours automatiquesCNC modernes et performants Pi\u00e8ces tourn\u00e9es Nous traitons tous les aciers de d\u00e9colletage, les alliages de m\u00e9taux non ferreux, l&rsquo;aluminium, le titane, les aciers inoxydables et les plastiques \u00e0 la barre tels que le POM, le PA...","og_url":"https:\/\/www.integra-sitek.ch\/fr\/pieces-tournees\/","og_site_name":"INTEGRA Sitek AG","article_modified_time":"2024-06-12T10:41:38+00:00","og_image":[{"url":"https:\/\/www.integra-sitek.ch\/wp-content\/uploads\/2023\/08\/spickel-blau_2-557x1024.png","type":"","width":"","height":""}],"twitter_card":"summary_large_image","twitter_misc":{"Dur\u00e9e de lecture estim\u00e9e":"1 minute"},"schema":{"@context":"https:\/\/schema.org","@graph":[{"@type":"WebPage","@id":"https:\/\/www.integra-sitek.ch\/fr\/pieces-tournees\/","url":"https:\/\/www.integra-sitek.ch\/fr\/pieces-tournees\/","name":"Pi\u00e8ces tourn\u00e9es - INTEGRA Sitek AG","isPartOf":{"@id":"https:\/\/www.integra-sitek.ch\/fr\/#website"},"primaryImageOfPage":{"@id":"https:\/\/www.integra-sitek.ch\/fr\/pieces-tournees\/#primaryimage"},"image":{"@id":"https:\/\/www.integra-sitek.ch\/fr\/pieces-tournees\/#primaryimage"},"thumbnailUrl":"https:\/\/www.integra-sitek.ch\/wp-content\/uploads\/2023\/08\/spickel-blau_2-557x1024.png","datePublished":"2023-03-30T07:52:42+00:00","dateModified":"2024-06-12T10:41:38+00:00","breadcrumb":{"@id":"https:\/\/www.integra-sitek.ch\/fr\/pieces-tournees\/#breadcrumb"},"inLanguage":"fr-FR","potentialAction":[{"@type":"ReadAction","target":["https:\/\/www.integra-sitek.ch\/fr\/pieces-tournees\/"]}]},{"@type":"ImageObject","inLanguage":"fr-FR","@id":"https:\/\/www.integra-sitek.ch\/fr\/pieces-tournees\/#primaryimage","url":"https:\/\/www.integra-sitek.ch\/wp-content\/uploads\/2023\/08\/spickel-blau_2-557x1024.png","contentUrl":"https:\/\/www.integra-sitek.ch\/wp-content\/uploads\/2023\/08\/spickel-blau_2-557x1024.png"},{"@type":"BreadcrumbList","@id":"https:\/\/www.integra-sitek.ch\/fr\/pieces-tournees\/#breadcrumb","itemListElement":[{"@type":"ListItem","position":1,"name":"Start","item":"https:\/\/www.integra-sitek.ch\/fr\/"},{"@type":"ListItem","position":2,"name":"Pi\u00e8ces tourn\u00e9es"}]},{"@type":"WebSite","@id":"https:\/\/www.integra-sitek.ch\/fr\/#website","url":"https:\/\/www.integra-sitek.ch\/fr\/","name":"INTEGRA Sitek AG","description":"Metalldrehteile, Kunststoffspritzgussteile, Baugruppen, Hybridkomponenten, Spritzgiessen, D\u00e9colletage, Montage","publisher":{"@id":"https:\/\/www.integra-sitek.ch\/fr\/#organization"},"potentialAction":[{"@type":"SearchAction","target":{"@type":"EntryPoint","urlTemplate":"https:\/\/www.integra-sitek.ch\/fr\/?s={search_term_string}"},"query-input":{"@type":"PropertyValueSpecification","valueRequired":true,"valueName":"search_term_string"}}],"inLanguage":"fr-FR"},{"@type":"Organization","@id":"https:\/\/www.integra-sitek.ch\/fr\/#organization","name":"INTEGRA Sitek AG","url":"https:\/\/www.integra-sitek.ch\/fr\/","logo":{"@type":"ImageObject","inLanguage":"fr-FR","@id":"https:\/\/www.integra-sitek.ch\/fr\/#\/schema\/logo\/image\/","url":"https:\/\/www.integra-sitek.ch\/wp-content\/uploads\/2023\/03\/integra-sitek-logo.svg","contentUrl":"https:\/\/www.integra-sitek.ch\/wp-content\/uploads\/2023\/03\/integra-sitek-logo.svg","width":154,"height":43,"caption":"INTEGRA Sitek AG"},"image":{"@id":"https:\/\/www.integra-sitek.ch\/fr\/#\/schema\/logo\/image\/"},"sameAs":["https:\/\/ch.linkedin.com\/company\/integra-sitek-ag"]}]}},"_links":{"self":[{"href":"https:\/\/www.integra-sitek.ch\/fr\/wp-json\/wp\/v2\/pages\/22842","targetHints":{"allow":["GET"]}}],"collection":[{"href":"https:\/\/www.integra-sitek.ch\/fr\/wp-json\/wp\/v2\/pages"}],"about":[{"href":"https:\/\/www.integra-sitek.ch\/fr\/wp-json\/wp\/v2\/types\/page"}],"author":[{"embeddable":true,"href":"https:\/\/www.integra-sitek.ch\/fr\/wp-json\/wp\/v2\/users\/1"}],"replies":[{"embeddable":true,"href":"https:\/\/www.integra-sitek.ch\/fr\/wp-json\/wp\/v2\/comments?post=22842"}],"version-history":[{"count":7,"href":"https:\/\/www.integra-sitek.ch\/fr\/wp-json\/wp\/v2\/pages\/22842\/revisions"}],"predecessor-version":[{"id":23348,"href":"https:\/\/www.integra-sitek.ch\/fr\/wp-json\/wp\/v2\/pages\/22842\/revisions\/23348"}],"wp:attachment":[{"href":"https:\/\/www.integra-sitek.ch\/fr\/wp-json\/wp\/v2\/media?parent=22842"}],"curies":[{"name":"wp","href":"https:\/\/api.w.org\/{rel}","templated":true}]}}