{"id":22866,"date":"2023-04-12T07:59:47","date_gmt":"2023-04-12T07:59:47","guid":{"rendered":"https:\/\/www.integra-sitek.ch\/qualite\/certification\/"},"modified":"2024-06-12T10:44:32","modified_gmt":"2024-06-12T10:44:32","slug":"certification","status":"publish","type":"page","link":"https:\/\/www.integra-sitek.ch\/fr\/qualite\/certification\/","title":{"rendered":"Certification"},"content":{"rendered":"\t\t<div data-elementor-type=\"wp-page\" data-elementor-id=\"22866\" class=\"elementor elementor-22866 elementor-16436\" data-elementor-post-type=\"page\">\n\t\t\t\t\t\t<section class=\"elementor-section elementor-top-section elementor-element elementor-element-e23a4ee elementor-section-full_width elementor-section-height-min-height elementor-section-stretched header-section elementor-section-height-default elementor-section-items-middle\" data-id=\"e23a4ee\" data-element_type=\"section\" data-e-type=\"section\" data-settings=\"{&quot;stretch_section&quot;:&quot;section-stretched&quot;}\">\n\t\t\t\t\t\t<div class=\"elementor-container elementor-column-gap-default\">\n\t\t\t\t\t<div class=\"elementor-column elementor-col-100 elementor-top-column elementor-element elementor-element-b06d4b5\" data-id=\"b06d4b5\" data-element_type=\"column\" data-e-type=\"column\" data-settings=\"{&quot;background_background&quot;:&quot;classic&quot;}\">\n\t\t\t<div class=\"elementor-widget-wrap elementor-element-populated\">\n\t\t\t\t\t\t<div class=\"elementor-element elementor-element-f04cd74 elementor-widget elementor-widget-text-editor\" data-id=\"f04cd74\" data-element_type=\"widget\" data-e-type=\"widget\" data-widget_type=\"text-editor.default\">\n\t\t\t\t<div class=\"elementor-widget-container\">\n\t\t\t\t\t\t\t\t\t<p>La qualit\u00e9 est au centre des pr\u00e9occupations<br \/>de notre philosophie d&rsquo;entreprise<\/p>\n\t\t\t\t\t\t\t\t<\/div>\n\t\t\t\t<\/div>\n\t\t\t\t<div class=\"elementor-element elementor-element-acd4efd elementor-widget elementor-widget-text-editor\" data-id=\"acd4efd\" data-element_type=\"widget\" data-e-type=\"widget\" data-widget_type=\"text-editor.default\">\n\t\t\t\t<div class=\"elementor-widget-container\">\n\t\t\t\t\t\t\t\t\t<h2>CERTIFICATION<\/h2>\n\t\t\t\t\t\t\t\t<\/div>\n\t\t\t\t<\/div>\n\t\t\t\t\t<\/div>\n\t\t<\/div>\n\t\t\t\t\t<\/div>\n\t\t<\/section>\n\t\t\t\t<section class=\"elementor-section elementor-top-section elementor-element elementor-element-2c9f53d2 elementor-section-stretched elementor-section-boxed elementor-section-height-default elementor-section-height-default\" data-id=\"2c9f53d2\" data-element_type=\"section\" data-e-type=\"section\" data-settings=\"{&quot;stretch_section&quot;:&quot;section-stretched&quot;,&quot;background_background&quot;:&quot;classic&quot;}\">\n\t\t\t\t\t\t<div class=\"elementor-container elementor-column-gap-default\">\n\t\t\t\t\t<div class=\"elementor-column elementor-col-50 elementor-top-column elementor-element elementor-element-422769f1\" data-id=\"422769f1\" data-element_type=\"column\" data-e-type=\"column\">\n\t\t\t<div class=\"elementor-widget-wrap elementor-element-populated\">\n\t\t\t\t\t\t<div class=\"elementor-element elementor-element-4ecea6b elementor-widget elementor-widget-industrium_heading\" data-id=\"4ecea6b\" data-element_type=\"widget\" data-e-type=\"widget\" data-widget_type=\"industrium_heading.default\">\n\t\t\t\t<div class=\"elementor-widget-container\">\n\t\t\t\t\t<div class=\"industrium-heading-widget\"><h2 class=\"industrium-heading\"><span class=\"industrium-heading-content\">NOS PRINCIPALES CERTIFICATIONS SONT:<\/span><\/h2><\/div>\t\t\t\t<\/div>\n\t\t\t\t<\/div>\n\t\t\t\t<div class=\"elementor-element elementor-element-8ee1180 elementor-widget elementor-widget-text-editor\" data-id=\"8ee1180\" data-element_type=\"widget\" data-e-type=\"widget\" data-widget_type=\"text-editor.default\">\n\t\t\t\t<div class=\"elementor-widget-container\">\n\t\t\t\t\t\t\t\t\t<ul><li><a href=\"https:\/\/www.integra-sitek.ch\/wp-content\/uploads\/2023\/09\/sqs2.pdf\" target=\"_blank\" rel=\"noopener\">ISO 9001:2015 pour notre syst\u00e8me de gestion de la qualit\u00e9 efficace<\/a><\/li><li><a href=\"https:\/\/www.integra-sitek.ch\/wp-content\/uploads\/2023\/09\/sqs2.pdf\" target=\"_blank\" rel=\"noopener\">ISO 14001:2015 pour notre syst\u00e8me de gestion de l&rsquo;environnement<\/a><\/li><li><a href=\"https:\/\/www.integra-sitek.ch\/wp-content\/uploads\/2023\/09\/sqs2.pdf\" target=\"_blank\" rel=\"noopener\">ISO 45001:2018 pour la sant\u00e9 et la s\u00e9curit\u00e9 au travail<\/a><\/li><li><a href=\"https:\/\/www.integra-sitek.ch\/wp-content\/uploads\/2023\/09\/sqs1.pdf\" target=\"_blank\" rel=\"noopener\">ISO 13485:2016 pour le secteur des dispositifs m\u00e9dicaux<\/a><\/li><\/ul>\t\t\t\t\t\t\t\t<\/div>\n\t\t\t\t<\/div>\n\t\t\t\t<section class=\"elementor-section elementor-inner-section elementor-element elementor-element-a386a48 elementor-section-boxed elementor-section-height-default elementor-section-height-default\" data-id=\"a386a48\" data-element_type=\"section\" data-e-type=\"section\">\n\t\t\t\t\t\t<div class=\"elementor-container elementor-column-gap-default\">\n\t\t\t\t\t<div class=\"elementor-column elementor-col-25 elementor-inner-column elementor-element elementor-element-cda6d61\" data-id=\"cda6d61\" data-element_type=\"column\" data-e-type=\"column\">\n\t\t\t<div class=\"elementor-widget-wrap elementor-element-populated\">\n\t\t\t\t\t\t<div class=\"elementor-element elementor-element-c5ca229 elementor-widget elementor-widget-image\" data-id=\"c5ca229\" data-element_type=\"widget\" data-e-type=\"widget\" data-widget_type=\"image.default\">\n\t\t\t\t<div class=\"elementor-widget-container\">\n\t\t\t\t\t\t\t\t\t\t\t\t\t\t\t<img fetchpriority=\"high\" decoding=\"async\" width=\"400\" height=\"400\" src=\"https:\/\/www.integra-sitek.ch\/wp-content\/uploads\/2023\/10\/af-cert-marks-iqnet.jpg\" class=\"attachment-large size-large wp-image-22436\" alt=\"\" srcset=\"https:\/\/www.integra-sitek.ch\/wp-content\/uploads\/2023\/10\/af-cert-marks-iqnet.jpg 400w, https:\/\/www.integra-sitek.ch\/wp-content\/uploads\/2023\/10\/af-cert-marks-iqnet-300x300.jpg 300w, https:\/\/www.integra-sitek.ch\/wp-content\/uploads\/2023\/10\/af-cert-marks-iqnet-150x150.jpg 150w\" sizes=\"(max-width: 400px) 100vw, 400px\" \/>\t\t\t\t\t\t\t\t\t\t\t\t\t\t\t<\/div>\n\t\t\t\t<\/div>\n\t\t\t\t\t<\/div>\n\t\t<\/div>\n\t\t\t\t<div class=\"elementor-column elementor-col-25 elementor-inner-column elementor-element elementor-element-9131c82\" data-id=\"9131c82\" data-element_type=\"column\" data-e-type=\"column\">\n\t\t\t<div class=\"elementor-widget-wrap elementor-element-populated\">\n\t\t\t\t\t\t<div class=\"elementor-element elementor-element-97a3b13 elementor-widget elementor-widget-image\" data-id=\"97a3b13\" data-element_type=\"widget\" data-e-type=\"widget\" data-widget_type=\"image.default\">\n\t\t\t\t<div class=\"elementor-widget-container\">\n\t\t\t\t\t\t\t\t\t\t\t\t\t\t\t<img decoding=\"async\" width=\"400\" height=\"400\" src=\"https:\/\/www.integra-sitek.ch\/wp-content\/uploads\/2023\/10\/sqs-en-iso-13485.jpg\" class=\"attachment-large size-large wp-image-22434\" alt=\"\" srcset=\"https:\/\/www.integra-sitek.ch\/wp-content\/uploads\/2023\/10\/sqs-en-iso-13485.jpg 400w, https:\/\/www.integra-sitek.ch\/wp-content\/uploads\/2023\/10\/sqs-en-iso-13485-300x300.jpg 300w, https:\/\/www.integra-sitek.ch\/wp-content\/uploads\/2023\/10\/sqs-en-iso-13485-150x150.jpg 150w\" sizes=\"(max-width: 400px) 100vw, 400px\" \/>\t\t\t\t\t\t\t\t\t\t\t\t\t\t\t<\/div>\n\t\t\t\t<\/div>\n\t\t\t\t\t<\/div>\n\t\t<\/div>\n\t\t\t\t<div class=\"elementor-column elementor-col-25 elementor-inner-column elementor-element elementor-element-f134ffd\" data-id=\"f134ffd\" data-element_type=\"column\" data-e-type=\"column\">\n\t\t\t<div class=\"elementor-widget-wrap elementor-element-populated\">\n\t\t\t\t\t\t<div class=\"elementor-element elementor-element-3fa5437 elementor-widget elementor-widget-image\" data-id=\"3fa5437\" data-element_type=\"widget\" data-e-type=\"widget\" data-widget_type=\"image.default\">\n\t\t\t\t<div class=\"elementor-widget-container\">\n\t\t\t\t\t\t\t\t\t\t\t\t\t\t\t<img decoding=\"async\" width=\"400\" height=\"400\" src=\"https:\/\/www.integra-sitek.ch\/wp-content\/uploads\/2023\/10\/9001-14001-45001-gm-de.jpg\" class=\"attachment-large size-large wp-image-22432\" alt=\"\" srcset=\"https:\/\/www.integra-sitek.ch\/wp-content\/uploads\/2023\/10\/9001-14001-45001-gm-de.jpg 400w, https:\/\/www.integra-sitek.ch\/wp-content\/uploads\/2023\/10\/9001-14001-45001-gm-de-300x300.jpg 300w, https:\/\/www.integra-sitek.ch\/wp-content\/uploads\/2023\/10\/9001-14001-45001-gm-de-150x150.jpg 150w\" sizes=\"(max-width: 400px) 100vw, 400px\" \/>\t\t\t\t\t\t\t\t\t\t\t\t\t\t\t<\/div>\n\t\t\t\t<\/div>\n\t\t\t\t\t<\/div>\n\t\t<\/div>\n\t\t\t\t<div class=\"elementor-column elementor-col-25 elementor-inner-column elementor-element elementor-element-4978a65\" data-id=\"4978a65\" data-element_type=\"column\" data-e-type=\"column\">\n\t\t\t<div class=\"elementor-widget-wrap\">\n\t\t\t\t\t\t\t<\/div>\n\t\t<\/div>\n\t\t\t\t\t<\/div>\n\t\t<\/section>\n\t\t\t\t\t<\/div>\n\t\t<\/div>\n\t\t\t\t<div class=\"elementor-column elementor-col-50 elementor-top-column elementor-element elementor-element-315a251\" data-id=\"315a251\" data-element_type=\"column\" data-e-type=\"column\">\n\t\t\t<div class=\"elementor-widget-wrap elementor-element-populated\">\n\t\t\t\t\t\t<div class=\"elementor-element elementor-element-37368714 elementor-widget elementor-widget-industrium_heading\" data-id=\"37368714\" data-element_type=\"widget\" data-e-type=\"widget\" data-widget_type=\"industrium_heading.default\">\n\t\t\t\t<div class=\"elementor-widget-container\">\n\t\t\t\t\t<div class=\"industrium-heading-widget\"><h2 class=\"industrium-heading\"><span class=\"industrium-heading-content\">CERTIFICATION<\/span><\/h2><\/div>\t\t\t\t<\/div>\n\t\t\t\t<\/div>\n\t\t\t\t<div class=\"elementor-element elementor-element-64c467a1 elementor-widget elementor-widget-text-editor\" data-id=\"64c467a1\" data-element_type=\"widget\" data-e-type=\"widget\" data-widget_type=\"text-editor.default\">\n\t\t\t\t<div class=\"elementor-widget-container\">\n\t\t\t\t\t\t\t\t\t<p>La qualit\u00e9 est au centre de notre philosophie d&rsquo;entreprise, nous attachons une grande importance \u00e0 atteindre les normes les plus \u00e9lev\u00e9es dans notre production. Afin de souligner notre engagement envers la qualit\u00e9 et la satisfaction de la client\u00e8le, nous nous sommes soumis \u00e0 diverses certifications internationalement reconnues.<\/p><p>Chez INTEGRA Sitek AG, nous nous engageons en permanence pour la qualit\u00e9, la protection de l&rsquo;environnement, la s\u00e9curit\u00e9 et le respect de normes strictes afin d&rsquo;offrir les meilleures solutions \u00e0 nos clients.<\/p>\t\t\t\t\t\t\t\t<\/div>\n\t\t\t\t<\/div>\n\t\t\t\t\t<\/div>\n\t\t<\/div>\n\t\t\t\t\t<\/div>\n\t\t<\/section>\n\t\t\t\t<\/div>\n\t\t","protected":false},"excerpt":{"rendered":"<p>La qualit\u00e9 est au centre des pr\u00e9occupationsde notre philosophie d&rsquo;entreprise CERTIFICATION ISO 9001:2015 pour notre syst\u00e8me de gestion de la qualit\u00e9 efficace ISO 14001:2015 pour notre syst\u00e8me de gestion de l&rsquo;environnement ISO 45001:2018 pour la sant\u00e9 et la s\u00e9curit\u00e9 au travail&#8230;<\/p>\n","protected":false},"author":1,"featured_media":0,"parent":22863,"menu_order":0,"comment_status":"closed","ping_status":"closed","template":"","meta":{"footnotes":""},"class_list":["post-22866","page","type-page","status-publish","hentry"],"yoast_head":"<!-- This site is optimized with the Yoast SEO Premium plugin v27.5 (Yoast SEO v27.5) - https:\/\/yoast.com\/product\/yoast-seo-premium-wordpress\/ -->\n<title>Certification - INTEGRA Sitek AG<\/title>\n<meta name=\"robots\" content=\"index, follow, max-snippet:-1, max-image-preview:large, max-video-preview:-1\" \/>\n<link rel=\"canonical\" href=\"https:\/\/www.integra-sitek.ch\/fr\/qualite\/certification\/\" \/>\n<meta property=\"og:locale\" content=\"fr_FR\" \/>\n<meta property=\"og:type\" content=\"article\" \/>\n<meta property=\"og:title\" content=\"Certification\" \/>\n<meta property=\"og:description\" content=\"La qualit\u00e9 est au centre des pr\u00e9occupationsde notre philosophie d&rsquo;entreprise CERTIFICATION ISO 9001:2015 pour notre syst\u00e8me de gestion de la qualit\u00e9 efficace ISO 14001:2015 pour notre syst\u00e8me de gestion de l&rsquo;environnement ISO 45001:2018 pour la sant\u00e9 et la s\u00e9curit\u00e9 au travail...\" \/>\n<meta property=\"og:url\" content=\"https:\/\/www.integra-sitek.ch\/fr\/qualite\/certification\/\" \/>\n<meta property=\"og:site_name\" content=\"INTEGRA Sitek AG\" \/>\n<meta property=\"article:modified_time\" content=\"2024-06-12T10:44:32+00:00\" \/>\n<meta property=\"og:image\" content=\"https:\/\/www.integra-sitek.ch\/wp-content\/uploads\/2023\/10\/af-cert-marks-iqnet.jpg\" \/>\n<meta name=\"twitter:card\" content=\"summary_large_image\" \/>\n<meta name=\"twitter:label1\" content=\"Dur\u00e9e de lecture estim\u00e9e\" \/>\n\t<meta name=\"twitter:data1\" content=\"1 minute\" \/>\n<script type=\"application\/ld+json\" class=\"yoast-schema-graph\">{\"@context\":\"https:\\\/\\\/schema.org\",\"@graph\":[{\"@type\":\"WebPage\",\"@id\":\"https:\\\/\\\/www.integra-sitek.ch\\\/fr\\\/qualite\\\/certification\\\/\",\"url\":\"https:\\\/\\\/www.integra-sitek.ch\\\/fr\\\/qualite\\\/certification\\\/\",\"name\":\"Certification - INTEGRA Sitek AG\",\"isPartOf\":{\"@id\":\"https:\\\/\\\/www.integra-sitek.ch\\\/fr\\\/#website\"},\"primaryImageOfPage\":{\"@id\":\"https:\\\/\\\/www.integra-sitek.ch\\\/fr\\\/qualite\\\/certification\\\/#primaryimage\"},\"image\":{\"@id\":\"https:\\\/\\\/www.integra-sitek.ch\\\/fr\\\/qualite\\\/certification\\\/#primaryimage\"},\"thumbnailUrl\":\"https:\\\/\\\/www.integra-sitek.ch\\\/wp-content\\\/uploads\\\/2023\\\/10\\\/af-cert-marks-iqnet.jpg\",\"datePublished\":\"2023-04-12T07:59:47+00:00\",\"dateModified\":\"2024-06-12T10:44:32+00:00\",\"breadcrumb\":{\"@id\":\"https:\\\/\\\/www.integra-sitek.ch\\\/fr\\\/qualite\\\/certification\\\/#breadcrumb\"},\"inLanguage\":\"fr-FR\",\"potentialAction\":[{\"@type\":\"ReadAction\",\"target\":[\"https:\\\/\\\/www.integra-sitek.ch\\\/fr\\\/qualite\\\/certification\\\/\"]}]},{\"@type\":\"ImageObject\",\"inLanguage\":\"fr-FR\",\"@id\":\"https:\\\/\\\/www.integra-sitek.ch\\\/fr\\\/qualite\\\/certification\\\/#primaryimage\",\"url\":\"https:\\\/\\\/www.integra-sitek.ch\\\/wp-content\\\/uploads\\\/2023\\\/10\\\/af-cert-marks-iqnet.jpg\",\"contentUrl\":\"https:\\\/\\\/www.integra-sitek.ch\\\/wp-content\\\/uploads\\\/2023\\\/10\\\/af-cert-marks-iqnet.jpg\"},{\"@type\":\"BreadcrumbList\",\"@id\":\"https:\\\/\\\/www.integra-sitek.ch\\\/fr\\\/qualite\\\/certification\\\/#breadcrumb\",\"itemListElement\":[{\"@type\":\"ListItem\",\"position\":1,\"name\":\"Start\",\"item\":\"https:\\\/\\\/www.integra-sitek.ch\\\/fr\\\/\"},{\"@type\":\"ListItem\",\"position\":2,\"name\":\"Qualit\u00e9\",\"item\":\"https:\\\/\\\/www.integra-sitek.ch\\\/fr\\\/qualite\\\/\"},{\"@type\":\"ListItem\",\"position\":3,\"name\":\"Certification\"}]},{\"@type\":\"WebSite\",\"@id\":\"https:\\\/\\\/www.integra-sitek.ch\\\/fr\\\/#website\",\"url\":\"https:\\\/\\\/www.integra-sitek.ch\\\/fr\\\/\",\"name\":\"INTEGRA Sitek AG\",\"description\":\"Metalldrehteile, Kunststoffspritzgussteile, Baugruppen, Hybridkomponenten, Spritzgiessen, D\u00e9colletage, Montage\",\"publisher\":{\"@id\":\"https:\\\/\\\/www.integra-sitek.ch\\\/fr\\\/#organization\"},\"potentialAction\":[{\"@type\":\"SearchAction\",\"target\":{\"@type\":\"EntryPoint\",\"urlTemplate\":\"https:\\\/\\\/www.integra-sitek.ch\\\/fr\\\/?s={search_term_string}\"},\"query-input\":{\"@type\":\"PropertyValueSpecification\",\"valueRequired\":true,\"valueName\":\"search_term_string\"}}],\"inLanguage\":\"fr-FR\"},{\"@type\":\"Organization\",\"@id\":\"https:\\\/\\\/www.integra-sitek.ch\\\/fr\\\/#organization\",\"name\":\"INTEGRA Sitek AG\",\"url\":\"https:\\\/\\\/www.integra-sitek.ch\\\/fr\\\/\",\"logo\":{\"@type\":\"ImageObject\",\"inLanguage\":\"fr-FR\",\"@id\":\"https:\\\/\\\/www.integra-sitek.ch\\\/fr\\\/#\\\/schema\\\/logo\\\/image\\\/\",\"url\":\"https:\\\/\\\/www.integra-sitek.ch\\\/wp-content\\\/uploads\\\/2023\\\/03\\\/integra-sitek-logo.svg\",\"contentUrl\":\"https:\\\/\\\/www.integra-sitek.ch\\\/wp-content\\\/uploads\\\/2023\\\/03\\\/integra-sitek-logo.svg\",\"width\":154,\"height\":43,\"caption\":\"INTEGRA Sitek AG\"},\"image\":{\"@id\":\"https:\\\/\\\/www.integra-sitek.ch\\\/fr\\\/#\\\/schema\\\/logo\\\/image\\\/\"},\"sameAs\":[\"https:\\\/\\\/ch.linkedin.com\\\/company\\\/integra-sitek-ag\"]}]}<\/script>\n<!-- \/ Yoast SEO Premium plugin. -->","yoast_head_json":{"title":"Certification - INTEGRA Sitek AG","robots":{"index":"index","follow":"follow","max-snippet":"max-snippet:-1","max-image-preview":"max-image-preview:large","max-video-preview":"max-video-preview:-1"},"canonical":"https:\/\/www.integra-sitek.ch\/fr\/qualite\/certification\/","og_locale":"fr_FR","og_type":"article","og_title":"Certification","og_description":"La qualit\u00e9 est au centre des pr\u00e9occupationsde notre philosophie d&rsquo;entreprise CERTIFICATION ISO 9001:2015 pour notre syst\u00e8me de gestion de la qualit\u00e9 efficace ISO 14001:2015 pour notre syst\u00e8me de gestion de l&rsquo;environnement ISO 45001:2018 pour la sant\u00e9 et la s\u00e9curit\u00e9 au travail...","og_url":"https:\/\/www.integra-sitek.ch\/fr\/qualite\/certification\/","og_site_name":"INTEGRA Sitek AG","article_modified_time":"2024-06-12T10:44:32+00:00","og_image":[{"url":"https:\/\/www.integra-sitek.ch\/wp-content\/uploads\/2023\/10\/af-cert-marks-iqnet.jpg","type":"","width":"","height":""}],"twitter_card":"summary_large_image","twitter_misc":{"Dur\u00e9e de lecture estim\u00e9e":"1 minute"},"schema":{"@context":"https:\/\/schema.org","@graph":[{"@type":"WebPage","@id":"https:\/\/www.integra-sitek.ch\/fr\/qualite\/certification\/","url":"https:\/\/www.integra-sitek.ch\/fr\/qualite\/certification\/","name":"Certification - INTEGRA Sitek AG","isPartOf":{"@id":"https:\/\/www.integra-sitek.ch\/fr\/#website"},"primaryImageOfPage":{"@id":"https:\/\/www.integra-sitek.ch\/fr\/qualite\/certification\/#primaryimage"},"image":{"@id":"https:\/\/www.integra-sitek.ch\/fr\/qualite\/certification\/#primaryimage"},"thumbnailUrl":"https:\/\/www.integra-sitek.ch\/wp-content\/uploads\/2023\/10\/af-cert-marks-iqnet.jpg","datePublished":"2023-04-12T07:59:47+00:00","dateModified":"2024-06-12T10:44:32+00:00","breadcrumb":{"@id":"https:\/\/www.integra-sitek.ch\/fr\/qualite\/certification\/#breadcrumb"},"inLanguage":"fr-FR","potentialAction":[{"@type":"ReadAction","target":["https:\/\/www.integra-sitek.ch\/fr\/qualite\/certification\/"]}]},{"@type":"ImageObject","inLanguage":"fr-FR","@id":"https:\/\/www.integra-sitek.ch\/fr\/qualite\/certification\/#primaryimage","url":"https:\/\/www.integra-sitek.ch\/wp-content\/uploads\/2023\/10\/af-cert-marks-iqnet.jpg","contentUrl":"https:\/\/www.integra-sitek.ch\/wp-content\/uploads\/2023\/10\/af-cert-marks-iqnet.jpg"},{"@type":"BreadcrumbList","@id":"https:\/\/www.integra-sitek.ch\/fr\/qualite\/certification\/#breadcrumb","itemListElement":[{"@type":"ListItem","position":1,"name":"Start","item":"https:\/\/www.integra-sitek.ch\/fr\/"},{"@type":"ListItem","position":2,"name":"Qualit\u00e9","item":"https:\/\/www.integra-sitek.ch\/fr\/qualite\/"},{"@type":"ListItem","position":3,"name":"Certification"}]},{"@type":"WebSite","@id":"https:\/\/www.integra-sitek.ch\/fr\/#website","url":"https:\/\/www.integra-sitek.ch\/fr\/","name":"INTEGRA Sitek AG","description":"Metalldrehteile, Kunststoffspritzgussteile, Baugruppen, Hybridkomponenten, Spritzgiessen, D\u00e9colletage, Montage","publisher":{"@id":"https:\/\/www.integra-sitek.ch\/fr\/#organization"},"potentialAction":[{"@type":"SearchAction","target":{"@type":"EntryPoint","urlTemplate":"https:\/\/www.integra-sitek.ch\/fr\/?s={search_term_string}"},"query-input":{"@type":"PropertyValueSpecification","valueRequired":true,"valueName":"search_term_string"}}],"inLanguage":"fr-FR"},{"@type":"Organization","@id":"https:\/\/www.integra-sitek.ch\/fr\/#organization","name":"INTEGRA Sitek AG","url":"https:\/\/www.integra-sitek.ch\/fr\/","logo":{"@type":"ImageObject","inLanguage":"fr-FR","@id":"https:\/\/www.integra-sitek.ch\/fr\/#\/schema\/logo\/image\/","url":"https:\/\/www.integra-sitek.ch\/wp-content\/uploads\/2023\/03\/integra-sitek-logo.svg","contentUrl":"https:\/\/www.integra-sitek.ch\/wp-content\/uploads\/2023\/03\/integra-sitek-logo.svg","width":154,"height":43,"caption":"INTEGRA Sitek AG"},"image":{"@id":"https:\/\/www.integra-sitek.ch\/fr\/#\/schema\/logo\/image\/"},"sameAs":["https:\/\/ch.linkedin.com\/company\/integra-sitek-ag"]}]}},"_links":{"self":[{"href":"https:\/\/www.integra-sitek.ch\/fr\/wp-json\/wp\/v2\/pages\/22866","targetHints":{"allow":["GET"]}}],"collection":[{"href":"https:\/\/www.integra-sitek.ch\/fr\/wp-json\/wp\/v2\/pages"}],"about":[{"href":"https:\/\/www.integra-sitek.ch\/fr\/wp-json\/wp\/v2\/types\/page"}],"author":[{"embeddable":true,"href":"https:\/\/www.integra-sitek.ch\/fr\/wp-json\/wp\/v2\/users\/1"}],"replies":[{"embeddable":true,"href":"https:\/\/www.integra-sitek.ch\/fr\/wp-json\/wp\/v2\/comments?post=22866"}],"version-history":[{"count":4,"href":"https:\/\/www.integra-sitek.ch\/fr\/wp-json\/wp\/v2\/pages\/22866\/revisions"}],"predecessor-version":[{"id":23372,"href":"https:\/\/www.integra-sitek.ch\/fr\/wp-json\/wp\/v2\/pages\/22866\/revisions\/23372"}],"up":[{"embeddable":true,"href":"https:\/\/www.integra-sitek.ch\/fr\/wp-json\/wp\/v2\/pages\/22863"}],"wp:attachment":[{"href":"https:\/\/www.integra-sitek.ch\/fr\/wp-json\/wp\/v2\/media?parent=22866"}],"curies":[{"name":"wp","href":"https:\/\/api.w.org\/{rel}","templated":true}]}}