{"id":22868,"date":"2023-04-12T08:00:45","date_gmt":"2023-04-12T08:00:45","guid":{"rendered":"https:\/\/www.integra-sitek.ch\/qualite\/planification-prealable-de-la-qualite\/"},"modified":"2024-06-12T10:45:30","modified_gmt":"2024-06-12T10:45:30","slug":"planification-prealable-de-la-qualite","status":"publish","type":"page","link":"https:\/\/www.integra-sitek.ch\/fr\/qualite\/planification-prealable-de-la-qualite\/","title":{"rendered":"Planification pr\u00e9alable de la qualit\u00e9"},"content":{"rendered":"\t\t<div data-elementor-type=\"wp-page\" data-elementor-id=\"22868\" class=\"elementor elementor-22868 elementor-16440\" data-elementor-post-type=\"page\">\n\t\t\t\t\t\t<section class=\"elementor-section elementor-top-section elementor-element elementor-element-5ca8055 elementor-section-full_width elementor-section-height-min-height elementor-section-stretched header-section elementor-section-height-default elementor-section-items-middle\" data-id=\"5ca8055\" data-element_type=\"section\" data-e-type=\"section\" data-settings=\"{&quot;stretch_section&quot;:&quot;section-stretched&quot;}\">\n\t\t\t\t\t\t<div class=\"elementor-container elementor-column-gap-default\">\n\t\t\t\t\t<div class=\"elementor-column elementor-col-100 elementor-top-column elementor-element elementor-element-03c820a\" data-id=\"03c820a\" data-element_type=\"column\" data-e-type=\"column\" data-settings=\"{&quot;background_background&quot;:&quot;classic&quot;}\">\n\t\t\t<div class=\"elementor-widget-wrap elementor-element-populated\">\n\t\t\t\t\t\t<div class=\"elementor-element elementor-element-b32a3fd elementor-widget elementor-widget-text-editor\" data-id=\"b32a3fd\" data-element_type=\"widget\" data-e-type=\"widget\" data-widget_type=\"text-editor.default\">\n\t\t\t\t<div class=\"elementor-widget-container\">\n\t\t\t\t\t\t\t\t\t<p>Planification et mise en \u0153uvre minutieuses<br \/>de mesures de qualit\u00e9<\/p>\n\t\t\t\t\t\t\t\t<\/div>\n\t\t\t\t<\/div>\n\t\t\t\t<div class=\"elementor-element elementor-element-fac4409 elementor-widget elementor-widget-text-editor\" data-id=\"fac4409\" data-element_type=\"widget\" data-e-type=\"widget\" data-widget_type=\"text-editor.default\">\n\t\t\t\t<div class=\"elementor-widget-container\">\n\t\t\t\t\t\t\t\t\t<div class=\"elementor-element elementor-element-3ec80fe0 elementor-widget elementor-widget-industrium_heading\" data-id=\"3ec80fe0\" data-element_type=\"widget\" data-widget_type=\"industrium_heading.default\">\n<div class=\"elementor-widget-container\">\n<div class=\"industrium-heading-widget\">\n<h2 class=\"industrium-heading\"><span class=\"industrium-heading-content\">PLANIFICATION PREALABLE DE LA QUALITE<\/span><\/h2>\n<\/div>\n<\/div>\n<\/div>\n<div class=\"elementor-element elementor-element-5a9c7ea9 elementor-widget elementor-widget-text-editor\" data-id=\"5a9c7ea9\" data-element_type=\"widget\" data-widget_type=\"text-editor.default\">\n<div class=\"elementor-widget-container\">\n<div class=\"elementor-text-editor elementor-clearfix\"> <\/div>\n<\/div>\n<\/div>\n\t\t\t\t\t\t\t\t<\/div>\n\t\t\t\t<\/div>\n\t\t\t\t\t<\/div>\n\t\t<\/div>\n\t\t\t\t\t<\/div>\n\t\t<\/section>\n\t\t\t\t<section class=\"elementor-section elementor-top-section elementor-element elementor-element-17a28053 elementor-section-stretched elementor-section-boxed elementor-section-height-default elementor-section-height-default\" data-id=\"17a28053\" data-element_type=\"section\" data-e-type=\"section\" data-settings=\"{&quot;stretch_section&quot;:&quot;section-stretched&quot;,&quot;background_background&quot;:&quot;classic&quot;}\">\n\t\t\t\t\t\t<div class=\"elementor-container elementor-column-gap-default\">\n\t\t\t\t\t<div class=\"elementor-column elementor-col-50 elementor-top-column elementor-element elementor-element-3c8b7f0b\" data-id=\"3c8b7f0b\" data-element_type=\"column\" data-e-type=\"column\">\n\t\t\t<div class=\"elementor-widget-wrap elementor-element-populated\">\n\t\t\t\t\t\t<div class=\"elementor-element elementor-element-ce47355 elementor-widget elementor-widget-image\" data-id=\"ce47355\" data-element_type=\"widget\" data-e-type=\"widget\" data-widget_type=\"image.default\">\n\t\t\t\t<div class=\"elementor-widget-container\">\n\t\t\t\t\t\t\t\t\t\t\t\t\t\t\t<img fetchpriority=\"high\" decoding=\"async\" width=\"1024\" height=\"683\" src=\"https:\/\/www.integra-sitek.ch\/wp-content\/uploads\/2023\/12\/Qualitaetsvorausplanung-1-1024x683.jpg\" class=\"attachment-large size-large wp-image-22602\" alt=\"\" srcset=\"https:\/\/www.integra-sitek.ch\/wp-content\/uploads\/2023\/12\/Qualitaetsvorausplanung-1-1024x683.jpg 1024w, https:\/\/www.integra-sitek.ch\/wp-content\/uploads\/2023\/12\/Qualitaetsvorausplanung-1-300x200.jpg 300w, https:\/\/www.integra-sitek.ch\/wp-content\/uploads\/2023\/12\/Qualitaetsvorausplanung-1-768x512.jpg 768w, https:\/\/www.integra-sitek.ch\/wp-content\/uploads\/2023\/12\/Qualitaetsvorausplanung-1.jpg 1200w\" sizes=\"(max-width: 1024px) 100vw, 1024px\" \/>\t\t\t\t\t\t\t\t\t\t\t\t\t\t\t<\/div>\n\t\t\t\t<\/div>\n\t\t\t\t\t<\/div>\n\t\t<\/div>\n\t\t\t\t<div class=\"elementor-column elementor-col-50 elementor-top-column elementor-element elementor-element-24f0acea\" data-id=\"24f0acea\" data-element_type=\"column\" data-e-type=\"column\">\n\t\t\t<div class=\"elementor-widget-wrap elementor-element-populated\">\n\t\t\t\t\t\t<div class=\"elementor-element elementor-element-34e911c9 elementor-widget elementor-widget-industrium_heading\" data-id=\"34e911c9\" data-element_type=\"widget\" data-e-type=\"widget\" data-widget_type=\"industrium_heading.default\">\n\t\t\t\t<div class=\"elementor-widget-container\">\n\t\t\t\t\t<div class=\"industrium-heading-widget\"><h2 class=\"industrium-heading\"><span class=\"industrium-heading-content\">PLANIFICATION PREALABLE DE LA QUALITE<\/span><\/h2><\/div>\t\t\t\t<\/div>\n\t\t\t\t<\/div>\n\t\t\t\t<div class=\"elementor-element elementor-element-5dd410cc elementor-widget elementor-widget-text-editor\" data-id=\"5dd410cc\" data-element_type=\"widget\" data-e-type=\"widget\" data-widget_type=\"text-editor.default\">\n\t\t\t\t<div class=\"elementor-widget-container\">\n\t\t\t\t\t\t\t\t\t<p>La planification pr\u00e9alable de la qualit\u00e9 est un aspect important de notre travail chez Integra SITEK AG. Nous nous effor\u00e7ons de fournir \u00e0 nos clients des produits et des services de haute qualit\u00e9 qui r\u00e9pondent \u00e0 leurs besoins. Nous attachons donc une grande importance \u00e0 une planification et \u00e0 une mise en \u0153uvre minutieuses des mesures d&rsquo;assurance qualit\u00e9.<\/p><p>Notre planification pr\u00e9alable de la qualit\u00e9 comprend une analyse approfondie des exigences des clients, la cr\u00e9ation de sp\u00e9cifications et la fixation d&rsquo;objectifs de qualit\u00e9. Nous utilisons des technologies et des processus avanc\u00e9s pour nous assurer que nous r\u00e9pondons aux exigences de qualit\u00e9 de nos clients. Cela comprend, par exemple, l&rsquo;utilisation de techniques de mesure et de test, la r\u00e9alisation de validations de processus et le respect de normes et de standards tels que ISO 9001 et ISO 13485.<\/p><p>Nous avons une \u00e9quipe d\u00e9di\u00e9e de techniciens exp\u00e9riment\u00e9s qui sont en mesure de mettre en \u0153uvre efficacement la planification pr\u00e9alable de la qualit\u00e9. Nous misons sur l&rsquo;am\u00e9lioration continue et travaillons en \u00e9troite collaboration avec nos clients pour nous assurer que leurs exigences sont satisfaites et que leur satisfaction est garantie.<\/p><p>Si vous \u00eates \u00e0 la recherche d&rsquo;un partenaire fiable qui vous offre des solutions de haute qualit\u00e9 et un service de premi\u00e8re classe, contactez-nous. Nous nous r\u00e9jouissons de vous aider \u00e0 atteindre vos objectifs de qualit\u00e9.<\/p>\t\t\t\t\t\t\t\t<\/div>\n\t\t\t\t<\/div>\n\t\t\t\t\t<\/div>\n\t\t<\/div>\n\t\t\t\t\t<\/div>\n\t\t<\/section>\n\t\t\t\t<\/div>\n\t\t","protected":false},"excerpt":{"rendered":"<p>Planification et mise en \u0153uvre minutieusesde mesures de qualit\u00e9 PLANIFICATION PREALABLE DE LA QUALITE La planification pr\u00e9alable de la qualit\u00e9 est un aspect important de notre travail chez Integra SITEK AG. Nous nous effor\u00e7ons de fournir \u00e0 nos clients des produits&#8230;<\/p>\n","protected":false},"author":1,"featured_media":0,"parent":22863,"menu_order":0,"comment_status":"closed","ping_status":"closed","template":"","meta":{"footnotes":""},"class_list":["post-22868","page","type-page","status-publish","hentry"],"yoast_head":"<!-- This site is optimized with the Yoast SEO Premium plugin v27.3 (Yoast SEO v27.3) - https:\/\/yoast.com\/product\/yoast-seo-premium-wordpress\/ -->\n<title>Planification pr\u00e9alable de la qualit\u00e9 - INTEGRA Sitek AG<\/title>\n<meta name=\"robots\" content=\"index, follow, max-snippet:-1, max-image-preview:large, max-video-preview:-1\" \/>\n<link rel=\"canonical\" href=\"https:\/\/www.integra-sitek.ch\/fr\/qualite\/planification-prealable-de-la-qualite\/\" \/>\n<meta property=\"og:locale\" content=\"fr_FR\" \/>\n<meta property=\"og:type\" content=\"article\" \/>\n<meta property=\"og:title\" content=\"Planification pr\u00e9alable de la qualit\u00e9\" \/>\n<meta property=\"og:description\" content=\"Planification et mise en \u0153uvre minutieusesde mesures de qualit\u00e9 PLANIFICATION PREALABLE DE LA QUALITE La planification pr\u00e9alable de la qualit\u00e9 est un aspect important de notre travail chez Integra SITEK AG. Nous nous effor\u00e7ons de fournir \u00e0 nos clients des produits...\" \/>\n<meta property=\"og:url\" content=\"https:\/\/www.integra-sitek.ch\/fr\/qualite\/planification-prealable-de-la-qualite\/\" \/>\n<meta property=\"og:site_name\" content=\"INTEGRA Sitek AG\" \/>\n<meta property=\"article:modified_time\" content=\"2024-06-12T10:45:30+00:00\" \/>\n<meta property=\"og:image\" content=\"https:\/\/www.integra-sitek.ch\/wp-content\/uploads\/2023\/12\/Qualitaetsvorausplanung-1-1024x683.jpg\" \/>\n<meta name=\"twitter:card\" content=\"summary_large_image\" \/>\n<meta name=\"twitter:label1\" content=\"Dur\u00e9e de lecture estim\u00e9e\" \/>\n\t<meta name=\"twitter:data1\" content=\"1 minute\" \/>\n<script type=\"application\/ld+json\" class=\"yoast-schema-graph\">{\"@context\":\"https:\\\/\\\/schema.org\",\"@graph\":[{\"@type\":\"WebPage\",\"@id\":\"https:\\\/\\\/www.integra-sitek.ch\\\/fr\\\/qualite\\\/planification-prealable-de-la-qualite\\\/\",\"url\":\"https:\\\/\\\/www.integra-sitek.ch\\\/fr\\\/qualite\\\/planification-prealable-de-la-qualite\\\/\",\"name\":\"Planification pr\u00e9alable de la qualit\u00e9 - INTEGRA Sitek AG\",\"isPartOf\":{\"@id\":\"https:\\\/\\\/www.integra-sitek.ch\\\/fr\\\/#website\"},\"primaryImageOfPage\":{\"@id\":\"https:\\\/\\\/www.integra-sitek.ch\\\/fr\\\/qualite\\\/planification-prealable-de-la-qualite\\\/#primaryimage\"},\"image\":{\"@id\":\"https:\\\/\\\/www.integra-sitek.ch\\\/fr\\\/qualite\\\/planification-prealable-de-la-qualite\\\/#primaryimage\"},\"thumbnailUrl\":\"https:\\\/\\\/www.integra-sitek.ch\\\/wp-content\\\/uploads\\\/2023\\\/12\\\/Qualitaetsvorausplanung-1-1024x683.jpg\",\"datePublished\":\"2023-04-12T08:00:45+00:00\",\"dateModified\":\"2024-06-12T10:45:30+00:00\",\"breadcrumb\":{\"@id\":\"https:\\\/\\\/www.integra-sitek.ch\\\/fr\\\/qualite\\\/planification-prealable-de-la-qualite\\\/#breadcrumb\"},\"inLanguage\":\"fr-FR\",\"potentialAction\":[{\"@type\":\"ReadAction\",\"target\":[\"https:\\\/\\\/www.integra-sitek.ch\\\/fr\\\/qualite\\\/planification-prealable-de-la-qualite\\\/\"]}]},{\"@type\":\"ImageObject\",\"inLanguage\":\"fr-FR\",\"@id\":\"https:\\\/\\\/www.integra-sitek.ch\\\/fr\\\/qualite\\\/planification-prealable-de-la-qualite\\\/#primaryimage\",\"url\":\"https:\\\/\\\/www.integra-sitek.ch\\\/wp-content\\\/uploads\\\/2023\\\/12\\\/Qualitaetsvorausplanung-1-1024x683.jpg\",\"contentUrl\":\"https:\\\/\\\/www.integra-sitek.ch\\\/wp-content\\\/uploads\\\/2023\\\/12\\\/Qualitaetsvorausplanung-1-1024x683.jpg\"},{\"@type\":\"BreadcrumbList\",\"@id\":\"https:\\\/\\\/www.integra-sitek.ch\\\/fr\\\/qualite\\\/planification-prealable-de-la-qualite\\\/#breadcrumb\",\"itemListElement\":[{\"@type\":\"ListItem\",\"position\":1,\"name\":\"Start\",\"item\":\"https:\\\/\\\/www.integra-sitek.ch\\\/fr\\\/\"},{\"@type\":\"ListItem\",\"position\":2,\"name\":\"Qualit\u00e9\",\"item\":\"https:\\\/\\\/www.integra-sitek.ch\\\/fr\\\/qualite\\\/\"},{\"@type\":\"ListItem\",\"position\":3,\"name\":\"Planification pr\u00e9alable de la qualit\u00e9\"}]},{\"@type\":\"WebSite\",\"@id\":\"https:\\\/\\\/www.integra-sitek.ch\\\/fr\\\/#website\",\"url\":\"https:\\\/\\\/www.integra-sitek.ch\\\/fr\\\/\",\"name\":\"INTEGRA Sitek AG\",\"description\":\"Metalldrehteile, Kunststoffspritzgussteile, Baugruppen, Hybridkomponenten, Spritzgiessen, D\u00e9colletage, Montage\",\"publisher\":{\"@id\":\"https:\\\/\\\/www.integra-sitek.ch\\\/fr\\\/#organization\"},\"potentialAction\":[{\"@type\":\"SearchAction\",\"target\":{\"@type\":\"EntryPoint\",\"urlTemplate\":\"https:\\\/\\\/www.integra-sitek.ch\\\/fr\\\/?s={search_term_string}\"},\"query-input\":{\"@type\":\"PropertyValueSpecification\",\"valueRequired\":true,\"valueName\":\"search_term_string\"}}],\"inLanguage\":\"fr-FR\"},{\"@type\":\"Organization\",\"@id\":\"https:\\\/\\\/www.integra-sitek.ch\\\/fr\\\/#organization\",\"name\":\"INTEGRA Sitek AG\",\"url\":\"https:\\\/\\\/www.integra-sitek.ch\\\/fr\\\/\",\"logo\":{\"@type\":\"ImageObject\",\"inLanguage\":\"fr-FR\",\"@id\":\"https:\\\/\\\/www.integra-sitek.ch\\\/fr\\\/#\\\/schema\\\/logo\\\/image\\\/\",\"url\":\"https:\\\/\\\/www.integra-sitek.ch\\\/wp-content\\\/uploads\\\/2023\\\/03\\\/integra-sitek-logo.svg\",\"contentUrl\":\"https:\\\/\\\/www.integra-sitek.ch\\\/wp-content\\\/uploads\\\/2023\\\/03\\\/integra-sitek-logo.svg\",\"width\":154,\"height\":43,\"caption\":\"INTEGRA Sitek AG\"},\"image\":{\"@id\":\"https:\\\/\\\/www.integra-sitek.ch\\\/fr\\\/#\\\/schema\\\/logo\\\/image\\\/\"},\"sameAs\":[\"https:\\\/\\\/ch.linkedin.com\\\/company\\\/integra-sitek-ag\"]}]}<\/script>\n<!-- \/ Yoast SEO Premium plugin. -->","yoast_head_json":{"title":"Planification pr\u00e9alable de la qualit\u00e9 - INTEGRA Sitek AG","robots":{"index":"index","follow":"follow","max-snippet":"max-snippet:-1","max-image-preview":"max-image-preview:large","max-video-preview":"max-video-preview:-1"},"canonical":"https:\/\/www.integra-sitek.ch\/fr\/qualite\/planification-prealable-de-la-qualite\/","og_locale":"fr_FR","og_type":"article","og_title":"Planification pr\u00e9alable de la qualit\u00e9","og_description":"Planification et mise en \u0153uvre minutieusesde mesures de qualit\u00e9 PLANIFICATION PREALABLE DE LA QUALITE La planification pr\u00e9alable de la qualit\u00e9 est un aspect important de notre travail chez Integra SITEK AG. Nous nous effor\u00e7ons de fournir \u00e0 nos clients des produits...","og_url":"https:\/\/www.integra-sitek.ch\/fr\/qualite\/planification-prealable-de-la-qualite\/","og_site_name":"INTEGRA Sitek AG","article_modified_time":"2024-06-12T10:45:30+00:00","og_image":[{"url":"https:\/\/www.integra-sitek.ch\/wp-content\/uploads\/2023\/12\/Qualitaetsvorausplanung-1-1024x683.jpg","type":"","width":"","height":""}],"twitter_card":"summary_large_image","twitter_misc":{"Dur\u00e9e de lecture estim\u00e9e":"1 minute"},"schema":{"@context":"https:\/\/schema.org","@graph":[{"@type":"WebPage","@id":"https:\/\/www.integra-sitek.ch\/fr\/qualite\/planification-prealable-de-la-qualite\/","url":"https:\/\/www.integra-sitek.ch\/fr\/qualite\/planification-prealable-de-la-qualite\/","name":"Planification pr\u00e9alable de la qualit\u00e9 - INTEGRA Sitek AG","isPartOf":{"@id":"https:\/\/www.integra-sitek.ch\/fr\/#website"},"primaryImageOfPage":{"@id":"https:\/\/www.integra-sitek.ch\/fr\/qualite\/planification-prealable-de-la-qualite\/#primaryimage"},"image":{"@id":"https:\/\/www.integra-sitek.ch\/fr\/qualite\/planification-prealable-de-la-qualite\/#primaryimage"},"thumbnailUrl":"https:\/\/www.integra-sitek.ch\/wp-content\/uploads\/2023\/12\/Qualitaetsvorausplanung-1-1024x683.jpg","datePublished":"2023-04-12T08:00:45+00:00","dateModified":"2024-06-12T10:45:30+00:00","breadcrumb":{"@id":"https:\/\/www.integra-sitek.ch\/fr\/qualite\/planification-prealable-de-la-qualite\/#breadcrumb"},"inLanguage":"fr-FR","potentialAction":[{"@type":"ReadAction","target":["https:\/\/www.integra-sitek.ch\/fr\/qualite\/planification-prealable-de-la-qualite\/"]}]},{"@type":"ImageObject","inLanguage":"fr-FR","@id":"https:\/\/www.integra-sitek.ch\/fr\/qualite\/planification-prealable-de-la-qualite\/#primaryimage","url":"https:\/\/www.integra-sitek.ch\/wp-content\/uploads\/2023\/12\/Qualitaetsvorausplanung-1-1024x683.jpg","contentUrl":"https:\/\/www.integra-sitek.ch\/wp-content\/uploads\/2023\/12\/Qualitaetsvorausplanung-1-1024x683.jpg"},{"@type":"BreadcrumbList","@id":"https:\/\/www.integra-sitek.ch\/fr\/qualite\/planification-prealable-de-la-qualite\/#breadcrumb","itemListElement":[{"@type":"ListItem","position":1,"name":"Start","item":"https:\/\/www.integra-sitek.ch\/fr\/"},{"@type":"ListItem","position":2,"name":"Qualit\u00e9","item":"https:\/\/www.integra-sitek.ch\/fr\/qualite\/"},{"@type":"ListItem","position":3,"name":"Planification pr\u00e9alable de la qualit\u00e9"}]},{"@type":"WebSite","@id":"https:\/\/www.integra-sitek.ch\/fr\/#website","url":"https:\/\/www.integra-sitek.ch\/fr\/","name":"INTEGRA Sitek AG","description":"Metalldrehteile, Kunststoffspritzgussteile, Baugruppen, Hybridkomponenten, Spritzgiessen, D\u00e9colletage, Montage","publisher":{"@id":"https:\/\/www.integra-sitek.ch\/fr\/#organization"},"potentialAction":[{"@type":"SearchAction","target":{"@type":"EntryPoint","urlTemplate":"https:\/\/www.integra-sitek.ch\/fr\/?s={search_term_string}"},"query-input":{"@type":"PropertyValueSpecification","valueRequired":true,"valueName":"search_term_string"}}],"inLanguage":"fr-FR"},{"@type":"Organization","@id":"https:\/\/www.integra-sitek.ch\/fr\/#organization","name":"INTEGRA Sitek AG","url":"https:\/\/www.integra-sitek.ch\/fr\/","logo":{"@type":"ImageObject","inLanguage":"fr-FR","@id":"https:\/\/www.integra-sitek.ch\/fr\/#\/schema\/logo\/image\/","url":"https:\/\/www.integra-sitek.ch\/wp-content\/uploads\/2023\/03\/integra-sitek-logo.svg","contentUrl":"https:\/\/www.integra-sitek.ch\/wp-content\/uploads\/2023\/03\/integra-sitek-logo.svg","width":154,"height":43,"caption":"INTEGRA Sitek AG"},"image":{"@id":"https:\/\/www.integra-sitek.ch\/fr\/#\/schema\/logo\/image\/"},"sameAs":["https:\/\/ch.linkedin.com\/company\/integra-sitek-ag"]}]}},"_links":{"self":[{"href":"https:\/\/www.integra-sitek.ch\/fr\/wp-json\/wp\/v2\/pages\/22868","targetHints":{"allow":["GET"]}}],"collection":[{"href":"https:\/\/www.integra-sitek.ch\/fr\/wp-json\/wp\/v2\/pages"}],"about":[{"href":"https:\/\/www.integra-sitek.ch\/fr\/wp-json\/wp\/v2\/types\/page"}],"author":[{"embeddable":true,"href":"https:\/\/www.integra-sitek.ch\/fr\/wp-json\/wp\/v2\/users\/1"}],"replies":[{"embeddable":true,"href":"https:\/\/www.integra-sitek.ch\/fr\/wp-json\/wp\/v2\/comments?post=22868"}],"version-history":[{"count":4,"href":"https:\/\/www.integra-sitek.ch\/fr\/wp-json\/wp\/v2\/pages\/22868\/revisions"}],"predecessor-version":[{"id":23375,"href":"https:\/\/www.integra-sitek.ch\/fr\/wp-json\/wp\/v2\/pages\/22868\/revisions\/23375"}],"up":[{"embeddable":true,"href":"https:\/\/www.integra-sitek.ch\/fr\/wp-json\/wp\/v2\/pages\/22863"}],"wp:attachment":[{"href":"https:\/\/www.integra-sitek.ch\/fr\/wp-json\/wp\/v2\/media?parent=22868"}],"curies":[{"name":"wp","href":"https:\/\/api.w.org\/{rel}","templated":true}]}}