{"id":22870,"date":"2023-04-12T08:00:17","date_gmt":"2023-04-12T08:00:17","guid":{"rendered":"https:\/\/www.integra-sitek.ch\/qualite\/instruments-de-mesure\/"},"modified":"2024-06-12T10:45:00","modified_gmt":"2024-06-12T10:45:00","slug":"instruments-de-mesure","status":"publish","type":"page","link":"https:\/\/www.integra-sitek.ch\/fr\/qualite\/instruments-de-mesure\/","title":{"rendered":"Instruments de mesure"},"content":{"rendered":"\t\t<div data-elementor-type=\"wp-page\" data-elementor-id=\"22870\" class=\"elementor elementor-22870 elementor-16438\" data-elementor-post-type=\"page\">\n\t\t\t\t\t\t<section class=\"elementor-section elementor-top-section elementor-element elementor-element-5de013a elementor-section-full_width elementor-section-height-min-height elementor-section-stretched header-section elementor-section-height-default elementor-section-items-middle\" data-id=\"5de013a\" data-element_type=\"section\" data-e-type=\"section\" data-settings=\"{&quot;stretch_section&quot;:&quot;section-stretched&quot;}\">\n\t\t\t\t\t\t<div class=\"elementor-container elementor-column-gap-default\">\n\t\t\t\t\t<div class=\"elementor-column elementor-col-100 elementor-top-column elementor-element elementor-element-7c993ef\" data-id=\"7c993ef\" data-element_type=\"column\" data-e-type=\"column\" data-settings=\"{&quot;background_background&quot;:&quot;classic&quot;}\">\n\t\t\t<div class=\"elementor-widget-wrap elementor-element-populated\">\n\t\t\t\t\t\t<div class=\"elementor-element elementor-element-0937c25 elementor-widget elementor-widget-text-editor\" data-id=\"0937c25\" data-element_type=\"widget\" data-e-type=\"widget\" data-widget_type=\"text-editor.default\">\n\t\t\t\t<div class=\"elementor-widget-container\">\n\t\t\t\t\t\t\t\t\t<p>Nos instruments de mesure sont<br \/>r\u00e9guli\u00e8rement calibr\u00e9s et certifi\u00e9s<\/p>\n\t\t\t\t\t\t\t\t<\/div>\n\t\t\t\t<\/div>\n\t\t\t\t<div class=\"elementor-element elementor-element-2b0784b elementor-widget elementor-widget-text-editor\" data-id=\"2b0784b\" data-element_type=\"widget\" data-e-type=\"widget\" data-widget_type=\"text-editor.default\">\n\t\t\t\t<div class=\"elementor-widget-container\">\n\t\t\t\t\t\t\t\t\t<h2>INSTRUMENTS DE MESURE<\/h2>\n\t\t\t\t\t\t\t\t<\/div>\n\t\t\t\t<\/div>\n\t\t\t\t\t<\/div>\n\t\t<\/div>\n\t\t\t\t\t<\/div>\n\t\t<\/section>\n\t\t\t\t<section class=\"elementor-section elementor-top-section elementor-element elementor-element-3c33ed03 elementor-section-stretched elementor-section-boxed elementor-section-height-default elementor-section-height-default\" data-id=\"3c33ed03\" data-element_type=\"section\" data-e-type=\"section\" data-settings=\"{&quot;stretch_section&quot;:&quot;section-stretched&quot;,&quot;background_background&quot;:&quot;classic&quot;}\">\n\t\t\t\t\t\t<div class=\"elementor-container elementor-column-gap-default\">\n\t\t\t\t\t<div class=\"elementor-column elementor-col-50 elementor-top-column elementor-element elementor-element-25df15da\" data-id=\"25df15da\" data-element_type=\"column\" data-e-type=\"column\">\n\t\t\t<div class=\"elementor-widget-wrap elementor-element-populated\">\n\t\t\t\t\t\t<div class=\"elementor-element elementor-element-c6ef1d0 elementor-widget elementor-widget-image\" data-id=\"c6ef1d0\" data-element_type=\"widget\" data-e-type=\"widget\" data-widget_type=\"image.default\">\n\t\t\t\t<div class=\"elementor-widget-container\">\n\t\t\t\t\t\t\t\t\t\t\t\t\t\t\t<img fetchpriority=\"high\" decoding=\"async\" width=\"1024\" height=\"683\" src=\"https:\/\/www.integra-sitek.ch\/wp-content\/uploads\/2023\/09\/2022-02-17-sitek-ag-bilder-geschaeftsbericht-13568-1024x683.jpg\" class=\"attachment-large size-large wp-image-22418\" alt=\"\" srcset=\"https:\/\/www.integra-sitek.ch\/wp-content\/uploads\/2023\/09\/2022-02-17-sitek-ag-bilder-geschaeftsbericht-13568-1024x683.jpg 1024w, https:\/\/www.integra-sitek.ch\/wp-content\/uploads\/2023\/09\/2022-02-17-sitek-ag-bilder-geschaeftsbericht-13568-300x200.jpg 300w, https:\/\/www.integra-sitek.ch\/wp-content\/uploads\/2023\/09\/2022-02-17-sitek-ag-bilder-geschaeftsbericht-13568-768x512.jpg 768w, https:\/\/www.integra-sitek.ch\/wp-content\/uploads\/2023\/09\/2022-02-17-sitek-ag-bilder-geschaeftsbericht-13568-1536x1024.jpg 1536w, https:\/\/www.integra-sitek.ch\/wp-content\/uploads\/2023\/09\/2022-02-17-sitek-ag-bilder-geschaeftsbericht-13568-2048x1366.jpg 2048w\" sizes=\"(max-width: 1024px) 100vw, 1024px\" \/>\t\t\t\t\t\t\t\t\t\t\t\t\t\t\t<\/div>\n\t\t\t\t<\/div>\n\t\t\t\t\t<\/div>\n\t\t<\/div>\n\t\t\t\t<div class=\"elementor-column elementor-col-50 elementor-top-column elementor-element elementor-element-13a7d102\" data-id=\"13a7d102\" data-element_type=\"column\" data-e-type=\"column\">\n\t\t\t<div class=\"elementor-widget-wrap elementor-element-populated\">\n\t\t\t\t\t\t<div class=\"elementor-element elementor-element-7e9791ee elementor-widget elementor-widget-industrium_heading\" data-id=\"7e9791ee\" data-element_type=\"widget\" data-e-type=\"widget\" data-widget_type=\"industrium_heading.default\">\n\t\t\t\t<div class=\"elementor-widget-container\">\n\t\t\t\t\t<div class=\"industrium-heading-widget\"><h2 class=\"industrium-heading\"><span class=\"industrium-heading-content\">INSTRUMENTS DE MESURE MODERNES<\/span><\/h2><\/div>\t\t\t\t<\/div>\n\t\t\t\t<\/div>\n\t\t\t\t<div class=\"elementor-element elementor-element-5998ead4 elementor-widget elementor-widget-text-editor\" data-id=\"5998ead4\" data-element_type=\"widget\" data-e-type=\"widget\" data-widget_type=\"text-editor.default\">\n\t\t\t\t<div class=\"elementor-widget-container\">\n\t\t\t\t\t\t\t\t\t<p>Dans nos salles de mesure climatis\u00e9es, nous misons sur les appareils de mesure optiques de Keyence pour le contr\u00f4le du premier \u00e9chantillon et le contr\u00f4le pendant la production.<\/p><p>En plus des mesures \u00e0 coulisse, compteurs et pointes de mesure habituels, nous utilisons \u00e9galement des appareils de mesure de contour ou des projecteurs.<\/p><p>Afin de garantir la pr\u00e9cision de nos instruments de mesure, nous les soumettons r\u00e9guli\u00e8rement \u00e0 un \u00e9talonnage strict. Cela nous permet d&rsquo;effectuer des mesures pr\u00e9cises et fiables \u00e0 tout moment pour assurer le respect des sp\u00e9cifications requises.<\/p><p>Les r\u00e9sultats de nos mesures sont largement document\u00e9s pour assurer la tra\u00e7abilit\u00e9 et la transparence. Nos clients peuvent \u00eatre assur\u00e9s que chaque composant ou assemblage qui quitte notre maison a \u00e9t\u00e9 soigneusement test\u00e9 et a r\u00e9pondu aux exigences de qualit\u00e9.<\/p>\t\t\t\t\t\t\t\t<\/div>\n\t\t\t\t<\/div>\n\t\t\t\t\t<\/div>\n\t\t<\/div>\n\t\t\t\t\t<\/div>\n\t\t<\/section>\n\t\t\t\t<\/div>\n\t\t","protected":false},"excerpt":{"rendered":"<p>Nos instruments de mesure sontr\u00e9guli\u00e8rement calibr\u00e9s et certifi\u00e9s INSTRUMENTS DE MESURE Dans nos salles de mesure climatis\u00e9es, nous misons sur les appareils de mesure optiques de Keyence pour le contr\u00f4le du premier \u00e9chantillon et le contr\u00f4le pendant la production. En plus&#8230;<\/p>\n","protected":false},"author":1,"featured_media":0,"parent":22863,"menu_order":0,"comment_status":"closed","ping_status":"closed","template":"","meta":{"footnotes":""},"class_list":["post-22870","page","type-page","status-publish","hentry"],"yoast_head":"<!-- This site is optimized with the Yoast SEO Premium plugin v27.5 (Yoast SEO v27.5) - https:\/\/yoast.com\/product\/yoast-seo-premium-wordpress\/ -->\n<title>Instruments de mesure - INTEGRA Sitek AG<\/title>\n<meta name=\"robots\" content=\"index, follow, max-snippet:-1, max-image-preview:large, max-video-preview:-1\" \/>\n<link rel=\"canonical\" href=\"https:\/\/www.integra-sitek.ch\/fr\/qualite\/instruments-de-mesure\/\" \/>\n<meta property=\"og:locale\" content=\"fr_FR\" \/>\n<meta property=\"og:type\" content=\"article\" \/>\n<meta property=\"og:title\" content=\"Instruments de mesure\" \/>\n<meta property=\"og:description\" content=\"Nos instruments de mesure sontr\u00e9guli\u00e8rement calibr\u00e9s et certifi\u00e9s INSTRUMENTS DE MESURE Dans nos salles de mesure climatis\u00e9es, nous misons sur les appareils de mesure optiques de Keyence pour le contr\u00f4le du premier \u00e9chantillon et le contr\u00f4le pendant la production. En plus...\" \/>\n<meta property=\"og:url\" content=\"https:\/\/www.integra-sitek.ch\/fr\/qualite\/instruments-de-mesure\/\" \/>\n<meta property=\"og:site_name\" content=\"INTEGRA Sitek AG\" \/>\n<meta property=\"article:modified_time\" content=\"2024-06-12T10:45:00+00:00\" \/>\n<meta property=\"og:image\" content=\"https:\/\/www.integra-sitek.ch\/wp-content\/uploads\/2023\/09\/2022-02-17-sitek-ag-bilder-geschaeftsbericht-13568-1024x683.jpg\" \/>\n<meta name=\"twitter:card\" content=\"summary_large_image\" \/>\n<meta name=\"twitter:label1\" content=\"Dur\u00e9e de lecture estim\u00e9e\" \/>\n\t<meta name=\"twitter:data1\" content=\"1 minute\" \/>\n<script type=\"application\/ld+json\" class=\"yoast-schema-graph\">{\"@context\":\"https:\\\/\\\/schema.org\",\"@graph\":[{\"@type\":\"WebPage\",\"@id\":\"https:\\\/\\\/www.integra-sitek.ch\\\/fr\\\/qualite\\\/instruments-de-mesure\\\/\",\"url\":\"https:\\\/\\\/www.integra-sitek.ch\\\/fr\\\/qualite\\\/instruments-de-mesure\\\/\",\"name\":\"Instruments de mesure - INTEGRA Sitek AG\",\"isPartOf\":{\"@id\":\"https:\\\/\\\/www.integra-sitek.ch\\\/fr\\\/#website\"},\"primaryImageOfPage\":{\"@id\":\"https:\\\/\\\/www.integra-sitek.ch\\\/fr\\\/qualite\\\/instruments-de-mesure\\\/#primaryimage\"},\"image\":{\"@id\":\"https:\\\/\\\/www.integra-sitek.ch\\\/fr\\\/qualite\\\/instruments-de-mesure\\\/#primaryimage\"},\"thumbnailUrl\":\"https:\\\/\\\/www.integra-sitek.ch\\\/wp-content\\\/uploads\\\/2023\\\/09\\\/2022-02-17-sitek-ag-bilder-geschaeftsbericht-13568-1024x683.jpg\",\"datePublished\":\"2023-04-12T08:00:17+00:00\",\"dateModified\":\"2024-06-12T10:45:00+00:00\",\"breadcrumb\":{\"@id\":\"https:\\\/\\\/www.integra-sitek.ch\\\/fr\\\/qualite\\\/instruments-de-mesure\\\/#breadcrumb\"},\"inLanguage\":\"fr-FR\",\"potentialAction\":[{\"@type\":\"ReadAction\",\"target\":[\"https:\\\/\\\/www.integra-sitek.ch\\\/fr\\\/qualite\\\/instruments-de-mesure\\\/\"]}]},{\"@type\":\"ImageObject\",\"inLanguage\":\"fr-FR\",\"@id\":\"https:\\\/\\\/www.integra-sitek.ch\\\/fr\\\/qualite\\\/instruments-de-mesure\\\/#primaryimage\",\"url\":\"https:\\\/\\\/www.integra-sitek.ch\\\/wp-content\\\/uploads\\\/2023\\\/09\\\/2022-02-17-sitek-ag-bilder-geschaeftsbericht-13568-1024x683.jpg\",\"contentUrl\":\"https:\\\/\\\/www.integra-sitek.ch\\\/wp-content\\\/uploads\\\/2023\\\/09\\\/2022-02-17-sitek-ag-bilder-geschaeftsbericht-13568-1024x683.jpg\"},{\"@type\":\"BreadcrumbList\",\"@id\":\"https:\\\/\\\/www.integra-sitek.ch\\\/fr\\\/qualite\\\/instruments-de-mesure\\\/#breadcrumb\",\"itemListElement\":[{\"@type\":\"ListItem\",\"position\":1,\"name\":\"Start\",\"item\":\"https:\\\/\\\/www.integra-sitek.ch\\\/fr\\\/\"},{\"@type\":\"ListItem\",\"position\":2,\"name\":\"Qualit\u00e9\",\"item\":\"https:\\\/\\\/www.integra-sitek.ch\\\/fr\\\/qualite\\\/\"},{\"@type\":\"ListItem\",\"position\":3,\"name\":\"Instruments de mesure\"}]},{\"@type\":\"WebSite\",\"@id\":\"https:\\\/\\\/www.integra-sitek.ch\\\/fr\\\/#website\",\"url\":\"https:\\\/\\\/www.integra-sitek.ch\\\/fr\\\/\",\"name\":\"INTEGRA Sitek AG\",\"description\":\"Metalldrehteile, Kunststoffspritzgussteile, Baugruppen, Hybridkomponenten, Spritzgiessen, D\u00e9colletage, Montage\",\"publisher\":{\"@id\":\"https:\\\/\\\/www.integra-sitek.ch\\\/fr\\\/#organization\"},\"potentialAction\":[{\"@type\":\"SearchAction\",\"target\":{\"@type\":\"EntryPoint\",\"urlTemplate\":\"https:\\\/\\\/www.integra-sitek.ch\\\/fr\\\/?s={search_term_string}\"},\"query-input\":{\"@type\":\"PropertyValueSpecification\",\"valueRequired\":true,\"valueName\":\"search_term_string\"}}],\"inLanguage\":\"fr-FR\"},{\"@type\":\"Organization\",\"@id\":\"https:\\\/\\\/www.integra-sitek.ch\\\/fr\\\/#organization\",\"name\":\"INTEGRA Sitek AG\",\"url\":\"https:\\\/\\\/www.integra-sitek.ch\\\/fr\\\/\",\"logo\":{\"@type\":\"ImageObject\",\"inLanguage\":\"fr-FR\",\"@id\":\"https:\\\/\\\/www.integra-sitek.ch\\\/fr\\\/#\\\/schema\\\/logo\\\/image\\\/\",\"url\":\"https:\\\/\\\/www.integra-sitek.ch\\\/wp-content\\\/uploads\\\/2023\\\/03\\\/integra-sitek-logo.svg\",\"contentUrl\":\"https:\\\/\\\/www.integra-sitek.ch\\\/wp-content\\\/uploads\\\/2023\\\/03\\\/integra-sitek-logo.svg\",\"width\":154,\"height\":43,\"caption\":\"INTEGRA Sitek AG\"},\"image\":{\"@id\":\"https:\\\/\\\/www.integra-sitek.ch\\\/fr\\\/#\\\/schema\\\/logo\\\/image\\\/\"},\"sameAs\":[\"https:\\\/\\\/ch.linkedin.com\\\/company\\\/integra-sitek-ag\"]}]}<\/script>\n<!-- \/ Yoast SEO Premium plugin. -->","yoast_head_json":{"title":"Instruments de mesure - INTEGRA Sitek AG","robots":{"index":"index","follow":"follow","max-snippet":"max-snippet:-1","max-image-preview":"max-image-preview:large","max-video-preview":"max-video-preview:-1"},"canonical":"https:\/\/www.integra-sitek.ch\/fr\/qualite\/instruments-de-mesure\/","og_locale":"fr_FR","og_type":"article","og_title":"Instruments de mesure","og_description":"Nos instruments de mesure sontr\u00e9guli\u00e8rement calibr\u00e9s et certifi\u00e9s INSTRUMENTS DE MESURE Dans nos salles de mesure climatis\u00e9es, nous misons sur les appareils de mesure optiques de Keyence pour le contr\u00f4le du premier \u00e9chantillon et le contr\u00f4le pendant la production. En plus...","og_url":"https:\/\/www.integra-sitek.ch\/fr\/qualite\/instruments-de-mesure\/","og_site_name":"INTEGRA Sitek AG","article_modified_time":"2024-06-12T10:45:00+00:00","og_image":[{"url":"https:\/\/www.integra-sitek.ch\/wp-content\/uploads\/2023\/09\/2022-02-17-sitek-ag-bilder-geschaeftsbericht-13568-1024x683.jpg","type":"","width":"","height":""}],"twitter_card":"summary_large_image","twitter_misc":{"Dur\u00e9e de lecture estim\u00e9e":"1 minute"},"schema":{"@context":"https:\/\/schema.org","@graph":[{"@type":"WebPage","@id":"https:\/\/www.integra-sitek.ch\/fr\/qualite\/instruments-de-mesure\/","url":"https:\/\/www.integra-sitek.ch\/fr\/qualite\/instruments-de-mesure\/","name":"Instruments de mesure - INTEGRA Sitek AG","isPartOf":{"@id":"https:\/\/www.integra-sitek.ch\/fr\/#website"},"primaryImageOfPage":{"@id":"https:\/\/www.integra-sitek.ch\/fr\/qualite\/instruments-de-mesure\/#primaryimage"},"image":{"@id":"https:\/\/www.integra-sitek.ch\/fr\/qualite\/instruments-de-mesure\/#primaryimage"},"thumbnailUrl":"https:\/\/www.integra-sitek.ch\/wp-content\/uploads\/2023\/09\/2022-02-17-sitek-ag-bilder-geschaeftsbericht-13568-1024x683.jpg","datePublished":"2023-04-12T08:00:17+00:00","dateModified":"2024-06-12T10:45:00+00:00","breadcrumb":{"@id":"https:\/\/www.integra-sitek.ch\/fr\/qualite\/instruments-de-mesure\/#breadcrumb"},"inLanguage":"fr-FR","potentialAction":[{"@type":"ReadAction","target":["https:\/\/www.integra-sitek.ch\/fr\/qualite\/instruments-de-mesure\/"]}]},{"@type":"ImageObject","inLanguage":"fr-FR","@id":"https:\/\/www.integra-sitek.ch\/fr\/qualite\/instruments-de-mesure\/#primaryimage","url":"https:\/\/www.integra-sitek.ch\/wp-content\/uploads\/2023\/09\/2022-02-17-sitek-ag-bilder-geschaeftsbericht-13568-1024x683.jpg","contentUrl":"https:\/\/www.integra-sitek.ch\/wp-content\/uploads\/2023\/09\/2022-02-17-sitek-ag-bilder-geschaeftsbericht-13568-1024x683.jpg"},{"@type":"BreadcrumbList","@id":"https:\/\/www.integra-sitek.ch\/fr\/qualite\/instruments-de-mesure\/#breadcrumb","itemListElement":[{"@type":"ListItem","position":1,"name":"Start","item":"https:\/\/www.integra-sitek.ch\/fr\/"},{"@type":"ListItem","position":2,"name":"Qualit\u00e9","item":"https:\/\/www.integra-sitek.ch\/fr\/qualite\/"},{"@type":"ListItem","position":3,"name":"Instruments de mesure"}]},{"@type":"WebSite","@id":"https:\/\/www.integra-sitek.ch\/fr\/#website","url":"https:\/\/www.integra-sitek.ch\/fr\/","name":"INTEGRA Sitek AG","description":"Metalldrehteile, Kunststoffspritzgussteile, Baugruppen, Hybridkomponenten, Spritzgiessen, D\u00e9colletage, Montage","publisher":{"@id":"https:\/\/www.integra-sitek.ch\/fr\/#organization"},"potentialAction":[{"@type":"SearchAction","target":{"@type":"EntryPoint","urlTemplate":"https:\/\/www.integra-sitek.ch\/fr\/?s={search_term_string}"},"query-input":{"@type":"PropertyValueSpecification","valueRequired":true,"valueName":"search_term_string"}}],"inLanguage":"fr-FR"},{"@type":"Organization","@id":"https:\/\/www.integra-sitek.ch\/fr\/#organization","name":"INTEGRA Sitek AG","url":"https:\/\/www.integra-sitek.ch\/fr\/","logo":{"@type":"ImageObject","inLanguage":"fr-FR","@id":"https:\/\/www.integra-sitek.ch\/fr\/#\/schema\/logo\/image\/","url":"https:\/\/www.integra-sitek.ch\/wp-content\/uploads\/2023\/03\/integra-sitek-logo.svg","contentUrl":"https:\/\/www.integra-sitek.ch\/wp-content\/uploads\/2023\/03\/integra-sitek-logo.svg","width":154,"height":43,"caption":"INTEGRA Sitek AG"},"image":{"@id":"https:\/\/www.integra-sitek.ch\/fr\/#\/schema\/logo\/image\/"},"sameAs":["https:\/\/ch.linkedin.com\/company\/integra-sitek-ag"]}]}},"_links":{"self":[{"href":"https:\/\/www.integra-sitek.ch\/fr\/wp-json\/wp\/v2\/pages\/22870","targetHints":{"allow":["GET"]}}],"collection":[{"href":"https:\/\/www.integra-sitek.ch\/fr\/wp-json\/wp\/v2\/pages"}],"about":[{"href":"https:\/\/www.integra-sitek.ch\/fr\/wp-json\/wp\/v2\/types\/page"}],"author":[{"embeddable":true,"href":"https:\/\/www.integra-sitek.ch\/fr\/wp-json\/wp\/v2\/users\/1"}],"replies":[{"embeddable":true,"href":"https:\/\/www.integra-sitek.ch\/fr\/wp-json\/wp\/v2\/comments?post=22870"}],"version-history":[{"count":4,"href":"https:\/\/www.integra-sitek.ch\/fr\/wp-json\/wp\/v2\/pages\/22870\/revisions"}],"predecessor-version":[{"id":23378,"href":"https:\/\/www.integra-sitek.ch\/fr\/wp-json\/wp\/v2\/pages\/22870\/revisions\/23378"}],"up":[{"embeddable":true,"href":"https:\/\/www.integra-sitek.ch\/fr\/wp-json\/wp\/v2\/pages\/22863"}],"wp:attachment":[{"href":"https:\/\/www.integra-sitek.ch\/fr\/wp-json\/wp\/v2\/media?parent=22870"}],"curies":[{"name":"wp","href":"https:\/\/api.w.org\/{rel}","templated":true}]}}